{"id":106125,"date":"2023-10-02T09:42:03","date_gmt":"2023-10-02T09:42:03","guid":{"rendered":"https:\/\/moto-oprema.com\/Artikel\/hjc-smart-sena-11b-kommunikation\/"},"modified":"2023-10-02T09:42:03","modified_gmt":"2023-10-02T09:42:03","slug":"hjc-smart-sena-11b-kommunikation","status":"publish","type":"product","link":"https:\/\/moto-oprema.com\/de\/Artikel\/hjc-smart-sena-11b-kommunikation\/","title":{"rendered":"HJC SMART SENA 11B KOMMUNIKATION"},"content":{"rendered":"<p>Das Modell SMART von HJC mit seinem grundlegenden Bluetooth-Kommunikationssystem der zweiten Generation implementiert ein All-in-One-Design, das vollst\u00e4ndig in den Helm integriert ist, so dass Sie w\u00e4hrend der Fahrt die optimale Balance zwischen Gewicht und aerodynamischer Leistung sp\u00fcren k\u00f6nnen. Es basiert auf dem BT5.1-System mit extrem niedrigem Stromverbrauch und Zwei-Wege-Bluetooth-Gegensprechfunktionen. <\/p>\n<p>Zu den verbesserten Funktionen des Audiosystems geh\u00f6ren Audio-Multitasking, Audio-Equalizer, erweiterte Ger\u00e4uschunterdr\u00fcckung und mehr.<\/p>\n<p>Die zweite Generation des SMART HJC ist au\u00dferdem mit HD-Lautsprechern ausgestattet, die den Klang der mittleren B\u00e4sse bereichern.<\/p>\n<p>Kann an HJC-Modelle angepasst werden:<\/p>\n<ul>\n<li>RPHA 71 UND RPHA 71 KOHLENSTOFF<\/li>\n<li>RPHA 91 UND RPHA 91 KOHLENSTOFF<\/li>\n<li>RPHA31<\/li>\n<li>F71 UND F71 CARBON<\/li>\n<li>F31<\/li>\n<li>i71<\/li>\n<li>i91<\/li>\n<\/ul>\n","protected":false},"excerpt":{"rendered":"<p>Das HJC Smart Sena 11B ist ein Bluetooth-Kommunikationssystem, das speziell f\u00fcr HJC-Helme entwickelt wurde.<\/p>\n","protected":false},"featured_media":22748,"comment_status":"open","ping_status":"open","template":"","meta":{"_acf_changed":false},"brand":[2131],"gender":[],"product_brand":[],"product_cat":[1357,1360,2064],"product_tag":[],"class_list":{"0":"post-106125","1":"product","2":"type-product","3":"status-publish","4":"has-post-thumbnail","6":"brand-hjc-de","7":"product_cat-ausrustung-fur-motorradfahrer","8":"product_cat-helme","9":"product_cat-kommunikation","11":"first","12":"onbackorder","13":"taxable","14":"shipping-taxable","15":"purchasable","16":"product-type-simple"},"acf":[],"_links":{"self":[{"href":"https:\/\/moto-oprema.com\/de\/wp-json\/wp\/v2\/product\/106125","targetHints":{"allow":["GET"]}}],"collection":[{"href":"https:\/\/moto-oprema.com\/de\/wp-json\/wp\/v2\/product"}],"about":[{"href":"https:\/\/moto-oprema.com\/de\/wp-json\/wp\/v2\/types\/product"}],"replies":[{"embeddable":true,"href":"https:\/\/moto-oprema.com\/de\/wp-json\/wp\/v2\/comments?post=106125"}],"wp:featuredmedia":[{"embeddable":true,"href":"https:\/\/moto-oprema.com\/de\/wp-json\/wp\/v2\/media\/22748"}],"wp:attachment":[{"href":"https:\/\/moto-oprema.com\/de\/wp-json\/wp\/v2\/media?parent=106125"}],"wp:term":[{"taxonomy":"brand","embeddable":true,"href":"https:\/\/moto-oprema.com\/de\/wp-json\/wp\/v2\/brand?post=106125"},{"taxonomy":"gender","embeddable":true,"href":"https:\/\/moto-oprema.com\/de\/wp-json\/wp\/v2\/gender?post=106125"},{"taxonomy":"product_brand","embeddable":true,"href":"https:\/\/moto-oprema.com\/de\/wp-json\/wp\/v2\/product_brand?post=106125"},{"taxonomy":"product_cat","embeddable":true,"href":"https:\/\/moto-oprema.com\/de\/wp-json\/wp\/v2\/product_cat?post=106125"},{"taxonomy":"product_tag","embeddable":true,"href":"https:\/\/moto-oprema.com\/de\/wp-json\/wp\/v2\/product_tag?post=106125"}],"curies":[{"name":"wp","href":"https:\/\/api.w.org\/{rel}","templated":true}]}}