{"id":106066,"date":"2023-09-29T08:11:14","date_gmt":"2023-09-29T08:11:14","guid":{"rendered":"https:\/\/moto-oprema.com\/Artikel\/alpinestars-superfaster-schuhe-schwarz-rot-weiss\/"},"modified":"2023-09-29T08:11:14","modified_gmt":"2023-09-29T08:11:14","slug":"alpinestars-superfaster-schuhe-schwarz-rot-weiss","status":"publish","type":"product","link":"https:\/\/moto-oprema.com\/de\/Artikel\/alpinestars-superfaster-schuhe-schwarz-rot-weiss\/","title":{"rendered":"ALPINESTARS SUPERFASTER SCHUHE SCHWARZ ROT WEISS"},"content":{"rendered":"<p>Die Superfaster Tech Motorradstiefel bieten stiefel\u00e4hnlichen Komfort und stiefel\u00e4hnlichen Schutz und sind etwa 25 cm hoch. Sie bieten dem Fahrer eine bessere Gesamtabdeckung und, was noch wichtiger ist, einen ausgekl\u00fcgelteren Schutz wie einen integrierten Aufprallschutz am unteren Schienbein sowie ein neues, halbstarres internes Kn\u00f6chelst\u00fctzsystem mit Kn\u00f6chelaufprallschutz und Achillesverl\u00e4ngerungsschutz. Zus\u00e4tzlicher Schutz im oberen Teil des Superfaster wird durch doppelt gespritzte Kn\u00f6chelscheiben, TPR-Seiteneins\u00e4tze am Au\u00dfenkn\u00f6chel, eine verst\u00e4rkte TPU-Fersenkappe und einen TPR-beschichteten Zehenrahmen mit Verst\u00e4rkung am Zehenseitenschieber geboten. Die Sohle selbst verf\u00fcgt \u00fcber eine Zwischensohle mit Alpinestars TPF-Querschutz, die aus verschiedenen Schutzschichten besteht, um zu verhindern, dass der Fu\u00df in die falsche Richtung abknickt. Au\u00dferdem bietet sie weichen PU-Schaum, ein EVA-Fersenpolster und ein herausnehmbares und atmungsaktives Polster mit einer OrthoLite\u00ae-Einlegesohle. Der Superfaster bietet ganzt\u00e4gigen Schutz beim Fahren und ganzt\u00e4gigen Komfort beim Gehen und Stehen. Der Rest des Superfaster besteht aus fortschrittlichen Mikrofaser- und Rideknit\u00ae-Paneelen mit nahtlosen, hitzeverschwei\u00dften Teilen und sitzt mit einem Schnellverschluss-System und einer langen Rei\u00dfverschluss\u00f6ffnung in der Mitte der Seite sicher am Fu\u00df des Reiters. Das Gesamtdesign bietet au\u00dferdem einen designten Flexpunkt f\u00fcr Bewegungsfreiheit mit einer vorgeformten<br \/>\nVorfu\u00dfkonstruktion f\u00fcr Fahrkomfort und ein niedriges Gesamtprofil, so dass der Superfaster problemlos unter jede Hose passt.<br \/>\nDer Superfaster sieht aus wie ein Alpinestars Turnschuh in Jeans und f\u00fchlt sich dank der neuen Au\u00dfensohle an wie Ihr Lieblings-Walking-Sneaker. Dar\u00fcber hinaus sch\u00fctzt der Superfaster mit seiner hohen H\u00f6he und vollen Abdeckung wie ein echter Stiefel und bietet einen stilvollen Look<br \/>\nmit \u00fcberlegenem Schutz und Komfort.<br \/>\nHochentwickelte Mikrofaser- und Rideknit\u00ae-Paneele mit nahtlosen, hei\u00dfgeschwei\u00dften Teilen.<br \/>\nSchnelle Volumenanpassung mit Spitze kombiniert mit einem langen zentralen Rei\u00dfverschluss.<br \/>\nTPR-Verst\u00e4rkungen und TPU-Ferse.<br \/>\nSpeziell entwickelter Flex Point f\u00fcr Bewegungsfreiheit mit vorgekr\u00fcmmter Konstruktion f\u00fcr Fahrkomfort.<br \/>\nOrthoLite\u00ae Einlagen.<br \/>\nFersenpolster.<br \/>\nEntwickeltes TPF-Panel f\u00fcr Flexibilit\u00e4t an der Vorderseite.<br \/>\nIntegrierte PU-Zwischensohle im Fersenbereich.<br \/>\nExklusive neue Gummisohle von Alpinestars.<br \/>\nLaufrolle und asymmetrische Fersenform f\u00fcr Stabilit\u00e4t beim Gehen.<br \/>\nFersenf\u00f6rmige Fu\u00dfst\u00fctze und spezieller Griff.<br \/>\nInnenkn\u00f6chelorthese mit Kn\u00f6chelschutz und erweiterter Achillessehnenabdeckung.<br \/>\nAufprallschutz f\u00fcr das untere Schienbein, integriert in der Zunge.<br \/>\nMediale Anti-Perforationsplatte mit Verst\u00e4rkung im Offset-Bereich.<br \/>\nExterne TPR-Verst\u00e4rkung und TPF-Einsatz.<br \/>\nGem\u00e4\u00df der europ\u00e4ischen Gesetzgebung ist die CE-Kennzeichnung eine Konformit\u00e4tsbedingung f\u00fcr die Vermarktung dieses Produkts.<br \/>\nEs gelten die folgenden Normen:CE EN13634:2017.<\/p>\n","protected":false},"excerpt":{"rendered":"<p>Farbe: Schwarz &#8211; Rot &#8211; Wei\u00df<\/p>\n","protected":false},"featured_media":22689,"comment_status":"open","ping_status":"closed","template":"","meta":{"_acf_changed":false},"brand":[2111],"gender":[2168],"product_brand":[],"product_cat":[1357,2043,2044],"product_tag":[],"class_list":{"0":"post-106066","1":"product","2":"type-product","3":"status-publish","4":"has-post-thumbnail","6":"brand-alpinestars-de","7":"gender-moski-de","8":"product_cat-ausrustung-fur-motorradfahrer","9":"product_cat-schuhe","10":"product_cat-urbanes-schuhwerk","11":"pa_velikost-skornji-10-de","12":"pa_velikost-skornji-10-5-de","13":"pa_velikost-skornji-11-de","14":"pa_velikost-skornji-11-5-de","15":"pa_velikost-skornji-12-de","16":"pa_velikost-skornji-12-5-de","17":"pa_velikost-skornji-13-de","18":"pa_velikost-skornji-13-5-de","19":"pa_velikost-skornji-7-5-de","20":"pa_velikost-skornji-8-de","21":"pa_velikost-skornji-8-5-de","22":"pa_velikost-skornji-9-de","23":"pa_velikost-skornji-9-5-de","25":"first","26":"instock","27":"taxable","28":"shipping-taxable","29":"purchasable","30":"product-type-variable"},"acf":[],"_links":{"self":[{"href":"https:\/\/moto-oprema.com\/de\/wp-json\/wp\/v2\/product\/106066","targetHints":{"allow":["GET"]}}],"collection":[{"href":"https:\/\/moto-oprema.com\/de\/wp-json\/wp\/v2\/product"}],"about":[{"href":"https:\/\/moto-oprema.com\/de\/wp-json\/wp\/v2\/types\/product"}],"replies":[{"embeddable":true,"href":"https:\/\/moto-oprema.com\/de\/wp-json\/wp\/v2\/comments?post=106066"}],"wp:featuredmedia":[{"embeddable":true,"href":"https:\/\/moto-oprema.com\/de\/wp-json\/wp\/v2\/media\/22689"}],"wp:attachment":[{"href":"https:\/\/moto-oprema.com\/de\/wp-json\/wp\/v2\/media?parent=106066"}],"wp:term":[{"taxonomy":"brand","embeddable":true,"href":"https:\/\/moto-oprema.com\/de\/wp-json\/wp\/v2\/brand?post=106066"},{"taxonomy":"gender","embeddable":true,"href":"https:\/\/moto-oprema.com\/de\/wp-json\/wp\/v2\/gender?post=106066"},{"taxonomy":"product_brand","embeddable":true,"href":"https:\/\/moto-oprema.com\/de\/wp-json\/wp\/v2\/product_brand?post=106066"},{"taxonomy":"product_cat","embeddable":true,"href":"https:\/\/moto-oprema.com\/de\/wp-json\/wp\/v2\/product_cat?post=106066"},{"taxonomy":"product_tag","embeddable":true,"href":"https:\/\/moto-oprema.com\/de\/wp-json\/wp\/v2\/product_tag?post=106066"}],"curies":[{"name":"wp","href":"https:\/\/api.w.org\/{rel}","templated":true}]}}