{"id":105991,"date":"2023-09-27T08:33:08","date_gmt":"2023-09-27T08:33:08","guid":{"rendered":"https:\/\/moto-oprema.com\/Artikel\/alpinestars-t-sp-r-drystar-hose-schwarz\/"},"modified":"2023-09-27T08:33:08","modified_gmt":"2023-09-27T08:33:08","slug":"alpinestars-t-sp-r-drystar-hose-schwarz","status":"publish","type":"product","link":"https:\/\/moto-oprema.com\/de\/Artikel\/alpinestars-t-sp-r-drystar-hose-schwarz\/","title":{"rendered":"ALPINESTARS T-SP R DRYSTAR HOSE SCHWARZ"},"content":{"rendered":"<p>Inspiriert von Renn- und Sportlederhosen, aber in einer textilen, dehnbaren und wasserdichten Konstruktion, schafft die T-SP R Drystar\u00ae Hose eine ganz neue Kategorie f\u00fcr sportliche und sportliche Reiter. Die T-SP R Drystar\u00ae Shorts wurde f\u00fcr einen hohen Nutzwert und Funktionalit\u00e4t bei einer Vielzahl von Klimabedingungen und f\u00fcr die Verwendung mit einer Vielzahl von Reitstiefeln und -schuhen entwickelt. Sie bietet ein hohes Ma\u00df an Funktionalit\u00e4t<br \/>\nClimate Control, einschlie\u00dflich einer wasserdichten und atmungsaktiven Drystar\u00ae-Membran, einer herausnehmbaren Thermohose mit 100g Isolierung und Stretcheins\u00e4tzen sowie direkten Bel\u00fcftungs\u00f6ffnungen an den Oberschenkeln.<br \/>\nDie Konstruktion der T-SP R Drystar\u00ae Shorts besteht aus einem 600D-Polygewebe mit gro\u00dfen, strategisch platzierten Stretch-Softshell-Eins\u00e4tzen und 450D-Polygewebe-Eins\u00e4tzen an den Oberschenkeln und Schienbeinen. Die Hose hat eine ergonomische Kn\u00f6chelkonstruktion, die in einen Stiefel, \u00fcber einen Stiefel oder \u00fcber ein Paar Reitstiefel passt, was sie f\u00fcr die Bed\u00fcrfnisse des Reiters \u00e4u\u00dferst praktisch macht. Der hintere Beineinsatz<br \/>\nExtension erm\u00f6glicht eine Passform \u00fcber dem Stiefel und eine verstellbare Passform.<br \/>\nZum Schutz ist die T-SP R Drystar\u00ae Hose mit DFS Lite Knieschleifern mit schwimmend verl\u00e4ngertem Knie und oberem Schienbein CE Grade 1 GP Schutz ausgestattet. Nucleon Seitenpanzertaschen sind auch separat erh\u00e4ltlich. Die Hose bietet au\u00dferdem einen \u00e4u\u00dferst praktischen und sicheren Taillenverschluss mit Magnetschnalle sowie eine wasserdichte Tasche und eine Schnellzugriffstasche. Die T-SP R Drystar\u00ae Hose ist die perfekte Erg\u00e4nzung zum T-SP R Drystar\u00ae Anzug mit unserem Angebot an wasserdichten Sportjacken, einschlie\u00dflich der T-GP-R V3 Drystar\u00ae und T-SP-1 V2 Jacken.      <\/p>\n<p>Rennsport-Textilhose mit einer ma\u00dfgeschneiderten, sportlichen Silhouette aus einem modernen Stretchgewebe, die einen modernen Look mit subtilen Details bietet.<br \/>\nStretch-Softshell-Eins\u00e4tze sorgen f\u00fcr mehr Flexibilit\u00e4t und Bewegungsfreiheit.<br \/>\nDFS Lite Knie mit verl\u00e4ngerter und vorgeformter GP-R Lite Rennpassform f\u00fcr erweiterten Aufprallschutz und ergonomisches Design.<br \/>\nDie wasserdichte und atmungsaktive Drystar\u00ae-Membran h\u00e4lt Sie trocken.<br \/>\nHerausnehmbare Thermo-Shorts f\u00fcr W\u00e4rme an den vorderen Oberschenkeln.<br \/>\nDirekte Bel\u00fcftungs\u00f6ffnung f\u00fcr die Klimakontrolle.<br \/>\nMagnetischer Schnallenverschluss an der Taille.<br \/>\nWasserdichter Beutel und Tasche f\u00fcr schnellen Zugriff.<br \/>\nErgonomische Kn\u00f6chelkonstruktion, die in den Stiefel, \u00fcber den Stiefel und \u00fcber Reitstiefel passt.<br \/>\nVerl\u00e4ngerung am hinteren Bein, die \u00fcber den Stiefel passt.<br \/>\nSchwimmende Schienbeinpanzerung f\u00fcr den Einbau der Panzerung in den Stiefel, w\u00e4hrend die wasserdichte H\u00fclle \u00fcber dem Stiefel bleibt.<br \/>\nErweiterbar mit dem Nucleon Flex H\u00fcftpanzer, separat erh\u00e4ltlich.<br \/>\nGem\u00e4\u00df der europ\u00e4ischen Gesetzgebung ist die CE-Kennzeichnung eine Konformit\u00e4tsbedingung f\u00fcr die Vermarktung dieses Produkts. Die<br \/>\nDie folgenden Normen gelten f\u00fcr dieses Produkt: CE-zertifiziert, Kategorie II, EN 17092-4:2020, Klasse A.<br \/>\nCE-Stufe 1 EN 1621-1:2012 GP erweiterter Knie- und oberer Schienbeinschutz. <\/p>\n<p>&nbsp;<\/p>\n","protected":false},"excerpt":{"rendered":"<p>Inspiriert von Renn- und Sportlederhosen, aber in einer textilen, dehnbaren und wasserdichten Konstruktion, schafft die T-SP&#8230;<\/p>\n","protected":false},"featured_media":22663,"comment_status":"open","ping_status":"open","template":"","meta":{"_acf_changed":false},"brand":[2111],"gender":[],"product_brand":[],"product_cat":[1357,2189,2211],"product_tag":[],"class_list":{"0":"post-105991","1":"product","2":"type-product","3":"status-publish","4":"has-post-thumbnail","6":"brand-alpinestars-de","7":"product_cat-ausrustung-fur-motorradfahrer","8":"product_cat-hose","9":"product_cat-textil-hose","10":"pa_size-l-de","11":"pa_size-m-de","12":"pa_size-s-de","13":"pa_size-xl-de","14":"pa_size-xxl-de","15":"pa_size-xxxl-de","17":"first","18":"instock","19":"taxable","20":"shipping-taxable","21":"purchasable","22":"product-type-variable"},"acf":[],"_links":{"self":[{"href":"https:\/\/moto-oprema.com\/de\/wp-json\/wp\/v2\/product\/105991","targetHints":{"allow":["GET"]}}],"collection":[{"href":"https:\/\/moto-oprema.com\/de\/wp-json\/wp\/v2\/product"}],"about":[{"href":"https:\/\/moto-oprema.com\/de\/wp-json\/wp\/v2\/types\/product"}],"replies":[{"embeddable":true,"href":"https:\/\/moto-oprema.com\/de\/wp-json\/wp\/v2\/comments?post=105991"}],"wp:featuredmedia":[{"embeddable":true,"href":"https:\/\/moto-oprema.com\/de\/wp-json\/wp\/v2\/media\/22663"}],"wp:attachment":[{"href":"https:\/\/moto-oprema.com\/de\/wp-json\/wp\/v2\/media?parent=105991"}],"wp:term":[{"taxonomy":"brand","embeddable":true,"href":"https:\/\/moto-oprema.com\/de\/wp-json\/wp\/v2\/brand?post=105991"},{"taxonomy":"gender","embeddable":true,"href":"https:\/\/moto-oprema.com\/de\/wp-json\/wp\/v2\/gender?post=105991"},{"taxonomy":"product_brand","embeddable":true,"href":"https:\/\/moto-oprema.com\/de\/wp-json\/wp\/v2\/product_brand?post=105991"},{"taxonomy":"product_cat","embeddable":true,"href":"https:\/\/moto-oprema.com\/de\/wp-json\/wp\/v2\/product_cat?post=105991"},{"taxonomy":"product_tag","embeddable":true,"href":"https:\/\/moto-oprema.com\/de\/wp-json\/wp\/v2\/product_tag?post=105991"}],"curies":[{"name":"wp","href":"https:\/\/api.w.org\/{rel}","templated":true}]}}