{"id":105935,"date":"2023-09-13T09:41:13","date_gmt":"2023-09-13T09:41:13","guid":{"rendered":"https:\/\/moto-oprema.com\/Artikel\/shoei-nxr2-capriccio-tc-1\/"},"modified":"2023-09-13T09:41:13","modified_gmt":"2023-09-13T09:41:13","slug":"shoei-nxr2-capriccio-tc-1","status":"publish","type":"product","link":"https:\/\/moto-oprema.com\/de\/Artikel\/shoei-nxr2-capriccio-tc-1\/","title":{"rendered":"SHOEI NXR2 CAPRICCIO TC-1"},"content":{"rendered":"<p>Shoei NXR 2 Helm<\/p>\n<p>Der NXR 2 vereint die wesentlichen Merkmale eines sportlichen Stra\u00dfenhelms. Fokussiert und leistungsstark.  Er b\u00fcndelt das gesamte Wissen von Shoei in der fortschrittlichen Helmentwicklung. Erleben Sie pure Leistung! <\/p>\n<p>Merkmale:<\/p>\n<p>Helmschale aus AIM+: &#8222;Organic Fiber&#8220;, &#8222;Multifiber&#8220; und &#8222;High Performance Organic Fiber&#8220; in verschiedenen Schichten f\u00fcr eine sto\u00dfd\u00e4mpfende Schale mit optimaler Steifigkeit<br \/>\nMehrteiliges modulares Styroporkernsystem: optimaler Schutz durch Styroporkernelemente mit unterschiedlichen D\u00e4mpfungsstufen<br \/>\nRostfreies CWR-F2 Pinlock Visier: 2-dimensionales Design<br \/>\nDoppel-D-Verschluss: einfach zu bedienen \/ immer perfekt eingestellt<br \/>\nE.Q.R.S. Sicherheitssystem: Emergency Quick Release System \/ vereinfacht die Helmabnahme im Notfall<br \/>\n4 verschiedene Helmau\u00dfenschalen: f\u00fcr optimalen Sitz und kompakteste Gr\u00f6\u00dfe<br \/>\nAbnehmbares und waschbares 3D-Wangenband: f\u00fcr optimalen Sitz und einfache Reinigung<br \/>\nAbnehmbare und waschbare modulare Mittelauflage: erm\u00f6glicht individuelle Anpassung und einfache Reinigung<br \/>\nAbnehmbarer und waschbarer Kinnriemenbezug: f\u00fcr bessere Pflege<br \/>\nInnovatives Wangenknochen-Bel\u00fcftungssystem: aktive Bel\u00fcftung im unteren Teil des Helms<br \/>\nintegrierter Spoiler<br \/>\nbereit f\u00fcr die Gegensprechanlage<br \/>\nkompaktes, fortschrittliches Design<br \/>\nleicht und widerstandsf\u00e4hig<br \/>\nEffektive L\u00e4rmreduzierung<br \/>\nMehrfachbe- und -entl\u00fcftung, 6 Einl\u00e4sse an Stirn und Kinn, 4 Ausl\u00e4sse an Nacken und Hals<br \/>\nVorderer Verriegelungsmechanismus mit schneller und einfacher Bedienung<br \/>\nOptimierte Pinlock-Position, au\u00dfer Sichtweite<br \/>\nentwickelt im Windkanal von Shoei<br \/>\n6% weniger Auftrieb im Vergleich zu NXR<br \/>\n4 % geringerer Luftwiderstand im Vergleich zu NXR<br \/>\nDas D\u00e4mpfungssystem von Shoei erm\u00f6glicht eine perfekte Passform, da jede Komponente in der optimalen Gr\u00f6\u00dfe ausgew\u00e4hlt werden kann<\/p>\n<p>Technische Daten:<\/p>\n<p>Gr\u00f6\u00dfen: XXS &#8211; XXL<br \/>\nHelmgr\u00f6\u00dfen: 4 (XXS &#8211; S, M, L, XL &#8211; XXL)<br \/>\nVerschluss: Doppel-D<br \/>\nVisierart: CWR-F2 Pinlock bereit<br \/>\nGewicht: 1390g (+\/- 50g)<br \/>\nECE 22.06<\/p>\n<p>Enthalten:<\/p>\n<p>1 x Shoei Helm<br \/>\n1 x Pinlock Scheibe<br \/>\n1 x Luftabweiser<br \/>\n1 x Windabweiser<br \/>\n1 x Silikon\u00f6l<br \/>\n1 x Helmtasche<\/p>\n","protected":false},"excerpt":{"rendered":"<p>NXR2 CAPRICCIO TC-1 Erste Auslieferung Oktober 2023!!!<\/p>\n","protected":false},"featured_media":22157,"comment_status":"open","ping_status":"open","template":"","meta":{"_acf_changed":false},"brand":[2126],"gender":[2173],"product_brand":[],"product_cat":[1357,1360,1361],"product_tag":[],"class_list":{"0":"post-105935","1":"product","2":"type-product","3":"status-publish","4":"has-post-thumbnail","6":"brand-shoei-de","7":"gender-unisex-de","8":"product_cat-ausrustung-fur-motorradfahrer","9":"product_cat-helme","10":"product_cat-integral","11":"pa_size-l-de","12":"pa_size-m-de","13":"pa_size-s-de","14":"pa_size-xl-de","15":"pa_size-xs-de","16":"pa_size-xxl-de","18":"first","19":"onbackorder","20":"taxable","21":"shipping-taxable","22":"purchasable","23":"product-type-variable"},"acf":[],"_links":{"self":[{"href":"https:\/\/moto-oprema.com\/de\/wp-json\/wp\/v2\/product\/105935","targetHints":{"allow":["GET"]}}],"collection":[{"href":"https:\/\/moto-oprema.com\/de\/wp-json\/wp\/v2\/product"}],"about":[{"href":"https:\/\/moto-oprema.com\/de\/wp-json\/wp\/v2\/types\/product"}],"replies":[{"embeddable":true,"href":"https:\/\/moto-oprema.com\/de\/wp-json\/wp\/v2\/comments?post=105935"}],"wp:featuredmedia":[{"embeddable":true,"href":"https:\/\/moto-oprema.com\/de\/wp-json\/wp\/v2\/media\/22157"}],"wp:attachment":[{"href":"https:\/\/moto-oprema.com\/de\/wp-json\/wp\/v2\/media?parent=105935"}],"wp:term":[{"taxonomy":"brand","embeddable":true,"href":"https:\/\/moto-oprema.com\/de\/wp-json\/wp\/v2\/brand?post=105935"},{"taxonomy":"gender","embeddable":true,"href":"https:\/\/moto-oprema.com\/de\/wp-json\/wp\/v2\/gender?post=105935"},{"taxonomy":"product_brand","embeddable":true,"href":"https:\/\/moto-oprema.com\/de\/wp-json\/wp\/v2\/product_brand?post=105935"},{"taxonomy":"product_cat","embeddable":true,"href":"https:\/\/moto-oprema.com\/de\/wp-json\/wp\/v2\/product_cat?post=105935"},{"taxonomy":"product_tag","embeddable":true,"href":"https:\/\/moto-oprema.com\/de\/wp-json\/wp\/v2\/product_tag?post=105935"}],"curies":[{"name":"wp","href":"https:\/\/api.w.org\/{rel}","templated":true}]}}