{"id":105927,"date":"2023-04-28T09:13:59","date_gmt":"2023-04-28T09:13:59","guid":{"rendered":"https:\/\/moto-oprema.com\/Artikel\/axxis-jet-helm-quadratisch-mattschwarz\/"},"modified":"2023-04-28T09:13:59","modified_gmt":"2023-04-28T09:13:59","slug":"axxis-jet-helm-quadratisch-mattschwarz","status":"publish","type":"product","link":"https:\/\/moto-oprema.com\/de\/Artikel\/axxis-jet-helm-quadratisch-mattschwarz\/","title":{"rendered":"AXXIS JET HELM QUADRATISCH MATTSCHWARZ"},"content":{"rendered":"<p>AXXIS SQUARE, Jet-Helm mit ECE-Zulassung. Entwickelt f\u00fcr den Einsatz in der Stadt, insbesondere f\u00fcr Leichtkraftr\u00e4der und Elektroroller. Leicht, komfortabel und sicher, ist der Axxis Square das perfekte Modell, um das gute Wetter mit Ihrem Motorrad zu genie\u00dfen. <\/p>\n<p>6 Gr\u00f6\u00dfen: XS &#8211; S &#8211; M &#8211; L &#8211; XL &#8211; 2XL<br \/>\nABS-Schale<br \/>\nECE<br \/>\nSchale 950 \u00b1 50 gr<br \/>\nOptisches Visier aus kratzfestem Polycarbonat<br \/>\nMT-V-15 Visier<br \/>\nSchnell und einfach abnehmbares Visier<br \/>\nMikrometrische Schnellverschlussschnalle<br \/>\nInnenseite aus Polystyrol mit hoher Dichte<br \/>\nAnti-Allergie-Gewebe<\/p>\n","protected":false},"excerpt":{"rendered":"<p>AXXIS SQUARE, Jet-Helm mit ECE-Zulassung. Entwickelt f\u00fcr den Einsatz in der Stadt, insbesondere f\u00fcr Leichtkraftr\u00e4der und&#8230;<\/p>\n","protected":false},"featured_media":105933,"comment_status":"open","ping_status":"closed","template":"","meta":{"_acf_changed":false},"brand":[2621],"gender":[],"product_brand":[],"product_cat":[1357,1360,2331],"product_tag":[],"class_list":{"0":"post-105927","1":"product","2":"type-product","3":"status-publish","4":"has-post-thumbnail","6":"brand-axxis-de","7":"product_cat-ausrustung-fur-motorradfahrer","8":"product_cat-helme","9":"product_cat-jet-de","10":"pa_size-l-de","11":"pa_size-m-de","12":"pa_size-s-de","13":"pa_size-xl-de","14":"pa_size-xs-de","15":"pa_size-xxl-de","17":"first","18":"instock","19":"taxable","20":"shipping-taxable","21":"purchasable","22":"product-type-variable"},"acf":[],"_links":{"self":[{"href":"https:\/\/moto-oprema.com\/de\/wp-json\/wp\/v2\/product\/105927","targetHints":{"allow":["GET"]}}],"collection":[{"href":"https:\/\/moto-oprema.com\/de\/wp-json\/wp\/v2\/product"}],"about":[{"href":"https:\/\/moto-oprema.com\/de\/wp-json\/wp\/v2\/types\/product"}],"replies":[{"embeddable":true,"href":"https:\/\/moto-oprema.com\/de\/wp-json\/wp\/v2\/comments?post=105927"}],"wp:featuredmedia":[{"embeddable":true,"href":"https:\/\/moto-oprema.com\/de\/wp-json\/wp\/v2\/media\/105933"}],"wp:attachment":[{"href":"https:\/\/moto-oprema.com\/de\/wp-json\/wp\/v2\/media?parent=105927"}],"wp:term":[{"taxonomy":"brand","embeddable":true,"href":"https:\/\/moto-oprema.com\/de\/wp-json\/wp\/v2\/brand?post=105927"},{"taxonomy":"gender","embeddable":true,"href":"https:\/\/moto-oprema.com\/de\/wp-json\/wp\/v2\/gender?post=105927"},{"taxonomy":"product_brand","embeddable":true,"href":"https:\/\/moto-oprema.com\/de\/wp-json\/wp\/v2\/product_brand?post=105927"},{"taxonomy":"product_cat","embeddable":true,"href":"https:\/\/moto-oprema.com\/de\/wp-json\/wp\/v2\/product_cat?post=105927"},{"taxonomy":"product_tag","embeddable":true,"href":"https:\/\/moto-oprema.com\/de\/wp-json\/wp\/v2\/product_tag?post=105927"}],"curies":[{"name":"wp","href":"https:\/\/api.w.org\/{rel}","templated":true}]}}