{"id":105863,"date":"2023-12-01T11:05:42","date_gmt":"2023-12-01T11:05:42","guid":{"rendered":"https:\/\/moto-oprema.com\/Artikel\/dainese-super-speed-perf-lederhose-schwarz-weiss-fluo-rot\/"},"modified":"2023-12-01T11:05:42","modified_gmt":"2023-12-01T11:05:42","slug":"dainese-super-speed-perf-lederhose-schwarz-weiss-fluo-rot","status":"publish","type":"product","link":"https:\/\/moto-oprema.com\/de\/Artikel\/dainese-super-speed-perf-lederhose-schwarz-weiss-fluo-rot\/","title":{"rendered":"DAINESE SUPER SPEED PERF. LEDERHOSE SCHWARZ WEISS FLUO ROT"},"content":{"rendered":"<p>Die Dainese Super Speed aus D-Skin Rindsleder ist die Motorradhose von Dainese, die mit der Super Speed 4 Jacke kombiniert werden kann und f\u00fcr Motorradfahrer gedacht ist, die gerne sportlich auf der Stra\u00dfe unterwegs sind.<\/p>\n<p>Das robuste Leder der Super Speed Hose wird durch das elastische S1-Gewebe und die elastischen Eins\u00e4tze erg\u00e4nzt &#8211; eine Kombination, die die Super Speed Hose extrem bequem und ergonomisch macht, ohne die hohen Schutzstandards zu vernachl\u00e4ssigen. F\u00fcr maximale Sicherheit sorgen Schutztechnologien, die von den Kleidungsst\u00fccken der MotoGP\u2122-Fahrer abgeleitet sind, wie z.B. die neuen Knieschleifer, die aus einer leichteren Konstruktion bestehen und dank des Replaceable Slider System (RSS) leicht austauschbar und an den Fahrstil anpassbar sind, ohne dass die Position des Klettverschlusses ver\u00e4ndert werden muss. Zertifizierte Composite-Knieschoner und Pro-Shape 2.0 weiche H\u00fcftpolster sorgen f\u00fcr Sto\u00dfd\u00e4mpfung.  <\/p>\n<p>Die Super Speed ist so konzipiert, dass sie mit Dainese Stiefeln mit &#8222;IN&#8220;-Konstruktion kombiniert werden kann, dank des Rei\u00dfverschlusses an der Wade und des Klettverschlusses an der Beinkante. Mit dem entsprechenden Rei\u00dfverschluss kann sie auch an der Jacke befestigt werden. <\/p>\n<p>Das atmungsaktive Mesh-Gewebe sorgt f\u00fcr maximalen W\u00e4rmekomfort auch bei h\u00f6chsten Temperaturen, so dass die Super Speed Hose auch f\u00fcr Motorradtouren im Sommer geeignet ist.<\/p>\n<p>Zusammensetzung des Rohmaterials: 100% Tutu-Rindsleder<\/p>\n","protected":false},"excerpt":{"rendered":"<p>Die Dainese Super Speed aus D-Skin Rindsleder ist die Motorradhose von Dainese, die mit der Super&#8230;<\/p>\n","protected":false},"featured_media":24419,"comment_status":"open","ping_status":"open","template":"","meta":{"_acf_changed":false},"brand":[2113],"gender":[],"product_brand":[],"product_cat":[1357,2189,2509],"product_tag":[],"class_list":{"0":"post-105863","1":"product","2":"type-product","3":"status-publish","4":"has-post-thumbnail","6":"brand-dainese-de","7":"product_cat-ausrustung-fur-motorradfahrer","8":"product_cat-hose","9":"product_cat-lederhose","10":"pa_size-48-de","11":"pa_size-50-de","12":"pa_size-52-de","13":"pa_size-54-de","14":"pa_size-56-de","15":"pa_size-58-de","16":"pa_size-60-de","17":"pa_size-62-de","19":"first","20":"instock","21":"sale","22":"taxable","23":"shipping-taxable","24":"purchasable","25":"product-type-variable"},"acf":[],"_links":{"self":[{"href":"https:\/\/moto-oprema.com\/de\/wp-json\/wp\/v2\/product\/105863","targetHints":{"allow":["GET"]}}],"collection":[{"href":"https:\/\/moto-oprema.com\/de\/wp-json\/wp\/v2\/product"}],"about":[{"href":"https:\/\/moto-oprema.com\/de\/wp-json\/wp\/v2\/types\/product"}],"replies":[{"embeddable":true,"href":"https:\/\/moto-oprema.com\/de\/wp-json\/wp\/v2\/comments?post=105863"}],"wp:featuredmedia":[{"embeddable":true,"href":"https:\/\/moto-oprema.com\/de\/wp-json\/wp\/v2\/media\/24419"}],"wp:attachment":[{"href":"https:\/\/moto-oprema.com\/de\/wp-json\/wp\/v2\/media?parent=105863"}],"wp:term":[{"taxonomy":"brand","embeddable":true,"href":"https:\/\/moto-oprema.com\/de\/wp-json\/wp\/v2\/brand?post=105863"},{"taxonomy":"gender","embeddable":true,"href":"https:\/\/moto-oprema.com\/de\/wp-json\/wp\/v2\/gender?post=105863"},{"taxonomy":"product_brand","embeddable":true,"href":"https:\/\/moto-oprema.com\/de\/wp-json\/wp\/v2\/product_brand?post=105863"},{"taxonomy":"product_cat","embeddable":true,"href":"https:\/\/moto-oprema.com\/de\/wp-json\/wp\/v2\/product_cat?post=105863"},{"taxonomy":"product_tag","embeddable":true,"href":"https:\/\/moto-oprema.com\/de\/wp-json\/wp\/v2\/product_tag?post=105863"}],"curies":[{"name":"wp","href":"https:\/\/api.w.org\/{rel}","templated":true}]}}