{"id":105796,"date":"2023-12-01T09:11:09","date_gmt":"2023-12-01T09:11:09","guid":{"rendered":"https:\/\/moto-oprema.com\/Artikel\/dainese-istrice-lederjacke-dunkelbraun\/"},"modified":"2023-12-01T09:11:09","modified_gmt":"2023-12-01T09:11:09","slug":"dainese-istrice-lederjacke-dunkelbraun","status":"publish","type":"product","link":"https:\/\/moto-oprema.com\/de\/Artikel\/dainese-istrice-lederjacke-dunkelbraun\/","title":{"rendered":"DAINESE ISTRICE LEDERJACKE DUNKELBRAUN"},"content":{"rendered":"<p>Die Federica Motorradjacke aus weichem Leder kombiniert den sportlichen Charakter von Dainese mit modernster Technologie und ist perfekt f\u00fcr das Motorradfahren bei warmem Wetter.<\/p>\n<p>Die Istrice Lederjacke ist Ausdruck des gesamten Know-hows von Dainese im Bereich Funktionalit\u00e4t und Ergonomie: Die innovativen Istrice Ergo-Tek Schulterpaneele bestehen aus einer revolution\u00e4ren flexiblen Metallkonstruktion in Kombination mit glasfasergef\u00fcllten Nylon-Nieten. Durch diese Kombination passen sich die Platten besser an den K\u00f6rper an und sorgen f\u00fcr weniger Reibung im Falle eines Sturzes. <\/p>\n<p>Diese L\u00f6sung bietet in Kombination mit den weichen Pro-Armor Schulter- und Ellbogenpolstern, die durch separat zug\u00e4ngliche Brust- und R\u00fcckenpolster erg\u00e4nzt werden k\u00f6nnen, eine hervorragende Ergonomie f\u00fcr mehr Fahrkomfort.<\/p>\n<p>F\u00fcr maximalen W\u00e4rmekomfort sorgt die Quickdry Frame\u2122 Technologie, die f\u00fcr eine schnellere Verdunstung der Feuchtigkeit in der Jacke sorgt. Das macht sie zur idealen L\u00f6sung auch an hei\u00dferen Tagen, ohne die Sicherheit des Leders zu beeintr\u00e4chtigen. <\/p>\n<p>Neben dem Klimakomfort ist das Kleidungsst\u00fcck dank der Eins\u00e4tze aus Zwei-Wege-Stretch S1-Gewebe und dem leicht sportlichen Schnitt \u00e4u\u00dferst angenehm zu tragen. Das bedeutet, dass Sie sich auch bei den schnellsten Fahrten immer bequem und frei f\u00fchlen werden. <\/p>\n<p>Die Lederjacke von Istrice ist mit n\u00fctzlichen kleinen Funktionen ausgestattet, wie einer wasserdichten Innentasche, die Ihr Handy oder Ihre Dokumente vor m\u00f6glichem Regen sch\u00fctzt, und einer Schlaufe, mit der Sie die Jacke an Ihrer Hose befestigen k\u00f6nnen, um unangenehme Zugluft am R\u00fccken zu vermeiden.<\/p>\n<p>Zusammensetzung des Rohmaterials: 100% Leder<\/p>\n","protected":false},"excerpt":{"rendered":"<p>Die Federica Motorradjacke aus weichem Leder kombiniert den sportlichen Charakter von Dainese mit modernster Technologie und&#8230;<\/p>\n","protected":false},"featured_media":24337,"comment_status":"open","ping_status":"open","template":"","meta":{"_acf_changed":false},"brand":[2113],"gender":[],"product_brand":[],"product_cat":[1357,2045,2228],"product_tag":[],"class_list":{"0":"post-105796","1":"product","2":"type-product","3":"status-publish","4":"has-post-thumbnail","6":"brand-dainese-de","7":"product_cat-ausrustung-fur-motorradfahrer","8":"product_cat-jakne-de","9":"product_cat-lederjacken","10":"pa_size-48-de","11":"pa_size-50-de","12":"pa_size-52-de","13":"pa_size-54-de","14":"pa_size-56-de","15":"pa_size-58-de","16":"pa_size-60-de","18":"first","19":"onbackorder","20":"sale","21":"taxable","22":"shipping-taxable","23":"purchasable","24":"product-type-variable"},"acf":[],"_links":{"self":[{"href":"https:\/\/moto-oprema.com\/de\/wp-json\/wp\/v2\/product\/105796","targetHints":{"allow":["GET"]}}],"collection":[{"href":"https:\/\/moto-oprema.com\/de\/wp-json\/wp\/v2\/product"}],"about":[{"href":"https:\/\/moto-oprema.com\/de\/wp-json\/wp\/v2\/types\/product"}],"replies":[{"embeddable":true,"href":"https:\/\/moto-oprema.com\/de\/wp-json\/wp\/v2\/comments?post=105796"}],"wp:featuredmedia":[{"embeddable":true,"href":"https:\/\/moto-oprema.com\/de\/wp-json\/wp\/v2\/media\/24337"}],"wp:attachment":[{"href":"https:\/\/moto-oprema.com\/de\/wp-json\/wp\/v2\/media?parent=105796"}],"wp:term":[{"taxonomy":"brand","embeddable":true,"href":"https:\/\/moto-oprema.com\/de\/wp-json\/wp\/v2\/brand?post=105796"},{"taxonomy":"gender","embeddable":true,"href":"https:\/\/moto-oprema.com\/de\/wp-json\/wp\/v2\/gender?post=105796"},{"taxonomy":"product_brand","embeddable":true,"href":"https:\/\/moto-oprema.com\/de\/wp-json\/wp\/v2\/product_brand?post=105796"},{"taxonomy":"product_cat","embeddable":true,"href":"https:\/\/moto-oprema.com\/de\/wp-json\/wp\/v2\/product_cat?post=105796"},{"taxonomy":"product_tag","embeddable":true,"href":"https:\/\/moto-oprema.com\/de\/wp-json\/wp\/v2\/product_tag?post=105796"}],"curies":[{"name":"wp","href":"https:\/\/api.w.org\/{rel}","templated":true}]}}