{"id":105756,"date":"2023-11-30T08:38:41","date_gmt":"2023-11-30T08:38:41","guid":{"rendered":"https:\/\/moto-oprema.com\/Artikel\/dainese-avro-5-frau-lederjacke-schwarz-weiss\/"},"modified":"2023-11-30T08:38:41","modified_gmt":"2023-11-30T08:38:41","slug":"dainese-avro-5-frau-lederjacke-schwarz-weiss","status":"publish","type":"product","link":"https:\/\/moto-oprema.com\/de\/Artikel\/dainese-avro-5-frau-lederjacke-schwarz-weiss\/","title":{"rendered":"DAINESE AVRO 5 FRAU LEDERJACKE SCHWARZ\/WEISS"},"content":{"rendered":"<p>Die Avro 5 ist eine Motorradjacke von Dainese, inspiriert von den Anz\u00fcgen der MotoGP\u2122-Rennfahrer. Sie ist aus strapazierf\u00e4higem Rindsleder gefertigt und verf\u00fcgt \u00fcber Stretcheins\u00e4tze aus S1 und Microelastic 2.0 Gewebe, um eine perfekte Passform, Komfort und Bewegungsfreiheit beim Fahren zu gew\u00e4hrleisten. Der Komfort wird durch die neue Veloce Racing Neck Kragenkonstruktion weiter erh\u00f6ht, ein System im MotoGP\u2122-Stil, das den Druck auf den Nacken vollst\u00e4ndig reduziert. Um maximalen Schutz f\u00fcr Motorradfahrer auch bei hohen Geschwindigkeiten zu gew\u00e4hrleisten, verf\u00fcgt die Avro 5 \u00fcber die gleichen technischen Merkmale wie die Dainese Anz\u00fcge und umfasst Schulter- und Ellbogenpolster der Klasse AA sowie abnehmbare Schulterplatten aus Aluminium. Die Jacke ist f\u00fcr die R\u00fcckenprotektoren G1 und G2 vorbereitet (separat erh\u00e4ltlich). Die Avro 5 Jacke ist die perfekte Mischung aus Schutz und Komfort und ist dank des herausnehmbaren Thermofutters, des atmungsaktiven Netzgewebes und der seitlichen Bel\u00fcftungs\u00f6ffnungen \u00e4u\u00dferst vielseitig einsetzbar &#8211; ideal f\u00fcr den ganzj\u00e4hrigen Einsatz. Der verstellbare Bund und das Verbindungssystem zwischen Jacke und Hose, das das Eindringen von Luft verhindert und in jeder Situation einen perfekten Sitz gew\u00e4hrleistet, optimieren Komfort und Ergonomie.      <\/p>\n<p>Merkmale:<\/p>\n<ul>\n<li>Spitzenqualit\u00e4t: feines Tutu-Rindsleder<\/li>\n<li>S1 und mikroelastische Eins\u00e4tze 2.0<\/li>\n<li>Herausnehmbare Thermoeinlage &#8211; kann separat verwendet werden<\/li>\n<li>Atmungsaktives Netzfutter<\/li>\n<li>2 Au\u00dfentaschen<\/li>\n<li>1 wasserdichte Innentasche<\/li>\n<li>Reflektierende Eins\u00e4tze<\/li>\n<li>Veloce Racing Neck System reduziert den Druck auf den Nacken<\/li>\n<li>Verstellbarer G\u00fcrtel<\/li>\n<li>3D-Blasenstoff-Eins\u00e4tze<\/li>\n<li>Bel\u00fcftungs\u00f6ffnungen an den Seiten<\/li>\n<li>Rei\u00dfverschluss verbinden<\/li>\n<\/ul>\n<p>Spezifikationen:<\/p>\n<ul>\n<li>Eingebaute Schulter mit Metalleinsatz<\/li>\n<li>Ellenbogenpolster (EN 1621.1)<\/li>\n<li>Abnehmbare Schulterpolster (EN 1621.1)<\/li>\n<li>Auswechselbare Aluminium-Schulterpolster<\/li>\n<li>Innentasche f\u00fcr zweiteiligen Brustprotektor (separat erh\u00e4ltlich)<\/li>\n<li>Innentasche f\u00fcr R\u00fcckenprotektor G1 und G2 (separat erh\u00e4ltlich)<\/li>\n<li>Pers\u00f6nliche Schutzausr\u00fcstung &#8211; Motorradschutzweste (EN 17092, Klasse AA)<\/li>\n<\/ul>\n<p>Zusammensetzung des Rohmaterials: 100% Leder<\/p>\n","protected":false},"excerpt":{"rendered":"<p>Dainese Avro 5 Motorradjacke aus Leder<\/p>\n","protected":false},"featured_media":24316,"comment_status":"open","ping_status":"open","template":"","meta":{"_acf_changed":false},"brand":[2113],"gender":[],"product_brand":[],"product_cat":[1357,2045,2228],"product_tag":[],"class_list":{"0":"post-105756","1":"product","2":"type-product","3":"status-publish","4":"has-post-thumbnail","6":"brand-dainese-de","7":"product_cat-ausrustung-fur-motorradfahrer","8":"product_cat-jakne-de","9":"product_cat-lederjacken","10":"pa_size-40-de","11":"pa_size-42-de","12":"pa_size-44-de","13":"pa_size-46-de","14":"pa_size-48-de","15":"pa_size-50-de","16":"pa_size-52-de","18":"first","19":"instock","20":"sale","21":"taxable","22":"shipping-taxable","23":"purchasable","24":"product-type-variable"},"acf":[],"_links":{"self":[{"href":"https:\/\/moto-oprema.com\/de\/wp-json\/wp\/v2\/product\/105756","targetHints":{"allow":["GET"]}}],"collection":[{"href":"https:\/\/moto-oprema.com\/de\/wp-json\/wp\/v2\/product"}],"about":[{"href":"https:\/\/moto-oprema.com\/de\/wp-json\/wp\/v2\/types\/product"}],"replies":[{"embeddable":true,"href":"https:\/\/moto-oprema.com\/de\/wp-json\/wp\/v2\/comments?post=105756"}],"wp:featuredmedia":[{"embeddable":true,"href":"https:\/\/moto-oprema.com\/de\/wp-json\/wp\/v2\/media\/24316"}],"wp:attachment":[{"href":"https:\/\/moto-oprema.com\/de\/wp-json\/wp\/v2\/media?parent=105756"}],"wp:term":[{"taxonomy":"brand","embeddable":true,"href":"https:\/\/moto-oprema.com\/de\/wp-json\/wp\/v2\/brand?post=105756"},{"taxonomy":"gender","embeddable":true,"href":"https:\/\/moto-oprema.com\/de\/wp-json\/wp\/v2\/gender?post=105756"},{"taxonomy":"product_brand","embeddable":true,"href":"https:\/\/moto-oprema.com\/de\/wp-json\/wp\/v2\/product_brand?post=105756"},{"taxonomy":"product_cat","embeddable":true,"href":"https:\/\/moto-oprema.com\/de\/wp-json\/wp\/v2\/product_cat?post=105756"},{"taxonomy":"product_tag","embeddable":true,"href":"https:\/\/moto-oprema.com\/de\/wp-json\/wp\/v2\/product_tag?post=105756"}],"curies":[{"name":"wp","href":"https:\/\/api.w.org\/{rel}","templated":true}]}}