{"id":105626,"date":"2023-11-28T09:23:44","date_gmt":"2023-11-28T09:23:44","guid":{"rendered":"https:\/\/moto-oprema.com\/Artikel\/dainese-audax-d-zip-1pc-perf-schwarz-fluo-rot-anthrazit\/"},"modified":"2023-11-28T09:23:44","modified_gmt":"2023-11-28T09:23:44","slug":"dainese-audax-d-zip-1pc-perf-schwarz-fluo-rot-anthrazit","status":"publish","type":"product","link":"https:\/\/moto-oprema.com\/de\/Artikel\/dainese-audax-d-zip-1pc-perf-schwarz-fluo-rot-anthrazit\/","title":{"rendered":"DAINESE AUDAX D-ZIP 1PC PERF. SCHWARZ FLUO ROT ANTHRAZIT"},"content":{"rendered":"<p>Der ultimative Ausdruck von Ergonomie und Bewegungsfreiheit im Sitz, dank eines revolution\u00e4ren Designs und eines Funktionsniveaus, das direkt von den neuesten technischen L\u00f6sungen abgeleitet ist, die mit professionellen MotoGP\u2122-Rennfahrern getestet wurden: der Audax D-Zip 1PC Perf. Der D-Air\u00ae-freie Rennanzug geh\u00f6rt zur absoluten Weltspitze &#8211; auch in puncto Sicherheit. Seine mechanische Widerstandsf\u00e4higkeit erreicht sogar die Klasse AAA, w\u00e4hrend die Aluminiumeins\u00e4tze an den Schultern und Knien und die Stahleins\u00e4tze an den Ellbogen mit verstellbarer Positionierung das Schutzniveau des Anzugs optimieren, indem sie die Reibung im Falle eines Sturzes vollst\u00e4ndig reduzieren. Der Audax D-Zip 1PC Perf Lederanzug ist aus hochwertigem D-Skin Rindsleder mit lokaler Perforation gefertigt und verf\u00fcgt \u00fcber eine patentierte, vollst\u00e4ndig dehnbare R\u00fcckenkonstruktion &#8211; eine Struktur, die die Anzahl der N\u00e4hte reduziert und gleichzeitig die Widerstandsf\u00e4higkeit des Anzugs im Falle eines Sturzes erh\u00f6ht. Dies ist den dehnbaren Mikrofasern mit Microelastic 2.0-Eins\u00e4tzen zu verdanken, die den Anzug noch enger anliegen lassen und so das Volumen in der aufrechten Position besser erhalten. Die bequeme Sitzposition und die Bewegungsfreiheit werden durch die ikonische Doppel-Rei\u00dfverschluss-Stretch-Stoffkonstruktion am Bauch weiter verbessert &#8211; ein historisches Dainese-Patent, das es erm\u00f6glicht, dass der K\u00f6rper in der zusammengeklappten Position eng am Tank anliegt, ohne dass das starre und nicht dehnbare zentrale Rei\u00dfverschlusselement Unannehmlichkeiten verursacht.<br \/>\nDas integrierte Boots-IN-System sorgt ebenfalls f\u00fcr maximalen Komfort w\u00e4hrend der Fahrt. Die herausnehmbare D-Tec Racing Core-Innenausstattung verbessert den Komfort und die Aerodynamik weiter, denn diese herausnehmbare und waschbare Innenschicht beherbergt Composite-Schulterpolster, die jetzt noch sensibler auf die Mikrobewegungen des K\u00f6rpers reagieren, und Pro-Shape 2.0-H\u00fcftpolster. Das atmungsaktive Mesh-Futter sorgt f\u00fcr maximalen thermischen Komfort, w\u00e4hrend die wasserdichte Innentasche Dokumente und Mobiltelefone vor Regen sch\u00fctzt und die Palette der Funktionen vervollst\u00e4ndigt, die diesen revolution\u00e4ren Motorradanzug auszeichnen.       <\/p>\n<p>&nbsp;<\/p>\n<p>REVIEW<br \/>\nWeiterentwicklung der legend\u00e4ren Dainese Leder-Rennkombi mit revolution\u00e4rem Doppelrei\u00dfverschluss. Sie bietet au\u00dferdem ein Maximum an Ergonomie, Bewegungsfreiheit und Schutz im Sattel, dank der elastischen Mikrofasern mit mikroelastischen Eins\u00e4tzen an R\u00fccken und Bauch und der Integration der neuesten technischen L\u00f6sungen, die von professionellen MotoGP\u2122-Rennfahrern getestet wurden. Zertifizierung nach EN 17092 Klasse AAA.  <\/p>\n<p>FUNKTIONEN<\/p>\n<ul>\n<li>1 wasserdichte Innentasche<\/li>\n<li>D-Tec Racing Core: vollst\u00e4ndig herausnehmbarer und waschbarer Innenanzug<\/li>\n<li>Motorradbekleidung mit EN 17092 AAA-Zertifikat<\/li>\n<li>Auswechselbarer Ellbogenschieber RSS 4.0<\/li>\n<li>Auswechselbarer Knieschleifer RSS 4.0<\/li>\n<li>Fertiges Set mit Wasserbeuteln<\/li>\n<\/ul>\n<p>ERGONOMIE<\/p>\n<ul>\n<li>Aerodynamischer Spoiler<\/li>\n<li>Elastische Eins\u00e4tze<\/li>\n<li>Elastische Halskonstruktion<\/li>\n<li>Elastische Konstruktion am Handgelenk<\/li>\n<li>V\u00f6llig elastische Frontkonstruktion<\/li>\n<li>Libera voll elastische R\u00fcckenkonstruktion<\/li>\n<li>Mikroelastik 2.0<\/li>\n<\/ul>\n<p>&nbsp;<\/p>\n<p>ROHSTOFFZUSAMMENSETZUNG<\/p>\n<ul>\n<li>Rindsleder D-Skin<\/li>\n<li>Bielastic S1 Stoff<\/li>\n<\/ul>\n<p>&nbsp;<\/p>\n<p>SICHERHEIT<\/p>\n<ul>\n<li>Schutzvorrichtungen aus Verbundwerkstoff, zertifiziert nach EN 1621.1<\/li>\n<li>Standard f\u00fcr Kr\u00fcmmer<\/li>\n<li>Knieschoner aus Verbundwerkstoff, zertifiziert nach EN 1621.1, an den Knien<\/li>\n<li>Schulterpolster aus Verbundwerkstoff, zertifiziert nach EN 1621.1<\/li>\n<li>Schwimmende Rennschulterkonstruktion mit<\/li>\n<li>Pro-Shape 2.0 austauschbare Aluminiumplatte: weiche Protektoren, EN zertifiziert<\/li>\n<li>1621.1 an den Seiten. Auswechselbare Aluminiumplatten an den Knien <\/li>\n<li>(201876218 DETS Aluminium-Knieplatten-Kit)<\/li>\n<li>Auswechselbare Aluminiumplatten an den Schultern<\/li>\n<li>(201876216 DETS Schulterset aus Aluminium)<\/li>\n<li>Austauschbare Kr\u00fcmmerplatten aus Stahl<\/li>\n<\/ul>\n<p>&nbsp;<\/p>\n<p>&nbsp;<\/p>\n","protected":false},"excerpt":{"rendered":"<p>Dainese Audax D-Zip einteiliger Jumpsuit aus perforiertem Leder.<\/p>\n","protected":false},"featured_media":105642,"comment_status":"open","ping_status":"closed","template":"","meta":{"_acf_changed":false},"brand":[2113],"gender":[],"product_brand":[],"product_cat":[2220,1357],"product_tag":[],"class_list":{"0":"post-105626","1":"product","2":"type-product","3":"status-publish","4":"has-post-thumbnail","6":"brand-dainese-de","7":"product_cat-1-teilige-latzhose","8":"product_cat-ausrustung-fur-motorradfahrer","9":"pa_size-48-de","10":"pa_size-50-de","11":"pa_size-52-de","12":"pa_size-54-de","13":"pa_size-56-de","14":"pa_size-58-de","15":"pa_size-60-de","17":"first","18":"instock","19":"sale","20":"taxable","21":"shipping-taxable","22":"purchasable","23":"product-type-variable"},"acf":[],"_links":{"self":[{"href":"https:\/\/moto-oprema.com\/de\/wp-json\/wp\/v2\/product\/105626","targetHints":{"allow":["GET"]}}],"collection":[{"href":"https:\/\/moto-oprema.com\/de\/wp-json\/wp\/v2\/product"}],"about":[{"href":"https:\/\/moto-oprema.com\/de\/wp-json\/wp\/v2\/types\/product"}],"replies":[{"embeddable":true,"href":"https:\/\/moto-oprema.com\/de\/wp-json\/wp\/v2\/comments?post=105626"}],"wp:featuredmedia":[{"embeddable":true,"href":"https:\/\/moto-oprema.com\/de\/wp-json\/wp\/v2\/media\/105642"}],"wp:attachment":[{"href":"https:\/\/moto-oprema.com\/de\/wp-json\/wp\/v2\/media?parent=105626"}],"wp:term":[{"taxonomy":"brand","embeddable":true,"href":"https:\/\/moto-oprema.com\/de\/wp-json\/wp\/v2\/brand?post=105626"},{"taxonomy":"gender","embeddable":true,"href":"https:\/\/moto-oprema.com\/de\/wp-json\/wp\/v2\/gender?post=105626"},{"taxonomy":"product_brand","embeddable":true,"href":"https:\/\/moto-oprema.com\/de\/wp-json\/wp\/v2\/product_brand?post=105626"},{"taxonomy":"product_cat","embeddable":true,"href":"https:\/\/moto-oprema.com\/de\/wp-json\/wp\/v2\/product_cat?post=105626"},{"taxonomy":"product_tag","embeddable":true,"href":"https:\/\/moto-oprema.com\/de\/wp-json\/wp\/v2\/product_tag?post=105626"}],"curies":[{"name":"wp","href":"https:\/\/api.w.org\/{rel}","templated":true}]}}