{"id":105434,"date":"2023-11-13T08:34:03","date_gmt":"2023-11-13T08:34:03","guid":{"rendered":"https:\/\/moto-oprema.com\/Artikel\/hjc-helm-rpha1-joker-dc-comics\/"},"modified":"2023-11-13T08:34:03","modified_gmt":"2023-11-13T08:34:03","slug":"hjc-helm-rpha1-joker-dc-comics","status":"publish","type":"product","link":"https:\/\/moto-oprema.com\/de\/Artikel\/hjc-helm-rpha1-joker-dc-comics\/","title":{"rendered":"HJC HELM RPHA1 JOKER DC COMICS"},"content":{"rendered":"<p>Der RPHA 1 wurde nach mehreren Jahren konzentrierter Arbeit und entscheidendem Feedback von den Top-Athleten der MotoGP entworfen und entwickelt.<\/p>\n<p>Die Top-Ingenieure von HJC haben sich an die Arbeit gemacht, um einen renntauglichen Helm zu entwickeln, der den Top-Rennstrecken der Welt wirklich w\u00fcrdig ist. Der RPHA 1 ist das gleiche Modell, das von den Weltklasse-Athleten von HJC in der MotoGP und WorldSBK verwendet wird, und HJC ist bereit, ihn endlich mit der FIM-Homologation (FRHPhe-01) &#8211; einer Sicherheitszertifizierung &#8211; in Produktion zu geben. <\/p>\n<p>Merkmale:<\/p>\n<p>Premium Integrated Matrix \/ P.I.M Plus: Carbon-Verst\u00e4rkungen und hybride Carbon-Glasfaser-Gewebe sorgen f\u00fcr verbesserte Sto\u00dffestigkeit, mehr Komfort und Leichtigkeit des Helms<br \/>\nAerodynamisches Schalendesign f\u00fcr Rennleistung<br \/>\nFortschrittliches Bel\u00fcftungssystem &#8222;ACS&#8220;: 5 Einl\u00e4sse und 4 Ausl\u00e4sse; vollst\u00e4ndiger Luftstrom von vorne nach hinten transportiert W\u00e4rme und Feuchtigkeit nach oben und au\u00dfen<br \/>\nVerbessertes Bel\u00fcftungssystem reduziert die Betauung des Visiers und erh\u00f6ht den Luftstrom<br \/>\nStandardm\u00e4\u00dfig mit einem transparenten Visier (mit abnehmbaren Stiften) und einem Schloss ausgestattet<br \/>\nVerbessertes doppeltes Visierverriegelungssystem, sichere Visierverriegelung auch unter Wettkampfbedingungen<br \/>\nDas brandneue EASY-Befestigungssystem erm\u00f6glicht einen einfachen und sicheren Visierwechsel ohne Werkzeug<br \/>\nSilver Cool\u2122: sorgt f\u00fcr verbesserten Feuchtigkeitsaustausch und schnelles Trocknen, bietet k\u00fchlen Komfort und einen k\u00fchlenden Effekt f\u00fcr hervorragende Trageeigenschaften<br \/>\nKopf- und Wangenpolster: abnehmbar und waschbar<br \/>\nWangenpolster: austauschbar f\u00fcr alle Gr\u00f6\u00dfen<br \/>\nEmergency Kit (Wangenklappen) f\u00fcr eine sichere und schnelle Versorgung in Notf\u00e4llen<br \/>\nBrillen und Sonnenbrillen mit feuerfestem EPS-Design<br \/>\nLautsprechertaschen: f\u00fcr Bluetooth-Kommunikation<\/p>\n<p>Technische Daten:<\/p>\n<p>Material: Hybrid-Kohlefasergewebe<br \/>\nStandard: 22.06<br \/>\nVerschluss: Doppel-D<br \/>\nVisierart: HJ-35, 99% UV-Schutz, Anti-Kratz-Beschichtung, doppeltes Verschlusssystem<\/p>\n<p>Gr\u00f6\u00dfen:<\/p>\n<p>Helm\/Helm\/Kopfpolster Gr\u00f6\u00dfe:<br \/>\n2XS (52-53cm)\/45mm\/12mm<br \/>\nXS (54-55cm)\/40mm\/9mm<br \/>\nS(55-56cm)\/40mm\/12mm<br \/>\nM(57-58cm)\/35mm\/9mm<br \/>\nL(58-59cm)\/40mm\/9mm<br \/>\nXL (60-61cm)\/40mm\/9mm<br \/>\nXXL (62-63cm)\/35mm\/7mm<\/p>\n<p>Enthalten:<\/p>\n<p>1x HJC RPHA 1 Helm<br \/>\n1x klarer Aero-Spoiler<br \/>\n1x Pinlock<br \/>\n1x Tr\u00e4nenfolie<br \/>\n1x Helmtasche<\/p>\n","protected":false},"excerpt":{"rendered":"<p>HJC RPHA 1 Helm Pr\u00fcfen Sie vor der Bestellung den Lagerbestand!<\/p>\n","protected":false},"featured_media":23954,"comment_status":"open","ping_status":"closed","template":"","meta":{"_acf_changed":false},"brand":[2131],"gender":[2173],"product_brand":[],"product_cat":[1357,1360,1361],"product_tag":[],"class_list":{"0":"post-105434","1":"product","2":"type-product","3":"status-publish","4":"has-post-thumbnail","6":"brand-hjc-de","7":"gender-unisex-de","8":"product_cat-ausrustung-fur-motorradfahrer","9":"product_cat-helme","10":"product_cat-integral","11":"pa_size-l-de","12":"pa_size-m-de","13":"pa_size-s-de","14":"pa_size-xl-de","15":"pa_size-xxl-de","17":"first","18":"instock","19":"taxable","20":"shipping-taxable","21":"purchasable","22":"product-type-variable"},"acf":[],"_links":{"self":[{"href":"https:\/\/moto-oprema.com\/de\/wp-json\/wp\/v2\/product\/105434","targetHints":{"allow":["GET"]}}],"collection":[{"href":"https:\/\/moto-oprema.com\/de\/wp-json\/wp\/v2\/product"}],"about":[{"href":"https:\/\/moto-oprema.com\/de\/wp-json\/wp\/v2\/types\/product"}],"replies":[{"embeddable":true,"href":"https:\/\/moto-oprema.com\/de\/wp-json\/wp\/v2\/comments?post=105434"}],"wp:featuredmedia":[{"embeddable":true,"href":"https:\/\/moto-oprema.com\/de\/wp-json\/wp\/v2\/media\/23954"}],"wp:attachment":[{"href":"https:\/\/moto-oprema.com\/de\/wp-json\/wp\/v2\/media?parent=105434"}],"wp:term":[{"taxonomy":"brand","embeddable":true,"href":"https:\/\/moto-oprema.com\/de\/wp-json\/wp\/v2\/brand?post=105434"},{"taxonomy":"gender","embeddable":true,"href":"https:\/\/moto-oprema.com\/de\/wp-json\/wp\/v2\/gender?post=105434"},{"taxonomy":"product_brand","embeddable":true,"href":"https:\/\/moto-oprema.com\/de\/wp-json\/wp\/v2\/product_brand?post=105434"},{"taxonomy":"product_cat","embeddable":true,"href":"https:\/\/moto-oprema.com\/de\/wp-json\/wp\/v2\/product_cat?post=105434"},{"taxonomy":"product_tag","embeddable":true,"href":"https:\/\/moto-oprema.com\/de\/wp-json\/wp\/v2\/product_tag?post=105434"}],"curies":[{"name":"wp","href":"https:\/\/api.w.org\/{rel}","templated":true}]}}