{"id":105409,"date":"2023-10-26T09:32:09","date_gmt":"2023-10-26T09:32:09","guid":{"rendered":"https:\/\/moto-oprema.com\/Artikel\/spidi-charged-hose-lady-schwarz\/"},"modified":"2023-10-26T09:32:09","modified_gmt":"2023-10-26T09:32:09","slug":"spidi-charged-hose-lady-schwarz","status":"publish","type":"product","link":"https:\/\/moto-oprema.com\/de\/Artikel\/spidi-charged-hose-lady-schwarz\/","title":{"rendered":"SPIDI CHARGED HOSE LADY SCHWARZ"},"content":{"rendered":"<p>SPIDI Charged Hose : kreiert und entwickelt auf der Grundlage des aktuellen Outdoor-Bekleidungsmodells, angetrieben von dem Ziel der Sicherheit. Leicht und elastisch, kann diese Hose die CE-Zertifizierung der Klasse A \u00fcberzeugend bestehen und bietet zudem einen unvergleichlichen Fahrkomfort. Wir haben ein Gewebe auf Nylonbasis entwickelt, das dank 4 % Elastan maximale Atmungsaktivit\u00e4t bei hoher Elastizit\u00e4t bietet. Schlie\u00dflich haben wir das Ziel erreicht, diese Spezifikationen mit den CE-Anforderungen f\u00fcr Schnitt- und Abriebfestigkeit zu kombinieren. Das Ergebnis ist eine extrem leichte, strapazierf\u00e4hige Hose, die sich ideal f\u00fcr den Sommereinsatz auf jedem Motorrad eignet. 2 Vordertaschen mit tiefen, gew\u00f6lbten \u00d6ffnungen f\u00fcr einen leichten Zugang, kombiniert mit einer seitlichen Vordertasche unter dem YKK\u00ae-Rei\u00dfverschluss mit viel Stauraum. An den Knien befinden sich herausnehmbare und auch h\u00f6henverstellbare Warrior Lite Level 1 Knieschoner, und Warrior H\u00fcftpolster sind separat erh\u00e4ltlich. Die 10 cm k\u00fcrzere Version ist auch als Charged Short erh\u00e4ltlich.<\/p>\n","protected":false},"excerpt":{"rendered":"<p>SPIDI Charged Hose Frauen Schwarz<\/p>\n","protected":false},"featured_media":23816,"comment_status":"open","ping_status":"open","template":"","meta":{"_acf_changed":false},"brand":[2124],"gender":[2170],"product_brand":[],"product_cat":[1357,2189,2211],"product_tag":[],"class_list":{"0":"post-105409","1":"product","2":"type-product","3":"status-publish","4":"has-post-thumbnail","6":"brand-spidi-de","7":"gender-zenska-de","8":"product_cat-ausrustung-fur-motorradfahrer","9":"product_cat-hose","10":"product_cat-textil-hose","11":"pa_size-27-de","12":"pa_size-28-de","13":"pa_size-29-de","14":"pa_size-30-de","15":"pa_size-31-de","16":"pa_size-32-de","17":"pa_size-33-de","18":"pa_size-34-de","20":"first","21":"instock","22":"taxable","23":"shipping-taxable","24":"purchasable","25":"product-type-variable"},"acf":[],"_links":{"self":[{"href":"https:\/\/moto-oprema.com\/de\/wp-json\/wp\/v2\/product\/105409","targetHints":{"allow":["GET"]}}],"collection":[{"href":"https:\/\/moto-oprema.com\/de\/wp-json\/wp\/v2\/product"}],"about":[{"href":"https:\/\/moto-oprema.com\/de\/wp-json\/wp\/v2\/types\/product"}],"replies":[{"embeddable":true,"href":"https:\/\/moto-oprema.com\/de\/wp-json\/wp\/v2\/comments?post=105409"}],"wp:featuredmedia":[{"embeddable":true,"href":"https:\/\/moto-oprema.com\/de\/wp-json\/wp\/v2\/media\/23816"}],"wp:attachment":[{"href":"https:\/\/moto-oprema.com\/de\/wp-json\/wp\/v2\/media?parent=105409"}],"wp:term":[{"taxonomy":"brand","embeddable":true,"href":"https:\/\/moto-oprema.com\/de\/wp-json\/wp\/v2\/brand?post=105409"},{"taxonomy":"gender","embeddable":true,"href":"https:\/\/moto-oprema.com\/de\/wp-json\/wp\/v2\/gender?post=105409"},{"taxonomy":"product_brand","embeddable":true,"href":"https:\/\/moto-oprema.com\/de\/wp-json\/wp\/v2\/product_brand?post=105409"},{"taxonomy":"product_cat","embeddable":true,"href":"https:\/\/moto-oprema.com\/de\/wp-json\/wp\/v2\/product_cat?post=105409"},{"taxonomy":"product_tag","embeddable":true,"href":"https:\/\/moto-oprema.com\/de\/wp-json\/wp\/v2\/product_tag?post=105409"}],"curies":[{"name":"wp","href":"https:\/\/api.w.org\/{rel}","templated":true}]}}