{"id":105393,"date":"2023-10-26T09:22:00","date_gmt":"2023-10-26T09:22:00","guid":{"rendered":"https:\/\/moto-oprema.com\/Artikel\/spidi-charged-hose-kurz-schwarz\/"},"modified":"2023-10-26T09:22:00","modified_gmt":"2023-10-26T09:22:00","slug":"spidi-charged-hose-kurz-schwarz","status":"publish","type":"product","link":"https:\/\/moto-oprema.com\/de\/Artikel\/spidi-charged-hose-kurz-schwarz\/","title":{"rendered":"SPIDI CHARGED HOSE KURZ SCHWARZ"},"content":{"rendered":"<p>SPIDI Charged Shorts : kreiert und entwickelt auf der Grundlage des aktuellen Oberbekleidungsmodells, geleitet von dem Ziel der Sicherheit. Leicht und elastisch, kann diese Hose die CE-Zertifizierung der Klasse A \u00fcberzeugend bestehen und bietet zudem einen unvergleichlichen Fahrkomfort. Wir haben einen Stoff auf Nylonbasis entwickelt, der dank 4 % Elastan maximale Atmungsaktivit\u00e4t und hohe Elastizit\u00e4t bietet. Schlie\u00dflich haben wir das Ziel erreicht, diese Spezifikationen mit den CE-Anforderungen f\u00fcr Schnitt- und Abriebfestigkeit zu kombinieren. Das Ergebnis ist eine extrem leichte, strapazierf\u00e4hige Hose, die sich ideal f\u00fcr den Sommereinsatz auf jedem Motorrad eignet. 2 Vordertaschen mit tiefen, gew\u00f6lbten \u00d6ffnungen f\u00fcr leichten Zugang, kombiniert mit einer seitlichen Vordertasche unter dem YKK\u00ae-Rei\u00dfverschluss mit viel Stauraum. An den Knien befinden sich herausnehmbare und auch h\u00f6henverstellbare Warrior Lite Level 1 Knieschoner, und Warrior H\u00fcftpolster sind separat erh\u00e4ltlich. Die 10 cm k\u00fcrzere Version ist auch als Charged Short erh\u00e4ltlich.<\/p>\n","protected":false},"excerpt":{"rendered":"<p>SPIDI Charged Shorts kurz Schwarz &#8211; verk\u00fcrztes Modell<\/p>\n","protected":false},"featured_media":23780,"comment_status":"open","ping_status":"open","template":"","meta":{"_acf_changed":false},"brand":[2124],"gender":[2168],"product_brand":[],"product_cat":[1357,2189,2211],"product_tag":[],"class_list":{"0":"post-105393","1":"product","2":"type-product","3":"status-publish","4":"has-post-thumbnail","6":"brand-spidi-de","7":"gender-moski-de","8":"product_cat-ausrustung-fur-motorradfahrer","9":"product_cat-hose","10":"product_cat-textil-hose","11":"pa_size-29-de","12":"pa_size-31-de","13":"pa_size-32-de","14":"pa_size-33-de","15":"pa_size-34-de","16":"pa_size-36-de","17":"pa_size-38-de","18":"pa_size-40-de","20":"first","21":"instock","22":"taxable","23":"shipping-taxable","24":"purchasable","25":"product-type-variable"},"acf":[],"_links":{"self":[{"href":"https:\/\/moto-oprema.com\/de\/wp-json\/wp\/v2\/product\/105393","targetHints":{"allow":["GET"]}}],"collection":[{"href":"https:\/\/moto-oprema.com\/de\/wp-json\/wp\/v2\/product"}],"about":[{"href":"https:\/\/moto-oprema.com\/de\/wp-json\/wp\/v2\/types\/product"}],"replies":[{"embeddable":true,"href":"https:\/\/moto-oprema.com\/de\/wp-json\/wp\/v2\/comments?post=105393"}],"wp:featuredmedia":[{"embeddable":true,"href":"https:\/\/moto-oprema.com\/de\/wp-json\/wp\/v2\/media\/23780"}],"wp:attachment":[{"href":"https:\/\/moto-oprema.com\/de\/wp-json\/wp\/v2\/media?parent=105393"}],"wp:term":[{"taxonomy":"brand","embeddable":true,"href":"https:\/\/moto-oprema.com\/de\/wp-json\/wp\/v2\/brand?post=105393"},{"taxonomy":"gender","embeddable":true,"href":"https:\/\/moto-oprema.com\/de\/wp-json\/wp\/v2\/gender?post=105393"},{"taxonomy":"product_brand","embeddable":true,"href":"https:\/\/moto-oprema.com\/de\/wp-json\/wp\/v2\/product_brand?post=105393"},{"taxonomy":"product_cat","embeddable":true,"href":"https:\/\/moto-oprema.com\/de\/wp-json\/wp\/v2\/product_cat?post=105393"},{"taxonomy":"product_tag","embeddable":true,"href":"https:\/\/moto-oprema.com\/de\/wp-json\/wp\/v2\/product_tag?post=105393"}],"curies":[{"name":"wp","href":"https:\/\/api.w.org\/{rel}","templated":true}]}}