{"id":105123,"date":"2023-10-19T07:10:24","date_gmt":"2023-10-19T07:10:24","guid":{"rendered":"https:\/\/moto-oprema.com\/Artikel\/fox-180-mx-trikot-bnkr-schwarz-camo\/"},"modified":"2023-10-19T07:10:24","modified_gmt":"2023-10-19T07:10:24","slug":"fox-180-mx-trikot-bnkr-schwarz-camo","status":"publish","type":"product","link":"https:\/\/moto-oprema.com\/de\/Artikel\/fox-180-mx-trikot-bnkr-schwarz-camo\/","title":{"rendered":"FOX 180 MX TRIKOT BNKR SCHWARZ CAMO"},"content":{"rendered":"<p>Das Fox 180 Trikot wurde f\u00fcr die Amateurfahrer von heute sowie f\u00fcr Profis auf der ganzen Welt entwickelt. Die technische Konstruktion ist vom Rennsport inspiriert und hilft Ihnen, das n\u00e4chste Level zu erreichen. <\/p>\n<div class=\"description\">\n<p><strong>Merkmale:<\/strong><\/p>\n<ul>\n<li>Das feuchtigkeitsableitende Material h\u00e4lt Sie k\u00fchl und trocken<\/li>\n<li>Weiches Hauptmaterial bietet Komfort und eine leichte Passform<\/li>\n<li>Bel\u00fcftete Mesh-Eins\u00e4tze erh\u00f6hen die Atmungsaktivit\u00e4t und den Luftstrom<\/li>\n<li>Kragen und \u00c4rmelb\u00fcndchen aus Mesh verbessern Passform und Komfort<\/li>\n<li>Gef\u00e4rbte oder sublimierte Grafikpaneele f\u00fcr satte und lebendige Farben<\/li>\n<li>Das Drop-Tail-Design sorgt daf\u00fcr, dass das Trikot bei intensiven Fahrten nicht verrutscht<\/li>\n<li>Design, das sich mit den meisten Stilen kombinieren l\u00e4sst<\/li>\n<\/ul>\n<\/div>\n<p>100% Polyester<\/p>\n","protected":false},"excerpt":{"rendered":"<p>Das Fox 180 Trikot wurde f\u00fcr die Amateurfahrer von heute sowie f\u00fcr Profis auf der ganzen&#8230;<\/p>\n","protected":false},"featured_media":23431,"comment_status":"open","ping_status":"open","template":"","meta":{"_acf_changed":false},"brand":[2115],"gender":[],"product_brand":[],"product_cat":[2028,2029],"product_tag":[],"class_list":{"0":"post-105123","1":"product","2":"type-product","3":"status-publish","4":"has-post-thumbnail","6":"brand-fox-de","7":"product_cat-motocross-ausrustung","8":"product_cat-mx-dresi-de","9":"pa_size-l-de","10":"pa_size-m-de","11":"pa_size-s-de","12":"pa_size-xl-de","13":"pa_size-xxl-de","15":"first","16":"instock","17":"sale","18":"taxable","19":"shipping-taxable","20":"purchasable","21":"product-type-variable"},"acf":[],"_links":{"self":[{"href":"https:\/\/moto-oprema.com\/de\/wp-json\/wp\/v2\/product\/105123","targetHints":{"allow":["GET"]}}],"collection":[{"href":"https:\/\/moto-oprema.com\/de\/wp-json\/wp\/v2\/product"}],"about":[{"href":"https:\/\/moto-oprema.com\/de\/wp-json\/wp\/v2\/types\/product"}],"replies":[{"embeddable":true,"href":"https:\/\/moto-oprema.com\/de\/wp-json\/wp\/v2\/comments?post=105123"}],"wp:featuredmedia":[{"embeddable":true,"href":"https:\/\/moto-oprema.com\/de\/wp-json\/wp\/v2\/media\/23431"}],"wp:attachment":[{"href":"https:\/\/moto-oprema.com\/de\/wp-json\/wp\/v2\/media?parent=105123"}],"wp:term":[{"taxonomy":"brand","embeddable":true,"href":"https:\/\/moto-oprema.com\/de\/wp-json\/wp\/v2\/brand?post=105123"},{"taxonomy":"gender","embeddable":true,"href":"https:\/\/moto-oprema.com\/de\/wp-json\/wp\/v2\/gender?post=105123"},{"taxonomy":"product_brand","embeddable":true,"href":"https:\/\/moto-oprema.com\/de\/wp-json\/wp\/v2\/product_brand?post=105123"},{"taxonomy":"product_cat","embeddable":true,"href":"https:\/\/moto-oprema.com\/de\/wp-json\/wp\/v2\/product_cat?post=105123"},{"taxonomy":"product_tag","embeddable":true,"href":"https:\/\/moto-oprema.com\/de\/wp-json\/wp\/v2\/product_tag?post=105123"}],"curies":[{"name":"wp","href":"https:\/\/api.w.org\/{rel}","templated":true}]}}