{"id":105104,"date":"2023-10-18T10:53:16","date_gmt":"2023-10-18T10:53:16","guid":{"rendered":"https:\/\/moto-oprema.com\/Artikel\/fuchshandschuhe-dirtpaw-schwarz-weiss\/"},"modified":"2023-10-18T10:53:16","modified_gmt":"2023-10-18T10:53:16","slug":"fuchshandschuhe-dirtpaw-schwarz-weiss","status":"publish","type":"product","link":"https:\/\/moto-oprema.com\/de\/Artikel\/fuchshandschuhe-dirtpaw-schwarz-weiss\/","title":{"rendered":"FUCHSHANDSCHUHE DIRTPAW SCHWARZ WEISS"},"content":{"rendered":"<p>Die legend\u00e4ren FOX Dirtpaw Motocross-Handschuhe in einem neuen Design bieten hervorragende Zuverl\u00e4ssigkeit und maximale Leistung. Die gepolsterte Handfl\u00e4che und die Daumenpolster sorgen f\u00fcr zus\u00e4tzlichen Komfort und Haltbarkeit, w\u00e4hrend das direkt eingespritzte TPR den Schutz des Oberarms und der Kn\u00f6chel erh\u00f6ht. Klettverschluss am Handgelenk, Silikondruck auf den Fingerspitzen, gepolsterte Handfl\u00e4che, Clarino\u2122 leitf\u00e4hige Finger, formgepresste Neoprenmanschette.  <\/p>\n<p>52% Nylon, 20% Neopren, 10% Polyurethan, 9% Polyvinylchlorid, 7% Polyester, 2% Elastan<\/p>\n","protected":false},"excerpt":{"rendered":"<p>Die legend\u00e4ren FOX Dirtpaw Motocross-Handschuhe in einem neuen Design bieten hervorragende Zuverl\u00e4ssigkeit und maximale Leistung. Die&#8230;<\/p>\n","protected":false},"featured_media":23419,"comment_status":"open","ping_status":"open","template":"","meta":{"_acf_changed":false},"brand":[2115],"gender":[],"product_brand":[],"product_cat":[2028,2070],"product_tag":[],"class_list":{"0":"post-105104","1":"product","2":"type-product","3":"status-publish","4":"has-post-thumbnail","6":"brand-fox-de","7":"product_cat-motocross-ausrustung","8":"product_cat-mx-handschuhe","9":"pa_velikost-st-4xl-de","10":"pa_velikost-st-l-de","11":"pa_velikost-st-m-de","12":"pa_velikost-st-s-de","13":"pa_velikost-st-xl-de","14":"pa_velikost-st-xxl-de","15":"pa_velikost-st-xxxl-de","17":"first","18":"instock","19":"taxable","20":"shipping-taxable","21":"purchasable","22":"product-type-variable"},"acf":[],"_links":{"self":[{"href":"https:\/\/moto-oprema.com\/de\/wp-json\/wp\/v2\/product\/105104","targetHints":{"allow":["GET"]}}],"collection":[{"href":"https:\/\/moto-oprema.com\/de\/wp-json\/wp\/v2\/product"}],"about":[{"href":"https:\/\/moto-oprema.com\/de\/wp-json\/wp\/v2\/types\/product"}],"replies":[{"embeddable":true,"href":"https:\/\/moto-oprema.com\/de\/wp-json\/wp\/v2\/comments?post=105104"}],"wp:featuredmedia":[{"embeddable":true,"href":"https:\/\/moto-oprema.com\/de\/wp-json\/wp\/v2\/media\/23419"}],"wp:attachment":[{"href":"https:\/\/moto-oprema.com\/de\/wp-json\/wp\/v2\/media?parent=105104"}],"wp:term":[{"taxonomy":"brand","embeddable":true,"href":"https:\/\/moto-oprema.com\/de\/wp-json\/wp\/v2\/brand?post=105104"},{"taxonomy":"gender","embeddable":true,"href":"https:\/\/moto-oprema.com\/de\/wp-json\/wp\/v2\/gender?post=105104"},{"taxonomy":"product_brand","embeddable":true,"href":"https:\/\/moto-oprema.com\/de\/wp-json\/wp\/v2\/product_brand?post=105104"},{"taxonomy":"product_cat","embeddable":true,"href":"https:\/\/moto-oprema.com\/de\/wp-json\/wp\/v2\/product_cat?post=105104"},{"taxonomy":"product_tag","embeddable":true,"href":"https:\/\/moto-oprema.com\/de\/wp-json\/wp\/v2\/product_tag?post=105104"}],"curies":[{"name":"wp","href":"https:\/\/api.w.org\/{rel}","templated":true}]}}