{"id":104996,"date":"2023-12-13T11:47:12","date_gmt":"2023-12-13T11:47:12","guid":{"rendered":"https:\/\/moto-oprema.com\/?post_type=product&#038;p=104996"},"modified":"2026-01-06T15:29:03","modified_gmt":"2026-01-06T15:29:03","slug":"dainese-schlusselanhanger-hummer-weis","status":"publish","type":"product","link":"https:\/\/moto-oprema.com\/de\/Artikel\/dainese-schlusselanhanger-hummer-weis\/","title":{"rendered":"Dainese Schl\u00fcsselanh\u00e4nger Hummer Wei\u00df"},"content":{"rendered":"<div class=\"tabs-panels\">\n<h2 class=\"acctab\" id=\"acctab-\"><\/h2>\n<div class=\"panel\">\n<div class=\"std\">\n<p>Schl\u00fcsselanh\u00e4nger<a href=\"https:\/\/www.motostorm.it\/en\/brands\/dainese.html\" target=\"_blank\" rel=\"noopener\"> <u>Dainese<\/u> <\/a>Hummer<\/p>\n<\/p><\/div>\n<\/div>\n","protected":false},"excerpt":{"rendered":"<p>Schl\u00fcsselanh\u00e4nger Dainese Hummer<\/p>\n","protected":false},"featured_media":105885,"comment_status":"open","ping_status":"closed","template":"","meta":{"_acf_changed":false},"brand":[2113],"gender":[],"product_brand":[],"product_cat":[],"product_tag":[2185,2318,2435],"class_list":{"0":"post-104996","1":"product","2":"type-product","3":"status-publish","4":"has-post-thumbnail","6":"brand-dainese-de","7":"product_tag-kleidung","8":"product_tag-lassig","9":"product_tag-zubehor","10":"pa_barva-weis","11":"pa_product-code-da1996173-w-de","12":"pa_product-id-45519-de","14":"first","15":"instock","16":"taxable","17":"shipping-taxable","18":"purchasable","19":"product-type-simple"},"acf":[],"_links":{"self":[{"href":"https:\/\/moto-oprema.com\/de\/wp-json\/wp\/v2\/product\/104996","targetHints":{"allow":["GET"]}}],"collection":[{"href":"https:\/\/moto-oprema.com\/de\/wp-json\/wp\/v2\/product"}],"about":[{"href":"https:\/\/moto-oprema.com\/de\/wp-json\/wp\/v2\/types\/product"}],"replies":[{"embeddable":true,"href":"https:\/\/moto-oprema.com\/de\/wp-json\/wp\/v2\/comments?post=104996"}],"wp:featuredmedia":[{"embeddable":true,"href":"https:\/\/moto-oprema.com\/de\/wp-json\/wp\/v2\/media\/105885"}],"wp:attachment":[{"href":"https:\/\/moto-oprema.com\/de\/wp-json\/wp\/v2\/media?parent=104996"}],"wp:term":[{"taxonomy":"brand","embeddable":true,"href":"https:\/\/moto-oprema.com\/de\/wp-json\/wp\/v2\/brand?post=104996"},{"taxonomy":"gender","embeddable":true,"href":"https:\/\/moto-oprema.com\/de\/wp-json\/wp\/v2\/gender?post=104996"},{"taxonomy":"product_brand","embeddable":true,"href":"https:\/\/moto-oprema.com\/de\/wp-json\/wp\/v2\/product_brand?post=104996"},{"taxonomy":"product_cat","embeddable":true,"href":"https:\/\/moto-oprema.com\/de\/wp-json\/wp\/v2\/product_cat?post=104996"},{"taxonomy":"product_tag","embeddable":true,"href":"https:\/\/moto-oprema.com\/de\/wp-json\/wp\/v2\/product_tag?post=104996"}],"curies":[{"name":"wp","href":"https:\/\/api.w.org\/{rel}","templated":true}]}}