{"id":104915,"date":"2023-12-08T09:55:40","date_gmt":"2023-12-08T09:55:40","guid":{"rendered":"https:\/\/moto-oprema.com\/Artikel\/dainese-corso-absoluteshell-pro-jacke-camo\/"},"modified":"2023-12-08T09:55:40","modified_gmt":"2023-12-08T09:55:40","slug":"dainese-corso-absoluteshell-pro-jacke-camo","status":"publish","type":"product","link":"https:\/\/moto-oprema.com\/de\/Artikel\/dainese-corso-absoluteshell-pro-jacke-camo\/","title":{"rendered":"DAINESE CORSO ABS\u00d8LUTESHELL PRO JACKE CAMO"},"content":{"rendered":"<p>Dainese Corso Absoluteshell Pro Motorrad Textiljacke<\/p>\n<p>Die Corso Abs\u00f8luteshell\u2122 Pro ist eine kurze Jacke, die von funktionellen Outdoor-Jacken inspiriert ist und sich f\u00fcr das Fahren in der Stadt zu jeder Jahreszeit eignet. Sie bietet Leichtigkeit und Funktionalit\u00e4t dank der Synergie zwischen dem weichen und voll elastischen Vier-Wege-Stretchmaterial und der laminierten wasserdichten Absoluteshell\u2122 Pro-Membran. F\u00fcr maximalen W\u00e4rmekomfort wird neben der wasserdichten Membran ein herausnehmbares Thermofutter verwendet, das vor den k\u00e4ltesten Wetterbedingungen sch\u00fctzt und bei Bedarf als separates Kleidungsst\u00fcck verwendet werden kann. Die funktionelle und modische Corso Jacke ist mit einer wasserdichten Kapuze mit innenliegendem, einziehbarem Metallkern (Uno Touch\u2122 Hood Peak Technologie) ausgestattet: ein System, das es Ihnen erm\u00f6glicht, mit einer Hand das Oberteil zu erstellen, Ihr Gesicht vor dem Wetter zu sch\u00fctzen und die Kapuze um Ihr Gesicht herum zu schlie\u00dfen. Die wasserdichten unteren Taschen sind mit einem Thermofutter ausgestattet.    <\/p>\n<p>Merkmale:<\/p>\n<ul>\n<li>1 Innentasche<\/li>\n<li>1 Innentasche auf dem Thermofutter<\/li>\n<li>1 Au\u00dfentasche<\/li>\n<li>2 wasserdichte Au\u00dfentaschen<\/li>\n<li>2 Taschen auf herausnehmbarem Futter<\/li>\n<li>Feste Kapuze mit reflektierendem Band zur Befestigung bei Nichtgebrauch<\/li>\n<li>G1 und G2 R\u00fcckenschutztasche<\/li>\n<li>\u00c4rmeltasche<\/li>\n<li>Reflektierende Eins\u00e4tze<\/li>\n<li>Uno Touch\u2122 Helmoberteil<\/li>\n<li>Taillenverstellung mit Umh\u00e4ngeband<\/li>\n<li>Verstellbare Manschetten<\/li>\n<li>Dehnbarer Stoff in 4 Richtungen<\/li>\n<li>ABS\u00d8LUTESHELL\u2122 PRO laminierte Membrane<\/li>\n<\/ul>\n<p>Spezifikationen:<\/p>\n<ul>\n<li>Herausnehmbare Thermoeinlage &#8211; kann separat verwendet werden<\/li>\n<li>abnehmbare Pro-Armor Ellbogensch\u00fctzer, (EN 1621.1)<\/li>\n<li>abnehmbare Pro-Armor Schulterpolster (EN 1621.1)<\/li>\n<\/ul>\n<p>Motorradschutzkleidung (EN 17092), Klasse A<\/p>\n<p>MATERIALZUSAMMENSETZUNG<br \/>\nMaterial Au\u00dfen: 94 % Polyester, 6 % Polyurethan; Futter: 100 % Polyester<\/p>\n","protected":false},"excerpt":{"rendered":"<p>Dainese Corso Absoluteshell Pro Motorrad Textiljacke Die Corso Abs\u00f8luteshell\u2122 Pro ist eine kurze Jacke, die von&#8230;<\/p>\n","protected":false},"featured_media":24523,"comment_status":"open","ping_status":"open","template":"","meta":{"_acf_changed":false},"brand":[2113],"gender":[],"product_brand":[],"product_cat":[1357,2179,2045,2293],"product_tag":[],"class_list":{"0":"post-104915","1":"product","2":"type-product","3":"status-publish","4":"has-post-thumbnail","6":"brand-dainese-de","7":"product_cat-ausrustung-fur-motorradfahrer","8":"product_cat-freizeitkleidung","9":"product_cat-jakne-de","10":"product_cat-pullover-und-strickjacken","11":"pa_size-48-de","12":"pa_size-50-de","13":"pa_size-52-de","14":"pa_size-54-de","15":"pa_size-56-de","16":"pa_size-58-de","17":"pa_size-60-de","18":"pa_size-62-de","20":"first","21":"instock","22":"taxable","23":"shipping-taxable","24":"purchasable","25":"product-type-variable"},"acf":[],"_links":{"self":[{"href":"https:\/\/moto-oprema.com\/de\/wp-json\/wp\/v2\/product\/104915","targetHints":{"allow":["GET"]}}],"collection":[{"href":"https:\/\/moto-oprema.com\/de\/wp-json\/wp\/v2\/product"}],"about":[{"href":"https:\/\/moto-oprema.com\/de\/wp-json\/wp\/v2\/types\/product"}],"replies":[{"embeddable":true,"href":"https:\/\/moto-oprema.com\/de\/wp-json\/wp\/v2\/comments?post=104915"}],"wp:featuredmedia":[{"embeddable":true,"href":"https:\/\/moto-oprema.com\/de\/wp-json\/wp\/v2\/media\/24523"}],"wp:attachment":[{"href":"https:\/\/moto-oprema.com\/de\/wp-json\/wp\/v2\/media?parent=104915"}],"wp:term":[{"taxonomy":"brand","embeddable":true,"href":"https:\/\/moto-oprema.com\/de\/wp-json\/wp\/v2\/brand?post=104915"},{"taxonomy":"gender","embeddable":true,"href":"https:\/\/moto-oprema.com\/de\/wp-json\/wp\/v2\/gender?post=104915"},{"taxonomy":"product_brand","embeddable":true,"href":"https:\/\/moto-oprema.com\/de\/wp-json\/wp\/v2\/product_brand?post=104915"},{"taxonomy":"product_cat","embeddable":true,"href":"https:\/\/moto-oprema.com\/de\/wp-json\/wp\/v2\/product_cat?post=104915"},{"taxonomy":"product_tag","embeddable":true,"href":"https:\/\/moto-oprema.com\/de\/wp-json\/wp\/v2\/product_tag?post=104915"}],"curies":[{"name":"wp","href":"https:\/\/api.w.org\/{rel}","templated":true}]}}