{"id":104805,"date":"2023-12-13T11:49:59","date_gmt":"2023-12-13T11:49:59","guid":{"rendered":"https:\/\/moto-oprema.com\/Artikel\/dainese-air-frame-3-jacke-gruen-gelb\/"},"modified":"2023-12-13T11:49:59","modified_gmt":"2023-12-13T11:49:59","slug":"dainese-air-frame-3-jacke-gruen-gelb","status":"publish","type":"product","link":"https:\/\/moto-oprema.com\/de\/Artikel\/dainese-air-frame-3-jacke-gruen-gelb\/","title":{"rendered":"Dainese Air Frame 3 Jacke Gr\u00fcn Gelb"},"content":{"rendered":"<p>Die Air Frame 3 Tex Jacke ist die perfekte Mischung aus technischen L\u00f6sungen und Vielseitigkeit. Die Air Frame 3 Tex Jacket ist die Motorradjacke von Dainese f\u00fcr die Sommersaison. Sie ist die perfekte Erg\u00e4nzung zur Drake 2 Super Air Hose. Dank ihrer Mesh-Konstruktion und dem herausnehmbaren Windfutter eignet sie sich f\u00fcr Motorradtouren in hei\u00dfem oder gem\u00e4\u00dfigtem Klima und bietet maximalen thermischen Komfort.Die praktische und bequeme Konstruktion dieses Kleidungsst\u00fccks wird durch den speziellen Rei\u00dfverschluss, der die Jacke mit der Hose verbindet, noch verst\u00e4rkt, w\u00e4hrend die Verstellung der<br \/>\nDie Air Frame 3 Tex Jacket, die nach EN 17092 Klasse A zertifiziert ist und \u00fcber Schulter- und Ellbogenpolster aus Verbundwerkstoff verf\u00fcgt, hat auch Taschen, die f\u00fcr die Aufnahme von Pro-Armor-Brustpolstern und R\u00fcckenpolstern G ausgelegt sind. Funktionelle Details wie eine wasserabweisende Innentasche und reflektierende Eins\u00e4tze vervollst\u00e4ndigen diese Motorradjacke, die mit einem Verstellsystem an \u00c4rmeln, H\u00fcfte und Hals ausgestattet ist, um optimalen Fahrkomfort und Bewegungsfreiheit zu gew\u00e4hrleisten.<br \/>\neiner der am meisten gesch\u00e4tzten in der Geschichte von Dainese.<\/p>\n<p>REVIEW<br \/>\nSommer-Motorrad-Netzjacke mit herausnehmbarem Windfutter f\u00fcr maximalen W\u00e4rmekomfort und Vielseitigkeit. Kompositprotektoren<br \/>\nund Taschen f\u00fcr die Aufnahme von Pro-Armor Brust- und R\u00fcckenprotektoren machen diese Jacke zu einem ergonomischen, funktionellen und sch\u00fctzenden Kleidungsst\u00fcck. Sie verf\u00fcgt au\u00dferdem \u00fcber eine wasserdichte Innentasche, eine Zertifizierung nach EN 17092 Klasse A und einen praktischen Verbindungsrei\u00dfverschluss, der sie mit der Drake 2 Super Air Hose kombiniert.<br \/>\nFEATURES<br \/>\n1 interne wasserdichte Tasche<br \/>\n2 Au\u00dfentaschen<br \/>\nMotorradbekleidung mit Zertifikat EN 17092 A<br \/>\nR\u00fcckenschutztasche G1 und G2<br \/>\nPro-Armor Brusttaschen 2 St\u00fcck<br \/>\nReflektierende Eins\u00e4tze<br \/>\nERGONOMIE<br \/>\nEinstellung der Anti-Schwimm-Manschette<br \/>\nElastische und weiche Eins\u00e4tze an den Handgelenken<br \/>\nBefestigungssystem f\u00fcr Jacke und Hose<br \/>\nAnpassungen an Hals, Taille und Handgelenke<br \/>\nHAUPTMATERIALIEN<br \/>\nEins\u00e4tze aus Mesh-Gewebe<br \/>\nQuickDry-Gewebe<br \/>\nPERFORMANCE SHOCK<br \/>\nHerausnehmbare Verbundschilde, zertifiziert nach EN 1621.1<br \/>\nTEMPERATURE<br \/>\nAtmungsaktives Netzfutter<br \/>\nHerausnehmbares winddichtes Futter.<\/p>\n<p>&nbsp;<\/p>\n","protected":false},"excerpt":{"rendered":"<p>Die Air Frame 3 Tex Jacke ist die perfekte Mischung aus technischen L\u00f6sungen und Vielseitigkeit. Die&#8230;<\/p>\n","protected":false},"featured_media":104638,"comment_status":"open","ping_status":"open","template":"","meta":{"_acf_changed":false},"brand":[2113],"gender":[],"product_brand":[],"product_cat":[1357,2045,2048],"product_tag":[2399,2342,2185],"class_list":{"0":"post-104805","1":"product","2":"type-product","3":"status-publish","4":"has-post-thumbnail","6":"brand-dainese-de","7":"product_cat-ausrustung-fur-motorradfahrer","8":"product_cat-jakne-de","9":"product_cat-textil-jacken","10":"product_tag-beluftet","11":"product_tag-jacken","12":"product_tag-kleidung","13":"pa_barva-grun","14":"pa_product-code-da17300003-60l-de","15":"pa_product-id-44449-de","16":"pa_velikost-st-46-de","17":"pa_velikost-st-48-de","18":"pa_velikost-st-50-de","19":"pa_velikost-st-52-de","20":"pa_velikost-st-54-de","21":"pa_velikost-st-56-de","22":"pa_velikost-st-58-de","24":"first","25":"instock","26":"taxable","27":"shipping-taxable","28":"purchasable","29":"product-type-variable"},"acf":[],"_links":{"self":[{"href":"https:\/\/moto-oprema.com\/de\/wp-json\/wp\/v2\/product\/104805","targetHints":{"allow":["GET"]}}],"collection":[{"href":"https:\/\/moto-oprema.com\/de\/wp-json\/wp\/v2\/product"}],"about":[{"href":"https:\/\/moto-oprema.com\/de\/wp-json\/wp\/v2\/types\/product"}],"replies":[{"embeddable":true,"href":"https:\/\/moto-oprema.com\/de\/wp-json\/wp\/v2\/comments?post=104805"}],"wp:featuredmedia":[{"embeddable":true,"href":"https:\/\/moto-oprema.com\/de\/wp-json\/wp\/v2\/media\/104638"}],"wp:attachment":[{"href":"https:\/\/moto-oprema.com\/de\/wp-json\/wp\/v2\/media?parent=104805"}],"wp:term":[{"taxonomy":"brand","embeddable":true,"href":"https:\/\/moto-oprema.com\/de\/wp-json\/wp\/v2\/brand?post=104805"},{"taxonomy":"gender","embeddable":true,"href":"https:\/\/moto-oprema.com\/de\/wp-json\/wp\/v2\/gender?post=104805"},{"taxonomy":"product_brand","embeddable":true,"href":"https:\/\/moto-oprema.com\/de\/wp-json\/wp\/v2\/product_brand?post=104805"},{"taxonomy":"product_cat","embeddable":true,"href":"https:\/\/moto-oprema.com\/de\/wp-json\/wp\/v2\/product_cat?post=104805"},{"taxonomy":"product_tag","embeddable":true,"href":"https:\/\/moto-oprema.com\/de\/wp-json\/wp\/v2\/product_tag?post=104805"}],"curies":[{"name":"wp","href":"https:\/\/api.w.org\/{rel}","templated":true}]}}