{"id":104770,"date":"2023-12-13T11:49:37","date_gmt":"2023-12-13T11:49:37","guid":{"rendered":"https:\/\/moto-oprema.com\/Artikel\/dainese-rolle-wp-hose-schwarz\/"},"modified":"2023-12-13T11:49:37","modified_gmt":"2023-12-13T11:49:37","slug":"dainese-rolle-wp-hose-schwarz","status":"publish","type":"product","link":"https:\/\/moto-oprema.com\/de\/Artikel\/dainese-rolle-wp-hose-schwarz\/","title":{"rendered":"Dainese Rolle Wp Hose Schwarz"},"content":{"rendered":"<p>Dainese Rolle wasserdichte Motorradhose aus Textil<\/p>\n<p>Die Rolle WP ist eine wasserdichte technische Hose f\u00fcr Motorradfahrer, die ein Maximum an Funktionalit\u00e4t und Fahrkomfort suchen, ideal f\u00fcr den Winter und die \u00dcbergangszeit. Die Hose ist mit Funktionen ausgestattet, die die Ergonomie und Passform verbessern, wie z.B. weiche Pro-Armor L1-Polster, die an den Knien verstellbar sind, und Klettverschl\u00fcsse, mit denen die Weite am Saum und an der H\u00fcfte an unterschiedliche K\u00f6rperformen angepasst werden kann. An den H\u00fcften k\u00f6nnen weiche Pro-Shape 2.0-Polster verwendet werden. Die Rolle WP ist mit einem herausnehmbaren Thermofutter f\u00fcr maximale W\u00e4rmeisolierung ausgestattet und passt perfekt zur Veloce D-Dry Jacke, mit der sie dank eines speziellen Verbindungsrei\u00dfverschlusses bequem verbunden werden kann.   <\/p>\n<p>Merkmale:<\/p>\n<p>Die Jacke hat 2 Taschen.<br \/>\nRiemen zur Weitenregulierung<br \/>\nWadenrei\u00dfverschluss<br \/>\nH\u00fcftregulierung<br \/>\nBefestigungssystem f\u00fcr Jacke und Hose<br \/>\n600D Polyester Oxford<br \/>\nSpezifikationen:<\/p>\n<p>Herausnehmbares Thermofutter<br \/>\nPro-Shape 2.0 H\u00fcftprotektorentaschen (EN 1621.1)<br \/>\nPro-Armor: verstellbare und herausnehmbare weiche Knieprotektoren (EN 1621.1)<br \/>\nMotorradschutzanzug (EN 17092), Klasse A<br \/>\nZUS\u00c4TZLICHE PRODUKTINFORMATIONEN<br \/>\nMaterial Au\u00dfenmaterial: 100 % Polyester; Futter: 100 % Nylon<\/p>\n","protected":false},"excerpt":{"rendered":"<p>Dainese Rolle wasserdichte Motorradhose aus Textil Die Rolle WP ist eine wasserdichte technische Hose f\u00fcr Motorradfahrer,&#8230;<\/p>\n","protected":false},"featured_media":25162,"comment_status":"open","ping_status":"open","template":"","meta":{"_acf_changed":false},"brand":[2113],"gender":[],"product_brand":[],"product_cat":[1357,2189],"product_tag":[2365,2185,2341],"class_list":{"0":"post-104770","1":"product","2":"type-product","3":"status-publish","4":"has-post-thumbnail","6":"brand-dainese-de","7":"product_cat-ausrustung-fur-motorradfahrer","8":"product_cat-hose","9":"product_tag-artikel","10":"product_tag-kleidung","11":"product_tag-textil","12":"pa_barva-schwarz-de","13":"pa_product-code-da16700001-001-de","14":"pa_product-id-15181-de","15":"pa_velikost-st-46-de","16":"pa_velikost-st-50-de","17":"pa_velikost-st-52-de","18":"pa_velikost-st-54-de","19":"pa_velikost-st-56-de","21":"first","22":"instock","23":"taxable","24":"shipping-taxable","25":"purchasable","26":"product-type-variable"},"acf":[],"_links":{"self":[{"href":"https:\/\/moto-oprema.com\/de\/wp-json\/wp\/v2\/product\/104770","targetHints":{"allow":["GET"]}}],"collection":[{"href":"https:\/\/moto-oprema.com\/de\/wp-json\/wp\/v2\/product"}],"about":[{"href":"https:\/\/moto-oprema.com\/de\/wp-json\/wp\/v2\/types\/product"}],"replies":[{"embeddable":true,"href":"https:\/\/moto-oprema.com\/de\/wp-json\/wp\/v2\/comments?post=104770"}],"wp:featuredmedia":[{"embeddable":true,"href":"https:\/\/moto-oprema.com\/de\/wp-json\/wp\/v2\/media\/25162"}],"wp:attachment":[{"href":"https:\/\/moto-oprema.com\/de\/wp-json\/wp\/v2\/media?parent=104770"}],"wp:term":[{"taxonomy":"brand","embeddable":true,"href":"https:\/\/moto-oprema.com\/de\/wp-json\/wp\/v2\/brand?post=104770"},{"taxonomy":"gender","embeddable":true,"href":"https:\/\/moto-oprema.com\/de\/wp-json\/wp\/v2\/gender?post=104770"},{"taxonomy":"product_brand","embeddable":true,"href":"https:\/\/moto-oprema.com\/de\/wp-json\/wp\/v2\/product_brand?post=104770"},{"taxonomy":"product_cat","embeddable":true,"href":"https:\/\/moto-oprema.com\/de\/wp-json\/wp\/v2\/product_cat?post=104770"},{"taxonomy":"product_tag","embeddable":true,"href":"https:\/\/moto-oprema.com\/de\/wp-json\/wp\/v2\/product_tag?post=104770"}],"curies":[{"name":"wp","href":"https:\/\/api.w.org\/{rel}","templated":true}]}}