{"id":104720,"date":"2023-12-13T11:49:33","date_gmt":"2023-12-13T11:49:33","guid":{"rendered":"https:\/\/moto-oprema.com\/Artikel\/dainese-tempest-3-d-dry-s-t-hose-schwarz\/"},"modified":"2023-12-13T11:49:33","modified_gmt":"2023-12-13T11:49:33","slug":"dainese-tempest-3-d-dry-s-t-hose-schwarz","status":"publish","type":"product","link":"https:\/\/moto-oprema.com\/de\/Artikel\/dainese-tempest-3-d-dry-s-t-hose-schwarz\/","title":{"rendered":"Dainese Tempest 3 D-dry S\/t Hose Schwarz"},"content":{"rendered":"<div class=\"tabs-panels\">\n<p>Dainese Tempest 3 D-Dry Motorrad Textilhose verk\u00fcrztes und verl\u00e4ngertes Modell<\/p>\n<p>Die Tempest 3 D-Dry\u00ae Hose wurde entwickelt, um dem Tr\u00e4ger das ganze Jahr \u00fcber Sicherheit und Komfort zu bieten. Mit der wasserdichten D-Dry\u00ae-Membran ist jeder Tag perfekt zum Fahren und Regen und Wetter sind kein Problem mehr. Ein herausnehmbares Thermofutter sorgt f\u00fcr Komfort an den k\u00e4ltesten Tagen und unter allen Bedingungen, und die h\u00f6chsten Sicherheitsstandards von Dainese werden durch die Pro-Armor Lev. 2, Typ B Knieschoner erf\u00fcllt. Dies ist die h\u00f6chste Zertifizierungsstufe f\u00fcr den Schutz der Gliedma\u00dfen mit dem gr\u00f6\u00dftm\u00f6glichen Schutzbereich. Inspiriert von der Geometrie nat\u00fcrlicher Fraktale bietet die Dainese Pro-Armor Technologie maximalen Schutz mit der Beweglichkeit eines weichen Protektors und idealer Bel\u00fcftung dank einer perforierten Oberfl\u00e4che auf 40% der Fl\u00e4che. Diese Hose wurde entwickelt, um die Dainese Tempest 3 D-Dry\u00ae und X-Tourer Jacken perfekt zu erg\u00e4nzen.      <\/p>\n<p>Merkmale:<\/p>\n<p>Motorradtourenhose<br \/>\naus D-Stone-Gewebe in Bereichen mit hohem Abrieb<br \/>\nwasserdichte und atmungsaktive D-Dry\u00ae-Membran (20.000 mm)<br \/>\nHerausnehmbares Thermofutter<br \/>\nGanzjahreseinsatz<br \/>\nBel\u00fcftungs\u00f6ffnungen an der Hose<br \/>\nBefestigungssystem f\u00fcr Jacke und Hose<br \/>\nBundverstellung<br \/>\nRei\u00dfverschluss im Lendenbereich<br \/>\n2 Au\u00dfentaschen<br \/>\nReflektierende Eins\u00e4tze<br \/>\nKompatibel mit Dainese Schultergurt-Kit<br \/>\nMotorradschutzhose, zugelassen nach prEN 17092<br \/>\nPro-Armor Knieschoner (EN 1621.1, Stufe 2, Typ B)<br \/>\nVorbereitet f\u00fcr H\u00fcftprotektoren (nicht im Lieferumfang enthalten)<br \/>\nIm Lieferumfang enthalten:<\/p>\n<p>Inklusive 1 x Dainese Hose<br \/>\n1 Paar Knieschoner<br \/>\nZUS\u00c4TZLICHE PRODUKTINFORMATIONEN<br \/>\nAu\u00dfenmaterial: 93% Nylon, 6% Polyester, 1% Elastan \/ Innenfutter: 92% Polyester, 8% Nylon \/ Herausnehmbares Thermofutter: 100% Polyester<\/p>\n<\/div>\n","protected":false},"excerpt":{"rendered":"<p>Dainese Tempest 3 D-Dry Motorrad Textilhose verk\u00fcrztes und verl\u00e4ngertes Modell Die Tempest 3 D-Dry\u00ae Hose wurde&#8230;<\/p>\n","protected":false},"featured_media":104735,"comment_status":"open","ping_status":"closed","template":"","meta":{"_acf_changed":false},"brand":[2113],"gender":[],"product_brand":[],"product_cat":[1357,2045],"product_tag":[2365,2185,2341],"class_list":{"0":"post-104720","1":"product","2":"type-product","3":"status-publish","4":"has-post-thumbnail","6":"brand-dainese-de","7":"product_cat-ausrustung-fur-motorradfahrer","8":"product_cat-jakne-de","9":"product_tag-artikel","10":"product_tag-kleidung","11":"product_tag-textil","12":"pa_barva-schwarz-de","13":"pa_product-code-da16700004-631-de","14":"pa_product-id-15085-de","15":"pa_velikost-st-104-de","16":"pa_velikost-st-110-de","17":"pa_velikost-st-116-de","18":"pa_velikost-st-30-de","19":"pa_velikost-st-98-de","21":"first","22":"instock","23":"taxable","24":"shipping-taxable","25":"purchasable","26":"product-type-variable"},"acf":[],"_links":{"self":[{"href":"https:\/\/moto-oprema.com\/de\/wp-json\/wp\/v2\/product\/104720","targetHints":{"allow":["GET"]}}],"collection":[{"href":"https:\/\/moto-oprema.com\/de\/wp-json\/wp\/v2\/product"}],"about":[{"href":"https:\/\/moto-oprema.com\/de\/wp-json\/wp\/v2\/types\/product"}],"replies":[{"embeddable":true,"href":"https:\/\/moto-oprema.com\/de\/wp-json\/wp\/v2\/comments?post=104720"}],"wp:featuredmedia":[{"embeddable":true,"href":"https:\/\/moto-oprema.com\/de\/wp-json\/wp\/v2\/media\/104735"}],"wp:attachment":[{"href":"https:\/\/moto-oprema.com\/de\/wp-json\/wp\/v2\/media?parent=104720"}],"wp:term":[{"taxonomy":"brand","embeddable":true,"href":"https:\/\/moto-oprema.com\/de\/wp-json\/wp\/v2\/brand?post=104720"},{"taxonomy":"gender","embeddable":true,"href":"https:\/\/moto-oprema.com\/de\/wp-json\/wp\/v2\/gender?post=104720"},{"taxonomy":"product_brand","embeddable":true,"href":"https:\/\/moto-oprema.com\/de\/wp-json\/wp\/v2\/product_brand?post=104720"},{"taxonomy":"product_cat","embeddable":true,"href":"https:\/\/moto-oprema.com\/de\/wp-json\/wp\/v2\/product_cat?post=104720"},{"taxonomy":"product_tag","embeddable":true,"href":"https:\/\/moto-oprema.com\/de\/wp-json\/wp\/v2\/product_tag?post=104720"}],"curies":[{"name":"wp","href":"https:\/\/api.w.org\/{rel}","templated":true}]}}