{"id":104686,"date":"2023-12-13T11:49:12","date_gmt":"2023-12-13T11:49:12","guid":{"rendered":"https:\/\/moto-oprema.com\/Artikel\/dainese-after-ride-isolierte-jacke-grau\/"},"modified":"2023-12-13T11:49:12","modified_gmt":"2023-12-13T11:49:12","slug":"dainese-after-ride-isolierte-jacke-grau","status":"publish","type":"product","link":"https:\/\/moto-oprema.com\/de\/Artikel\/dainese-after-ride-isolierte-jacke-grau\/","title":{"rendered":"Dainese After Ride Isolierte Jacke Grau"},"content":{"rendered":"<div class=\"tabs-panels\">\n<p>100% winddichte Jacke mit elastischen Eins\u00e4tzen.<\/p>\n<p>Die After Ride Insulated Jacket ist aus 100 % winddichtem Material gefertigt und bietet bei allen Wetterbedingungen ein H\u00f6chstma\u00df an Schutz vor K\u00e4lte. Ausgestattet mit zwei Fronttaschen und winddichten Rei\u00dfverschl\u00fcssen ist die After Ride Insulated Jacket das ideale Kleidungsst\u00fcck, das Sie auch dann tragen k\u00f6nnen, wenn Sie vom Fahrrad absteigen. Die perfekte Kombination aus W\u00e4rmekomfort und au\u00dfergew\u00f6hnlicher Bewegungsfreiheit dank der Leichtigkeit des Kleidungsst\u00fccks und der elastischen Eins\u00e4tze.  <\/p>\n<p>FEATURES<\/p>\n<p>2 externe Fronttaschen<\/p>\n<p>wasserabweisend<\/p>\n<p>TEMPERATUR<\/p>\n<p>Thermische Polsterung 130 g.<\/p>\n<p>Zusammensetzung des Rohmaterials:<\/p>\n<p>100% Polyester<\/p>\n<\/div>\n","protected":false},"excerpt":{"rendered":"<p>100% winddichte Jacke mit elastischen Eins\u00e4tzen. Die After Ride Insulated Jacket ist aus 100 % winddichtem&#8230;<\/p>\n","protected":false},"featured_media":25018,"comment_status":"open","ping_status":"closed","template":"","meta":{"_acf_changed":false},"brand":[2113],"gender":[],"product_brand":[],"product_cat":[2179,2471],"product_tag":[2185,2468,2467],"class_list":{"0":"post-104686","1":"product","2":"type-product","3":"status-publish","4":"has-post-thumbnail","6":"brand-dainese-de","7":"product_cat-freizeitkleidung","8":"product_cat-jakne-de-2","9":"product_tag-kleidung","10":"product_tag-top-de","11":"product_tag-unterwasche","12":"pa_barva-grau","13":"pa_product-code-da19100005-011-de","14":"pa_product-id-32220-de","15":"pa_velikost-st-2xl-de","16":"pa_velikost-st-l-de","17":"pa_velikost-st-m-de","18":"pa_velikost-st-s-de","19":"pa_velikost-st-xl-de","21":"first","22":"instock","23":"taxable","24":"shipping-taxable","25":"purchasable","26":"product-type-variable"},"acf":[],"_links":{"self":[{"href":"https:\/\/moto-oprema.com\/de\/wp-json\/wp\/v2\/product\/104686","targetHints":{"allow":["GET"]}}],"collection":[{"href":"https:\/\/moto-oprema.com\/de\/wp-json\/wp\/v2\/product"}],"about":[{"href":"https:\/\/moto-oprema.com\/de\/wp-json\/wp\/v2\/types\/product"}],"replies":[{"embeddable":true,"href":"https:\/\/moto-oprema.com\/de\/wp-json\/wp\/v2\/comments?post=104686"}],"wp:featuredmedia":[{"embeddable":true,"href":"https:\/\/moto-oprema.com\/de\/wp-json\/wp\/v2\/media\/25018"}],"wp:attachment":[{"href":"https:\/\/moto-oprema.com\/de\/wp-json\/wp\/v2\/media?parent=104686"}],"wp:term":[{"taxonomy":"brand","embeddable":true,"href":"https:\/\/moto-oprema.com\/de\/wp-json\/wp\/v2\/brand?post=104686"},{"taxonomy":"gender","embeddable":true,"href":"https:\/\/moto-oprema.com\/de\/wp-json\/wp\/v2\/gender?post=104686"},{"taxonomy":"product_brand","embeddable":true,"href":"https:\/\/moto-oprema.com\/de\/wp-json\/wp\/v2\/product_brand?post=104686"},{"taxonomy":"product_cat","embeddable":true,"href":"https:\/\/moto-oprema.com\/de\/wp-json\/wp\/v2\/product_cat?post=104686"},{"taxonomy":"product_tag","embeddable":true,"href":"https:\/\/moto-oprema.com\/de\/wp-json\/wp\/v2\/product_tag?post=104686"}],"curies":[{"name":"wp","href":"https:\/\/api.w.org\/{rel}","templated":true}]}}