{"id":104671,"date":"2023-12-13T11:47:27","date_gmt":"2023-12-13T11:47:27","guid":{"rendered":"https:\/\/moto-oprema.com\/Artikel\/dainese-mugello-3-perforiert-1pc-d-air-anzug-rot-fluo\/"},"modified":"2023-12-13T11:47:27","modified_gmt":"2023-12-13T11:47:27","slug":"dainese-mugello-3-perforiert-1pc-d-air-anzug-rot-fluo","status":"publish","type":"product","link":"https:\/\/moto-oprema.com\/de\/Artikel\/dainese-mugello-3-perforiert-1pc-d-air-anzug-rot-fluo\/","title":{"rendered":"Dainese Mugello 3 Perforiert 1PC D-Air Anzug Rot Fluo"},"content":{"rendered":"<p>Die neueste Generation von Motorradanz\u00fcgen aus K\u00e4nguruleder. Leicht und leistungsstark, ausgestattet mit einem penta-axialen elastischen System und dem revolution\u00e4ren D-air\u00ae dreifach aktivierbaren Renn-Airbag. <\/p>\n<p>BESCHREIBUNG<\/p>\n<p>Der fortschrittlichste Motorradanzug aller Zeiten. Der Mugello 3 Perf ist komplett aus feinem und strapazierf\u00e4higem K\u00e4nguruleder gefertigt. Das D-air\u00ae System wurde entwickelt, um maximale Leistung und Sicherheit auf der Rennstrecke zu gew\u00e4hrleisten. Die Technologien, die bei der Konstruktion der Anz\u00fcge des Mugello 3 Perf zum Einsatz kommen, garantieren maximale Leistung. Der extrem ergonomische D-air\u00ae Anzug und der leichteste luftgepolsterte Anzug der Welt. Durch die Entwicklung eines triaxialen Konzepts erm\u00f6glicht das innovative pentaxiale elastische System am R\u00fccken eine gr\u00f6\u00dfere Bewegungsfreiheit und eine h\u00f6here Flexibilit\u00e4t beim Biegen, da sich diese Technologie in f\u00fcnf Richtungen ausdehnt und sich den Bewegungen des Motorradfahrers anpasst. Der Mugello 3 Perf. D-air\u00ae ist mit dem D-air\u00ae RACING SHIELD 3X System ausgestattet, das eine komfortable Racing Shield Airbagtasche mit patentierter Mikrofasertechnologie umfasst, die bis zu 3 Aktivierungen unterst\u00fctzt. Das System deckt den Hals-, Schl\u00fcsselbein- und Schulterbereich ab und kann durch einen unabh\u00e4ngigen Austausch des Gasgenerators der neuesten Generation aufgef\u00fcllt werden. F\u00fcr maximale Ergonomie und Komfort ist der Anzug mit dem Veloce Racing Neck System ausgestattet, das den Druck auf den Hals reduziert und die Bewegungsfreiheit erh\u00f6ht, sowie mit Pro-Armor Schulterpolstern und weichen Eins\u00e4tzen an den H\u00fcften. Die Manschetten sind mit selbstschlie\u00dfenden Rei\u00dfverschl\u00fcssen ausgestattet, die den traditionellen Klettverschluss ersetzen, und das Soft Edges Construction System am Hals und an den Manschetten erm\u00f6glicht maximalen Komfort und eine flexible Passform f\u00fcr alle Armformen und -l\u00e4ngen. Die Titan-Paneele an Knien, Schultern und Ellbogen sind so konzipiert, dass sie im Falle eines Sturzes das Abrutschen erleichtern, und sie sind leicht und extrem abriebfest. Das Replaceable Slide System (RSS) erm\u00f6glicht das Auswechseln der Rutsche, ohne die Position der am Klettverschluss des Anzugs befestigten Basis zu ver\u00e4ndern. Auf Ellbogenh\u00f6he bietet es zwei verschiedene Positionen, je nach Vorliebe und dem erreichten Neigungswinkel, der mit einem einfachen Klick eingestellt werden kann. Die geringere Anzahl von N\u00e4hten im Vergleich zu herk\u00f6mmlichen Anz\u00fcgen erh\u00f6ht die Bewegungsfreiheit des Fahrers und reduziert gleichzeitig das Gesamtgewicht des Anzugs und m\u00f6gliche Bruchstellen. Alle Enden sind aus weichem, komfortablem und strapazierf\u00e4higem, abriebfestem Gewebe gefertigt. Sicherheit wird mit thermischem Komfort kombiniert, der durch perforiertes Gewebe auf beiden Seiten des Anzugs und gr\u00f6\u00dfere Bel\u00fcftungszonen in wichtigen Bereichen gew\u00e4hrleistet wird. Erg\u00e4nzt werden die Eigenschaften dieses revolution\u00e4ren Motorradanzugs durch ein Boot-In-System, mit dem die mitgelieferten Stiefel unter dem Anzug getragen werden k\u00f6nnen und so maximalen Schutz f\u00fcr F\u00fc\u00dfe und Kn\u00f6chel bieten, einen Satz Wassers\u00e4cke und ein herausnehmbares und waschbares Innenfutter.                 <\/p>\n<p>FUNKTIONEN<\/p>\n<p>D-air\u00ae FRS Gasgenerator<br \/>\nD-air\u00ae Racing Airbag-Schutz, 3 Aktivierungen<br \/>\nMotorradbekleidung zertifiziert nach AAA EN 17092<br \/>\nRSS 4.0 Auswechselbarer Ellbogenschieber<br \/>\nRSS 4.0 Auswechselbarer Knieschleifer<br \/>\nWassersack-Kit<\/p>\n<p>ERGONOMIE<\/p>\n<p>Hump Racing Aerodynamik<br \/>\nPentaxal-Stretch-System im R\u00fccken<br \/>\nSoft-Edge-Konstruktion<br \/>\nFast Racing Neck<\/p>\n<p>HAUPTMATERIALIEN<\/p>\n<p>K\u00e4nguruleder<\/p>\n<p>Leistung beeinflussen<\/p>\n<p>Ellbogensch\u00fctzer aus Verbundwerkstoff, zertifiziert nach EN 1621.1<br \/>\nKniesch\u00fctzer aus Verbundwerkstoff, zertifiziert nach EN 1621.1<br \/>\nD-air\u00ae Airbag-System<br \/>\nPro-Shape: weiche Protektoren, zertifiziert nach EN 1621.1, an den H\u00fcften<br \/>\nNahtlose Titanplatten an Schultern, Ellbogen und Knien<br \/>\nWeiche Protektoren, zertifiziert nach EN 1621.1 Lev. 1, an den Schultern <\/p>\n<p>TEMPERATUR<\/p>\n<p>Atmungsaktives Mesh-Futter<br \/>\nLokale Perforation<\/p>\n<p>MIT D-AIR\u00ae BEDECKTE FL\u00c4CHEN<\/p>\n<p>Nacken<br \/>\nSchultern.<\/p>\n<p>&nbsp;<\/p>\n","protected":false},"excerpt":{"rendered":"<p>Die neueste Generation von Motorradanz\u00fcgen aus K\u00e4nguruleder. Leicht und leistungsstark, ausgestattet mit einem penta-axialen elastischen System&#8230;<\/p>\n","protected":false},"featured_media":104683,"comment_status":"open","ping_status":"closed","template":"","meta":{"_acf_changed":false},"brand":[2113],"gender":[],"product_brand":[],"product_cat":[2220,1357],"product_tag":[2464,2185,2463],"class_list":{"0":"post-104671","1":"product","2":"type-product","3":"status-publish","4":"has-post-thumbnail","6":"brand-dainese-de","7":"product_cat-1-teilige-latzhose","8":"product_cat-ausrustung-fur-motorradfahrer","9":"product_tag-anzuge","10":"product_tag-kleidung","11":"product_tag-leder-einteiler","12":"pa_size-48-de","13":"pa_size-50-de","14":"pa_size-52-de","15":"pa_size-54-de","16":"pa_size-56-de","17":"pa_size-58-de","19":"first","20":"instock","21":"sale","22":"taxable","23":"shipping-taxable","24":"purchasable","25":"product-type-variable"},"acf":[],"_links":{"self":[{"href":"https:\/\/moto-oprema.com\/de\/wp-json\/wp\/v2\/product\/104671","targetHints":{"allow":["GET"]}}],"collection":[{"href":"https:\/\/moto-oprema.com\/de\/wp-json\/wp\/v2\/product"}],"about":[{"href":"https:\/\/moto-oprema.com\/de\/wp-json\/wp\/v2\/types\/product"}],"replies":[{"embeddable":true,"href":"https:\/\/moto-oprema.com\/de\/wp-json\/wp\/v2\/comments?post=104671"}],"wp:featuredmedia":[{"embeddable":true,"href":"https:\/\/moto-oprema.com\/de\/wp-json\/wp\/v2\/media\/104683"}],"wp:attachment":[{"href":"https:\/\/moto-oprema.com\/de\/wp-json\/wp\/v2\/media?parent=104671"}],"wp:term":[{"taxonomy":"brand","embeddable":true,"href":"https:\/\/moto-oprema.com\/de\/wp-json\/wp\/v2\/brand?post=104671"},{"taxonomy":"gender","embeddable":true,"href":"https:\/\/moto-oprema.com\/de\/wp-json\/wp\/v2\/gender?post=104671"},{"taxonomy":"product_brand","embeddable":true,"href":"https:\/\/moto-oprema.com\/de\/wp-json\/wp\/v2\/product_brand?post=104671"},{"taxonomy":"product_cat","embeddable":true,"href":"https:\/\/moto-oprema.com\/de\/wp-json\/wp\/v2\/product_cat?post=104671"},{"taxonomy":"product_tag","embeddable":true,"href":"https:\/\/moto-oprema.com\/de\/wp-json\/wp\/v2\/product_tag?post=104671"}],"curies":[{"name":"wp","href":"https:\/\/api.w.org\/{rel}","templated":true}]}}