{"id":104593,"date":"2024-03-11T10:07:38","date_gmt":"2024-03-11T10:07:38","guid":{"rendered":"https:\/\/moto-oprema.com\/Artikel\/airoh-twist-3-0-mx-helm-massiv-schwarz-matt\/"},"modified":"2024-03-11T10:07:38","modified_gmt":"2024-03-11T10:07:38","slug":"airoh-twist-3-0-mx-helm-massiv-schwarz-matt","status":"publish","type":"product","link":"https:\/\/moto-oprema.com\/de\/Artikel\/airoh-twist-3-0-mx-helm-massiv-schwarz-matt\/","title":{"rendered":"AIROH TWIST 3.0 MX HELM MASSIV SCHWARZ MATT"},"content":{"rendered":"<p>Der Airoh Twist 3 Helm hat eine doppelte HRT-Schale mit einem optimierten Bel\u00fcftungssystem, das selbst unter den anspruchsvollsten Bedingungen einen hohen Tragekomfort bietet. Sein Aussehen wurde komplett \u00fcberarbeitet und erneuert, nicht nur auf \u00e4sthetischer Ebene, sondern auch in funktioneller und technologischer Hinsicht.  Die k\u00fchnen und aggressiven Linien passen perfekt zu den ASN- und AEFR-Systemen und der Vorinstallation von Bluetooth-Kommunikationssystemen. Alles, was Sie tun m\u00fcssen: Schlie\u00dfen Sie den Doppel-D-Ring und genie\u00dfen Sie Ihr n\u00e4chstes Abenteuer in vollen Z\u00fcgen. <\/p>\n<p>Merkmale:<\/p>\n<p>ASN (Airoh Sliding Net)<br \/>\nAEFR (Airoh Emergency Fast Release)<br \/>\nBluetooth Ready<br \/>\nSpezifikationen: &#8211; Es ist in das Airoh-System integriert, das mit einem Windschutzsystem ausgestattet ist:<\/p>\n<p>Gr\u00f6\u00dfe: XS &#8211; XXL<br \/>\nGewicht: 1380 g (+\/- 50 g)<br \/>\nMaterial: HRT (High Resistance Thermoplastic)<br \/>\nVerschluss: Doppel-D<br \/>\nECE: 22.06<\/p>\n","protected":false},"excerpt":{"rendered":"<p>Der Airoh Twist 3 Helm hat eine doppelte HRT-Schale mit einem optimierten Bel\u00fcftungssystem, das selbst unter&#8230;<\/p>\n","protected":false},"featured_media":27124,"comment_status":"open","ping_status":"open","template":"","meta":{"_acf_changed":false},"brand":[2137],"gender":[],"product_brand":[],"product_cat":[2028,2063],"product_tag":[],"class_list":{"0":"post-104593","1":"product","2":"type-product","3":"status-publish","4":"has-post-thumbnail","6":"brand-airoh-de","7":"product_cat-motocross-ausrustung","8":"product_cat-mx-helme","9":"pa_size-l-de","10":"pa_size-m-de","11":"pa_size-s-de","12":"pa_size-xl-de","13":"pa_size-xs-de","14":"pa_size-xxl-de","16":"first","17":"instock","18":"sale","19":"taxable","20":"shipping-taxable","21":"purchasable","22":"product-type-variable"},"acf":[],"_links":{"self":[{"href":"https:\/\/moto-oprema.com\/de\/wp-json\/wp\/v2\/product\/104593","targetHints":{"allow":["GET"]}}],"collection":[{"href":"https:\/\/moto-oprema.com\/de\/wp-json\/wp\/v2\/product"}],"about":[{"href":"https:\/\/moto-oprema.com\/de\/wp-json\/wp\/v2\/types\/product"}],"replies":[{"embeddable":true,"href":"https:\/\/moto-oprema.com\/de\/wp-json\/wp\/v2\/comments?post=104593"}],"wp:featuredmedia":[{"embeddable":true,"href":"https:\/\/moto-oprema.com\/de\/wp-json\/wp\/v2\/media\/27124"}],"wp:attachment":[{"href":"https:\/\/moto-oprema.com\/de\/wp-json\/wp\/v2\/media?parent=104593"}],"wp:term":[{"taxonomy":"brand","embeddable":true,"href":"https:\/\/moto-oprema.com\/de\/wp-json\/wp\/v2\/brand?post=104593"},{"taxonomy":"gender","embeddable":true,"href":"https:\/\/moto-oprema.com\/de\/wp-json\/wp\/v2\/gender?post=104593"},{"taxonomy":"product_brand","embeddable":true,"href":"https:\/\/moto-oprema.com\/de\/wp-json\/wp\/v2\/product_brand?post=104593"},{"taxonomy":"product_cat","embeddable":true,"href":"https:\/\/moto-oprema.com\/de\/wp-json\/wp\/v2\/product_cat?post=104593"},{"taxonomy":"product_tag","embeddable":true,"href":"https:\/\/moto-oprema.com\/de\/wp-json\/wp\/v2\/product_tag?post=104593"}],"curies":[{"name":"wp","href":"https:\/\/api.w.org\/{rel}","templated":true}]}}