{"id":104576,"date":"2024-08-01T14:31:43","date_gmt":"2024-08-01T14:31:43","guid":{"rendered":"https:\/\/moto-oprema.com\/Artikel\/hjc-rpha12-maximized-venom-marvel\/"},"modified":"2024-08-01T14:31:43","modified_gmt":"2024-08-01T14:31:43","slug":"hjc-rpha12-maximized-venom-marvel","status":"publish","type":"product","link":"https:\/\/moto-oprema.com\/de\/Artikel\/hjc-rpha12-maximized-venom-marvel\/","title":{"rendered":"HJC RPHA12 Maximized Venom Marvel"},"content":{"rendered":"<p>HJC RPHA12 &#8211; neues Modell des beliebten Sporthelms<\/p>\n<div class=\"_message-content_1fv7d_2 _message-content--markdown_1fv7d_20\">Premium Integrated Matrix \/ P.I.M. EVO: Verst\u00e4rkungsmaterialien, darunter eine Mischung aus Carbon, Aramid- und Naturfasern, sorgen f\u00fcr eine bessere Leistung in Bezug auf Sto\u00dffestigkeit, mehr Komfort und Leichtigkeit.<\/div>\n<div class=\"_message-content_1fv7d_2 _message-content--markdown_1fv7d_20\">Pinlock Ready HJ-42 VISOR: Bietet 99% UV-Schutz, Anti-Kratz-Beschichtung; Ratsche mit bidirektionalem Stift sorgt f\u00fcr eine reibungslose Bewegung der Ratsche und besseren Halt.<\/div>\n<div class=\"_message-content_1fv7d_2 _message-content--markdown_1fv7d_20\">Aerodynamische Schalenstruktur f\u00fcr extreme Leistung bei H\u00f6chstgeschwindigkeiten.<\/div>\n<div class=\"_message-content_1fv7d_2 _message-content--markdown_1fv7d_20\">Notfallset (saubere Pads) f\u00fcr die sichere und schnelle Rettung in Notsituationen.<\/div>\n<div class=\"_message-content_1fv7d_2 _message-content--markdown_1fv7d_20\">Die gr\u00f6\u00dfere Augen\u00f6ffnung erm\u00f6glicht eine bessere periphere Sicht f\u00fcr den Fahrer.<\/div>\n<div class=\"_message-content_1fv7d_2 _message-content--markdown_1fv7d_20\">Das fortschrittliche antibakterielle Innenmaterial sorgt f\u00fcr mehr Atmungsaktivit\u00e4t und schnelles Trocknen.<\/div>\n<div class=\"_message-content_1fv7d_2 _message-content--markdown_1fv7d_20\">Die Innenschale und die Wangenknochen sind herausnehmbar und waschbar.<\/div>\n<div class=\"_message-content_1fv7d_2 _message-content--markdown_1fv7d_20\">Beinhaltet sowohl 2D klare als auch dunkle Rauchvisiere, Pinlock, Kinnschutz und Atemschutz.<\/div>\n<div class=\"_message-content_1fv7d_2 _message-content--markdown_1fv7d_20\">4 Oberteilgr\u00f6\u00dfen: XS, S, M-L, XL-2XL.<\/div>\n<p>&nbsp;<\/p>\n","protected":false},"excerpt":{"rendered":"<p>HJC RPHA 12 Integralhelm Farbe: Maximized Venom Marvel<\/p>\n","protected":false},"featured_media":104582,"comment_status":"open","ping_status":"closed","template":"","meta":{"_acf_changed":false},"brand":[2131],"gender":[],"product_brand":[],"product_cat":[1357,1360,1361],"product_tag":[],"class_list":{"0":"post-104576","1":"product","2":"type-product","3":"status-publish","4":"has-post-thumbnail","6":"brand-hjc-de","7":"product_cat-ausrustung-fur-motorradfahrer","8":"product_cat-helme","9":"product_cat-integral","10":"pa_size-l-de","11":"pa_size-m-de","12":"pa_size-s-de","13":"pa_size-xl-de","14":"pa_size-xs-de","15":"pa_size-xxl-de","16":"pa_size-xxs-de","18":"first","19":"instock","20":"sale","21":"taxable","22":"shipping-taxable","23":"purchasable","24":"product-type-variable"},"acf":[],"_links":{"self":[{"href":"https:\/\/moto-oprema.com\/de\/wp-json\/wp\/v2\/product\/104576","targetHints":{"allow":["GET"]}}],"collection":[{"href":"https:\/\/moto-oprema.com\/de\/wp-json\/wp\/v2\/product"}],"about":[{"href":"https:\/\/moto-oprema.com\/de\/wp-json\/wp\/v2\/types\/product"}],"replies":[{"embeddable":true,"href":"https:\/\/moto-oprema.com\/de\/wp-json\/wp\/v2\/comments?post=104576"}],"wp:featuredmedia":[{"embeddable":true,"href":"https:\/\/moto-oprema.com\/de\/wp-json\/wp\/v2\/media\/104582"}],"wp:attachment":[{"href":"https:\/\/moto-oprema.com\/de\/wp-json\/wp\/v2\/media?parent=104576"}],"wp:term":[{"taxonomy":"brand","embeddable":true,"href":"https:\/\/moto-oprema.com\/de\/wp-json\/wp\/v2\/brand?post=104576"},{"taxonomy":"gender","embeddable":true,"href":"https:\/\/moto-oprema.com\/de\/wp-json\/wp\/v2\/gender?post=104576"},{"taxonomy":"product_brand","embeddable":true,"href":"https:\/\/moto-oprema.com\/de\/wp-json\/wp\/v2\/product_brand?post=104576"},{"taxonomy":"product_cat","embeddable":true,"href":"https:\/\/moto-oprema.com\/de\/wp-json\/wp\/v2\/product_cat?post=104576"},{"taxonomy":"product_tag","embeddable":true,"href":"https:\/\/moto-oprema.com\/de\/wp-json\/wp\/v2\/product_tag?post=104576"}],"curies":[{"name":"wp","href":"https:\/\/api.w.org\/{rel}","templated":true}]}}