{"id":104490,"date":"2024-04-11T08:30:41","date_gmt":"2024-04-11T08:30:41","guid":{"rendered":"https:\/\/moto-oprema.com\/Artikel\/alpinestars-amt-storm-gear-drystar-xf-jacke-schwarz\/"},"modified":"2024-04-11T08:30:41","modified_gmt":"2024-04-11T08:30:41","slug":"alpinestars-amt-storm-gear-drystar-xf-jacke-schwarz","status":"publish","type":"product","link":"https:\/\/moto-oprema.com\/de\/Artikel\/alpinestars-amt-storm-gear-drystar-xf-jacke-schwarz\/","title":{"rendered":"ALPINESTARS AMT STORM GEAR DRYSTAR XF JACKE SCHWARZ"},"content":{"rendered":"<p>Die AMT Storm Gear Drystar\u00aeXF Jacke wurde entwickelt, um optimalen Schutz und Komfort bei extrem nassen Fahrbedingungen zu bieten. Sie ist mit der Alpinestars Drystar\u00aeXF Technologie ausgestattet, die f\u00fcr hervorragende Wasserdichtigkeit und Atmungsaktivit\u00e4t sorgt. Dank des verstaubaren Designs kann die Jacke verstaut werden, bis Sie sie brauchen, was ihre Vielseitigkeit erh\u00f6ht. <\/p>\n<p>1 Drystar\u00ae Die direkte Verschmelzung des Oberstoffs mit der wasserdichten Membran h\u00e4lt das Wasser direkt auf der Au\u00dfenschicht des Kleidungsst\u00fccks auf, bevor es in die Innenschicht eindringen kann, und bietet dem Fahrer so vollst\u00e4ndigen Schutz vor nassen Wetterbedingungen.<br \/>\nBedingungen.<br \/>\n2. Hochwertige Stretch-Konstruktion f\u00fcr maximalen Fahrerkomfort, besonders bei l\u00e4ngeren Fahrten.<br \/>\n3. Doppellagige Ripstop-Konstruktion f\u00fcr erh\u00f6hte Haltbarkeit.<br \/>\n4. Die Jacke kann \u00fcber den vielseitigen Taillenrei\u00dfverschluss mit der AMT Storm Gear Drystar\u00aeXF Ausr\u00fcstung verbunden werden.<br \/>\nSo entsteht ein einteiliger Regenanzug f\u00fcr noch bessere Leistung bei nassem Wetter und extremen Bedingungen.<br \/>\nFrontrei\u00dfverschluss mit versiegelten N\u00e4hten f\u00fcr maximalen Schutz vor eindringendem Wasser.<br \/>\nElastische B\u00fcndchen und elastischer, verstellbarer Bund f\u00fcr eine optimale Passform.<br \/>\nEine wasserdichte Rei\u00dfverschlusstasche auf der Vorderseite zur sicheren Aufbewahrung von wichtigen Gegenst\u00e4nden.<br \/>\nFestes Netzfutter f\u00fcr mehr Komfort beim Radfahren.<br \/>\nElastischer und geformter Kragen f\u00fcr optimalen Schutz gegen das Eindringen von Wasser und Komfort f\u00fcr den Radfahrer.<br \/>\nVerl\u00e4ngerter R\u00fccken f\u00fcr mehr Abdeckung.<br \/>\nEine Aufbewahrungstasche f\u00fcr die Jacke ist im Lieferumfang enthalten.<\/p>\n<p>Zusammensetzung des Rohmaterials:<br \/>\nHauptmaterial: 90% Polyamid, 10% Elastan; Futter: 100% Polyester<\/p>\n","protected":false},"excerpt":{"rendered":"<p>Die AMT Storm Gear Drystar\u00aeXF Jacke wurde entwickelt, um optimalen Schutz und Komfort bei extrem nassen&#8230;<\/p>\n","protected":false},"featured_media":28124,"comment_status":"open","ping_status":"open","template":"","meta":{"_acf_changed":false},"brand":[2111],"gender":[],"product_brand":[],"product_cat":[1357,2045,2048],"product_tag":[],"class_list":{"0":"post-104490","1":"product","2":"type-product","3":"status-publish","4":"has-post-thumbnail","6":"brand-alpinestars-de","7":"product_cat-ausrustung-fur-motorradfahrer","8":"product_cat-jakne-de","9":"product_cat-textil-jacken","10":"pa_size-2xl-de","11":"pa_size-3xl-de","12":"pa_size-4xl-de","13":"pa_size-l-de","14":"pa_size-m-de","15":"pa_size-s-de","16":"pa_size-xl-de","18":"first","19":"instock","20":"sale","21":"taxable","22":"shipping-taxable","23":"purchasable","24":"product-type-variable"},"acf":[],"_links":{"self":[{"href":"https:\/\/moto-oprema.com\/de\/wp-json\/wp\/v2\/product\/104490","targetHints":{"allow":["GET"]}}],"collection":[{"href":"https:\/\/moto-oprema.com\/de\/wp-json\/wp\/v2\/product"}],"about":[{"href":"https:\/\/moto-oprema.com\/de\/wp-json\/wp\/v2\/types\/product"}],"replies":[{"embeddable":true,"href":"https:\/\/moto-oprema.com\/de\/wp-json\/wp\/v2\/comments?post=104490"}],"wp:featuredmedia":[{"embeddable":true,"href":"https:\/\/moto-oprema.com\/de\/wp-json\/wp\/v2\/media\/28124"}],"wp:attachment":[{"href":"https:\/\/moto-oprema.com\/de\/wp-json\/wp\/v2\/media?parent=104490"}],"wp:term":[{"taxonomy":"brand","embeddable":true,"href":"https:\/\/moto-oprema.com\/de\/wp-json\/wp\/v2\/brand?post=104490"},{"taxonomy":"gender","embeddable":true,"href":"https:\/\/moto-oprema.com\/de\/wp-json\/wp\/v2\/gender?post=104490"},{"taxonomy":"product_brand","embeddable":true,"href":"https:\/\/moto-oprema.com\/de\/wp-json\/wp\/v2\/product_brand?post=104490"},{"taxonomy":"product_cat","embeddable":true,"href":"https:\/\/moto-oprema.com\/de\/wp-json\/wp\/v2\/product_cat?post=104490"},{"taxonomy":"product_tag","embeddable":true,"href":"https:\/\/moto-oprema.com\/de\/wp-json\/wp\/v2\/product_tag?post=104490"}],"curies":[{"name":"wp","href":"https:\/\/api.w.org\/{rel}","templated":true}]}}