{"id":104480,"date":"2024-03-27T09:55:23","date_gmt":"2024-03-27T09:55:23","guid":{"rendered":"https:\/\/moto-oprema.com\/Artikel\/spidi-4-jahreszeit-evo-h2out-militar-hose\/"},"modified":"2024-03-27T09:55:23","modified_gmt":"2024-03-27T09:55:23","slug":"spidi-4-jahreszeit-evo-h2out-militar-hose","status":"publish","type":"product","link":"https:\/\/moto-oprema.com\/de\/Artikel\/spidi-4-jahreszeit-evo-h2out-militar-hose\/","title":{"rendered":"SPIDI 4 JAHRESZEIT EVO H2OUT MILITAR HOSE"},"content":{"rendered":"<p><span class=\"VIiyi\" lang=\"sl\" xml_lang=\"sl\"><span class=\"JLqJ4b\">Die 4-Jahreszeiten-Hose Evo H2Out ist die ideale Hose f\u00fcr ganzj\u00e4hriges Motorradfahren.  <\/span><\/span><\/p>\n<p><span class=\"VIiyi\" lang=\"sl\" xml_lang=\"sl\"><span class=\"JLqJ4b\">Merkmale:  <\/span><\/span><\/p>\n<ul>\n<li><span class=\"VIiyi\" lang=\"sl\" xml_lang=\"sl\"><span class=\"JLqJ4b\">aus hochfestem Extra Tenax 6,6 3-Lagen-Nylon (mit hervorragender Abrieb- und Durchsto\u00dffestigkeit)  <\/span><\/span><\/li>\n<li><span class=\"VIiyi\" lang=\"sl\" xml_lang=\"sl\"><span class=\"JLqJ4b\">Polyester mit PU-Beschichtung in Bereichen, die dem Komfort der Hose entsprechen  <\/span><\/span><\/li>\n<li><span class=\"VIiyi\" lang=\"sl\" xml_lang=\"sl\"><span class=\"JLqJ4b\">entsprechen der EN 17092-4:2020 Klasse A.  <\/span><\/span><\/li>\n<li><span class=\"VIiyi\" lang=\"sl\" xml_lang=\"sl\"><span class=\"JLqJ4b\">Multitech abnehmbare Knie- und H\u00fcftpolster (EN 1621-1: 2012)  <\/span><\/span><\/li>\n<li><span class=\"VIiyi\" lang=\"sl\" xml_lang=\"sl\"><span class=\"JLqJ4b\">die Kniepolster sind h\u00f6henverstellbar (maximal 10 Zentimeter), um die richtige Position f\u00fcr die Anatomie und den Fahrstil jedes Fahrers zu finden  <\/span><\/span><\/li>\n<li><span class=\"VIiyi\" lang=\"sl\" xml_lang=\"sl\"><span class=\"JLqJ4b\">enth\u00e4lt auch ein Step-In Wear System (H2Out\u00ae 5K\/5K wasserdichte Membran, die bei Regen oder k\u00fchleren Bedingungen in der Hose getragen werden kann)  <\/span><\/span><\/li>\n<li><span class=\"VIiyi\" lang=\"sl\" xml_lang=\"sl\"><span class=\"JLqJ4b\">2 gro\u00dfe Bel\u00fcftungspaneele an den Oberschenkeln (methodisch positioniert, um maximale Bel\u00fcftung und Feuchtigkeitsabfuhr an Sommertagen zu gew\u00e4hrleisten)  <\/span><\/span><\/li>\n<li><span class=\"VIiyi\" lang=\"sl\" xml_lang=\"sl\"><span class=\"JLqJ4b\">3M\u00ae Scotchlite\u00ae Reflektoren f\u00fcr hervorragende Sichtbarkeit im Dunkeln  <\/span><\/span><\/li>\n<li><span class=\"VIiyi\" lang=\"sl\" xml_lang=\"sl\"><span class=\"JLqJ4b\">F\u00fcr zus\u00e4tzliche Sicherheit verbinden Sie den Rei\u00dfverschluss zwischen Jacke und Hose YKK\u00ae Doppelrei\u00dfverschl\u00fcsse an den Beinen sorgen daf\u00fcr, dass die Hose \u00fcber oder unter Reisestiefeln getragen werden kann<\/span><\/span><\/li>\n<\/ul>\n","protected":false},"excerpt":{"rendered":"<p>Farbe: Olive Schwarz<\/p>\n","protected":false},"featured_media":27679,"comment_status":"open","ping_status":"open","template":"","meta":{"_acf_changed":false},"brand":[2124],"gender":[2168],"product_brand":[],"product_cat":[1357,2189,2211],"product_tag":[],"class_list":{"0":"post-104480","1":"product","2":"type-product","3":"status-publish","4":"has-post-thumbnail","6":"brand-spidi-de","7":"gender-moski-de","8":"product_cat-ausrustung-fur-motorradfahrer","9":"product_cat-hose","10":"product_cat-textil-hose","11":"pa_size-l-de","12":"pa_size-m-de","13":"pa_size-xl-de","14":"pa_size-xxl-de","15":"pa_size-xxxl-de","16":"pa_size-xxxxl-de","18":"first","19":"onbackorder","20":"sale","21":"taxable","22":"shipping-taxable","23":"purchasable","24":"product-type-variable"},"acf":[],"_links":{"self":[{"href":"https:\/\/moto-oprema.com\/de\/wp-json\/wp\/v2\/product\/104480","targetHints":{"allow":["GET"]}}],"collection":[{"href":"https:\/\/moto-oprema.com\/de\/wp-json\/wp\/v2\/product"}],"about":[{"href":"https:\/\/moto-oprema.com\/de\/wp-json\/wp\/v2\/types\/product"}],"replies":[{"embeddable":true,"href":"https:\/\/moto-oprema.com\/de\/wp-json\/wp\/v2\/comments?post=104480"}],"wp:featuredmedia":[{"embeddable":true,"href":"https:\/\/moto-oprema.com\/de\/wp-json\/wp\/v2\/media\/27679"}],"wp:attachment":[{"href":"https:\/\/moto-oprema.com\/de\/wp-json\/wp\/v2\/media?parent=104480"}],"wp:term":[{"taxonomy":"brand","embeddable":true,"href":"https:\/\/moto-oprema.com\/de\/wp-json\/wp\/v2\/brand?post=104480"},{"taxonomy":"gender","embeddable":true,"href":"https:\/\/moto-oprema.com\/de\/wp-json\/wp\/v2\/gender?post=104480"},{"taxonomy":"product_brand","embeddable":true,"href":"https:\/\/moto-oprema.com\/de\/wp-json\/wp\/v2\/product_brand?post=104480"},{"taxonomy":"product_cat","embeddable":true,"href":"https:\/\/moto-oprema.com\/de\/wp-json\/wp\/v2\/product_cat?post=104480"},{"taxonomy":"product_tag","embeddable":true,"href":"https:\/\/moto-oprema.com\/de\/wp-json\/wp\/v2\/product_tag?post=104480"}],"curies":[{"name":"wp","href":"https:\/\/api.w.org\/{rel}","templated":true}]}}