{"id":104400,"date":"2024-03-25T09:09:42","date_gmt":"2024-03-25T09:09:42","guid":{"rendered":"https:\/\/moto-oprema.com\/Artikel\/dainese-mig-3-unisex-handschuhe-schwarz-anthrazit-fl-gelb\/"},"modified":"2024-03-25T09:09:42","modified_gmt":"2024-03-25T09:09:42","slug":"dainese-mig-3-unisex-handschuhe-schwarz-anthrazit-fl-gelb","status":"publish","type":"product","link":"https:\/\/moto-oprema.com\/de\/Artikel\/dainese-mig-3-unisex-handschuhe-schwarz-anthrazit-fl-gelb\/","title":{"rendered":"DAINESE MIG 3 UNISEX HANDSCHUHE SCHWARZ ANTHRAZIT FL.GELB"},"content":{"rendered":"<p>Die Dainese MIG C2 Handschuhe wurden f\u00fcr Motorradfahrer entwickelt, die an hei\u00dfen Sommertagen gerne auf dem Motorrad unterwegs sind. Dank der verschiedenen Schichten aus Leder und Mesh-Eins\u00e4tzen kombinieren diese Sporthandschuhe Bel\u00fcftung mit Leistung und Widerstandsf\u00e4higkeit. Die Fingerkn\u00f6chel sind zus\u00e4tzlich durch einen Polyurethan-Handschuhschutz gesch\u00fctzt. Die Handschuhe sind CE &#8211; Kategorie II &#8211; Pr-EN 13594\/2010 Level 1zertifiziert.   <\/p>\n<p>Merkmale:<\/p>\n<div class=\"description\">\n<p style=\"margin-left: 40px\"><strong>Wichtigste technische Merkmale<\/strong><\/p>\n<ul>\n<li>Polyurethan-Eins\u00e4tze an den Kn\u00f6cheln<\/li>\n<li>Kat. II PrEN 13594\/2010 lev. 1<\/li>\n<\/ul>\n<p style=\"margin-left: 40px\"><strong>Komfort Ergonomie<\/strong><\/p>\n<ul>\n<li>Vorgekr\u00fcmmte Finger<\/li>\n<li>Verstellbarer Manschettenriemen<\/li>\n<li>Komfort Temperatur<\/li>\n<li>Eins\u00e4tze aus Mesh-Gewebe<\/li>\n<li>Weiche Eins\u00e4tze<\/li>\n<\/ul>\n<p style=\"margin-left: 40px\"><strong>Wichtigste Materialien<\/strong><\/p>\n<ul>\n<li>Rindsleder<\/li>\n<li>Verst\u00e4rkte Handfl\u00e4che mit synthetischem Wildleder<\/li>\n<\/ul>\n<\/div>\n<p>50% Echtes Leder, 40% Nylon, 10% Polyurethan<\/p>\n","protected":false},"excerpt":{"rendered":"<p>Die Dainese MIG 3 Handschuhe wurden f\u00fcr Motorradfahrer entwickelt, die an hei\u00dfen Sommertagen gerne auf dem&#8230;<\/p>\n","protected":false},"featured_media":104428,"comment_status":"open","ping_status":"open","template":"","meta":{"_acf_changed":false},"brand":[2113],"gender":[],"product_brand":[],"product_cat":[1357,2086,2188],"product_tag":[],"class_list":{"0":"post-104400","1":"product","2":"type-product","3":"status-publish","4":"has-post-thumbnail","6":"brand-dainese-de","7":"product_cat-ausrustung-fur-motorradfahrer","8":"product_cat-handschuhe","9":"product_cat-lederhandschuhe","10":"pa_size-l-de","11":"pa_size-m-de","12":"pa_size-s-de","13":"pa_size-xl-de","14":"pa_size-xs-de","15":"pa_size-xxl-de","16":"pa_size-xxs-de","17":"pa_size-xxxl-de","18":"pa_size-xxxs-de","20":"first","21":"onbackorder","22":"taxable","23":"shipping-taxable","24":"purchasable","25":"product-type-variable"},"acf":[],"_links":{"self":[{"href":"https:\/\/moto-oprema.com\/de\/wp-json\/wp\/v2\/product\/104400","targetHints":{"allow":["GET"]}}],"collection":[{"href":"https:\/\/moto-oprema.com\/de\/wp-json\/wp\/v2\/product"}],"about":[{"href":"https:\/\/moto-oprema.com\/de\/wp-json\/wp\/v2\/types\/product"}],"replies":[{"embeddable":true,"href":"https:\/\/moto-oprema.com\/de\/wp-json\/wp\/v2\/comments?post=104400"}],"wp:featuredmedia":[{"embeddable":true,"href":"https:\/\/moto-oprema.com\/de\/wp-json\/wp\/v2\/media\/104428"}],"wp:attachment":[{"href":"https:\/\/moto-oprema.com\/de\/wp-json\/wp\/v2\/media?parent=104400"}],"wp:term":[{"taxonomy":"brand","embeddable":true,"href":"https:\/\/moto-oprema.com\/de\/wp-json\/wp\/v2\/brand?post=104400"},{"taxonomy":"gender","embeddable":true,"href":"https:\/\/moto-oprema.com\/de\/wp-json\/wp\/v2\/gender?post=104400"},{"taxonomy":"product_brand","embeddable":true,"href":"https:\/\/moto-oprema.com\/de\/wp-json\/wp\/v2\/product_brand?post=104400"},{"taxonomy":"product_cat","embeddable":true,"href":"https:\/\/moto-oprema.com\/de\/wp-json\/wp\/v2\/product_cat?post=104400"},{"taxonomy":"product_tag","embeddable":true,"href":"https:\/\/moto-oprema.com\/de\/wp-json\/wp\/v2\/product_tag?post=104400"}],"curies":[{"name":"wp","href":"https:\/\/api.w.org\/{rel}","templated":true}]}}