{"id":104339,"date":"2024-03-21T08:43:56","date_gmt":"2024-03-21T08:43:56","guid":{"rendered":"https:\/\/moto-oprema.com\/Artikel\/helite-turtle-airbag-weste-e-turtle-2-fl-gelb\/"},"modified":"2024-03-21T08:43:56","modified_gmt":"2024-03-21T08:43:56","slug":"helite-turtle-airbag-weste-e-turtle-2-fl-gelb","status":"publish","type":"product","link":"https:\/\/moto-oprema.com\/de\/Artikel\/helite-turtle-airbag-weste-e-turtle-2-fl-gelb\/","title":{"rendered":"HELITE TURTLE AIRBAG WESTE E-TURTLE 2 FL.GELB"},"content":{"rendered":"<p>Helite e-Turtle 2.0 luftgepolsterte Weste<\/p>\n<p>Helite pr\u00e4sentiert eine neue Schutzweste mit elektronischem Airbag. Brandneue Technologie f\u00fcr maximalen Schutz auf der Stra\u00dfe. Eine echte Revolution in Sachen Schutz und Sturzerkennung! Die elektronische Airbag-Weste verwendet ein Multi-Sensor-Sensorsystem, das eine vollst\u00e4ndige Situationsanalyse und einen 360-Grad-Schutz erm\u00f6glicht. F\u00fcr einen vollst\u00e4ndigen und optimalen Gesamtschutz wird dringend empfohlen, einen zweiten Sensor (SDU) an der Gabel des Motorrads zu installieren. Diese Option erm\u00f6glicht es, die Erkennungszeit von 60 ms (nur mit Sensoren im G\u00fcrtel) auf 31 ms zu reduzieren, selbst bei Stillstand, niedriger Geschwindigkeit und unabh\u00e4ngig vom Aufprallwinkel.     <\/p>\n<p>Merkmale:<\/p>\n<p>Basierend auf der Turtle 2.0 Airbagweste<br \/>\nDie mechanische Ausl\u00f6seeinheit wurde durch eine elektronische Einheit ersetzt<br \/>\nEnth\u00e4lt Turtle 2.0 und hochwertigen SAS-TEC-R\u00fcckenschutz (wie ein Schildkr\u00f6tenpanzer am Airbag befestigt)<br \/>\nPunktuelle Belastungen des R\u00fcckens werden effektiv verteilt und vom gesamten Airbag absorbiert<br \/>\nDer Schutz ist um ein Vielfaches h\u00f6her als bei einem Standard-Airbag<br \/>\nSchildkr\u00f6tenpanzer-Airbagsysteme haben einen technologischen Vorteil, insbesondere bei einer Kollision mit scharfen und scharfkantigen Gegenst\u00e4nden (z.B. z.B. ein Hindernis, ein Ast oder ein Teil eines Motorrads).<br \/>\nSobald das System ausgel\u00f6st wird, wird nach 80-100 Millisekunden (je nach Gr\u00f6\u00dfe) der optimale Druck erreicht, der vollen Schutz bietet<br \/>\n17-28 Liter (je nach Gr\u00f6\u00dfe) Schutzvolumen bieten Schutz f\u00fcr Hals, Wirbels\u00e4ule, Rippen, Becken, Ferse, Kopf, Schl\u00fcsselbein und innere Organe<br \/>\nDurch einfaches Auswechseln des elektronischen Einsatzes kann die Weste sofort nach dem Gebrauch wiederverwendet werden (wenn keine \u00e4u\u00dferen Sch\u00e4den vorliegen)<br \/>\nDie neue E-Abdeckung mit Clip-On-Anschluss<br \/>\nWas hat sich ge\u00e4ndert?<\/p>\n<p>Neue und optimierte Batterie<br \/>\nVerbesserter Ein\/Aus-Schalter, um ein versehentliches Ausschalten zu verhindern<br \/>\nDie Patrone hat jetzt einen &#8222;Klick&#8220;-Anschluss anstelle einer Buchse<br \/>\nSpezifikationen:<\/p>\n<p>Schutzvolumen: 17-28 Liter<br \/>\nAufprallerkennung: 60 ms (ab 31 ms mit Gabelsensor)<br \/>\nAirbag-Aufladezeit: 80-100 ms (je nach Gr\u00f6\u00dfe)<br \/>\nOptimierte Batteriekapazit\u00e4t<br \/>\nVerbesserter Ein-\/Ausschalter, um ein unbeabsichtigtes Ausschalten des Steuerger\u00e4ts zu verhindern<br \/>\nIntegrierter Schutz: ja (SAS-TEC R\u00fcckenschutz)<\/p>\n<p>&nbsp;<\/p>\n","protected":false},"excerpt":{"rendered":"<p>Helite e-Turtle 2.0 luftgepolsterte Weste Helite pr\u00e4sentiert eine neue Schutzweste mit elektronischem Airbag. Brandneue Technologie f\u00fcr&#8230;<\/p>\n","protected":false},"featured_media":27458,"comment_status":"open","ping_status":"open","template":"","meta":{"_acf_changed":false},"brand":[2425],"gender":[],"product_brand":[],"product_cat":[2221,1357,2209],"product_tag":[],"class_list":{"0":"post-104339","1":"product","2":"type-product","3":"status-publish","4":"has-post-thumbnail","6":"brand-helite-de","7":"product_cat-airbags-de","8":"product_cat-ausrustung-fur-motorradfahrer","9":"product_cat-schutzschilde-und-airbags","10":"pa_size-l-de","11":"pa_size-m-de","12":"pa_size-s-de","13":"pa_size-xl-de","15":"first","16":"instock","17":"sale","18":"taxable","19":"shipping-taxable","20":"purchasable","21":"product-type-variable"},"acf":[],"_links":{"self":[{"href":"https:\/\/moto-oprema.com\/de\/wp-json\/wp\/v2\/product\/104339","targetHints":{"allow":["GET"]}}],"collection":[{"href":"https:\/\/moto-oprema.com\/de\/wp-json\/wp\/v2\/product"}],"about":[{"href":"https:\/\/moto-oprema.com\/de\/wp-json\/wp\/v2\/types\/product"}],"replies":[{"embeddable":true,"href":"https:\/\/moto-oprema.com\/de\/wp-json\/wp\/v2\/comments?post=104339"}],"wp:featuredmedia":[{"embeddable":true,"href":"https:\/\/moto-oprema.com\/de\/wp-json\/wp\/v2\/media\/27458"}],"wp:attachment":[{"href":"https:\/\/moto-oprema.com\/de\/wp-json\/wp\/v2\/media?parent=104339"}],"wp:term":[{"taxonomy":"brand","embeddable":true,"href":"https:\/\/moto-oprema.com\/de\/wp-json\/wp\/v2\/brand?post=104339"},{"taxonomy":"gender","embeddable":true,"href":"https:\/\/moto-oprema.com\/de\/wp-json\/wp\/v2\/gender?post=104339"},{"taxonomy":"product_brand","embeddable":true,"href":"https:\/\/moto-oprema.com\/de\/wp-json\/wp\/v2\/product_brand?post=104339"},{"taxonomy":"product_cat","embeddable":true,"href":"https:\/\/moto-oprema.com\/de\/wp-json\/wp\/v2\/product_cat?post=104339"},{"taxonomy":"product_tag","embeddable":true,"href":"https:\/\/moto-oprema.com\/de\/wp-json\/wp\/v2\/product_tag?post=104339"}],"curies":[{"name":"wp","href":"https:\/\/api.w.org\/{rel}","templated":true}]}}