{"id":104309,"date":"2024-03-18T10:25:30","date_gmt":"2024-03-18T10:25:30","guid":{"rendered":"https:\/\/moto-oprema.com\/Artikel\/spidi-allroad-h2out-shorts-black-ice\/"},"modified":"2024-03-18T10:25:30","modified_gmt":"2024-03-18T10:25:30","slug":"spidi-allroad-h2out-shorts-black-ice","status":"publish","type":"product","link":"https:\/\/moto-oprema.com\/de\/Artikel\/spidi-allroad-h2out-shorts-black-ice\/","title":{"rendered":"SPIDI ALLROAD H2OUT SHORTS BLACK ICE"},"content":{"rendered":"<p>Spidi H2Out Allroad Motorradhose aus Textil<\/p>\n<p>Der Spidi H2Out Allroad h\u00e4lt Sie bei Wind und Wetter sicher auf der Stra\u00dfe.<\/p>\n<p>Merkmale:<\/p>\n<p>H2Out wasserdichte, winddichte und atmungsaktive Kleidung<br \/>\nFestes Netzfutter<br \/>\nHerausnehmbare dreilagige H2Out-Membran InsideOut<br \/>\nmikrometrisches Spannsystem, einstellbar im Lendenwirbelbereich<br \/>\nAkkordeonf\u00f6rmige Teile f\u00fcr eine bessere Passform<br \/>\nverstellbarer Sitz f\u00fcr Knieschutz<br \/>\nHochfestes, dreifach gedrehtes Gewebe aus Nylon 6.6 und Polyester<br \/>\nDreilagiges atmungsaktives, wasser- und winddichtes System<br \/>\nReflektierende Zonen f\u00fcr bessere Sichtbarkeit bei Nacht<br \/>\nperforiertes Mesh-Gewebe<br \/>\n3M Scotchlite &#8211; das beste reflektierende Material<br \/>\nStep-in-Clothing: ein System von Kleidungsschichten<br \/>\nBel\u00fcftungs\u00f6ffnungen<br \/>\nRei\u00dfverschluss zum Verbinden von Jacke und Hose<br \/>\n2-in-1-Hose: Au\u00dfenfutter und H2Out-Membran<br \/>\nInnen: wasserdichte H2Out-Membran, die sowohl innerhalb als auch au\u00dferhalb der Spidi-Bekleidung verwendet werden kann<br \/>\nMotorradschutzausr\u00fcstung gem\u00e4\u00df der Verordnung (EU) 2016\/454<br \/>\nPers\u00f6nliche Schutzausr\u00fcstung &#8211; Schutzkleidung zur Verwendung auf Motorr\u00e4dern (Pr En 17092-3:2017, Klasse AA)<br \/>\nWarrior Lite abnehmbare H\u00fcft- und Kniepolster (EN1621-1 Stufe 2)<br \/>\nSpezifikationen:<\/p>\n<p>Gr\u00f6\u00dfe: M &#8211; 4XL<br \/>\nProtektoren: Knie, H\u00fcfte<br \/>\nGewicht: 2,8 kg<\/p>\n","protected":false},"excerpt":{"rendered":"<p>Spidi H2Out Allroad Motorradhose aus Textil Der Spidi H2Out Allroad h\u00e4lt Sie bei Wind und Wetter&#8230;<\/p>\n","protected":false},"featured_media":27436,"comment_status":"open","ping_status":"closed","template":"","meta":{"_acf_changed":false},"brand":[2124],"gender":[2168],"product_brand":[],"product_cat":[1357,2189,2211],"product_tag":[],"class_list":{"0":"post-104309","1":"product","2":"type-product","3":"status-publish","4":"has-post-thumbnail","6":"brand-spidi-de","7":"gender-moski-de","8":"product_cat-ausrustung-fur-motorradfahrer","9":"product_cat-hose","10":"product_cat-textil-hose","11":"pa_size-l-de","12":"pa_size-m-de","13":"pa_size-xl-de","14":"pa_size-xxl-de","15":"pa_size-xxxl-de","16":"pa_size-xxxxl-de","18":"first","19":"onbackorder","20":"sale","21":"taxable","22":"shipping-taxable","23":"purchasable","24":"product-type-variable"},"acf":[],"_links":{"self":[{"href":"https:\/\/moto-oprema.com\/de\/wp-json\/wp\/v2\/product\/104309","targetHints":{"allow":["GET"]}}],"collection":[{"href":"https:\/\/moto-oprema.com\/de\/wp-json\/wp\/v2\/product"}],"about":[{"href":"https:\/\/moto-oprema.com\/de\/wp-json\/wp\/v2\/types\/product"}],"replies":[{"embeddable":true,"href":"https:\/\/moto-oprema.com\/de\/wp-json\/wp\/v2\/comments?post=104309"}],"wp:featuredmedia":[{"embeddable":true,"href":"https:\/\/moto-oprema.com\/de\/wp-json\/wp\/v2\/media\/27436"}],"wp:attachment":[{"href":"https:\/\/moto-oprema.com\/de\/wp-json\/wp\/v2\/media?parent=104309"}],"wp:term":[{"taxonomy":"brand","embeddable":true,"href":"https:\/\/moto-oprema.com\/de\/wp-json\/wp\/v2\/brand?post=104309"},{"taxonomy":"gender","embeddable":true,"href":"https:\/\/moto-oprema.com\/de\/wp-json\/wp\/v2\/gender?post=104309"},{"taxonomy":"product_brand","embeddable":true,"href":"https:\/\/moto-oprema.com\/de\/wp-json\/wp\/v2\/product_brand?post=104309"},{"taxonomy":"product_cat","embeddable":true,"href":"https:\/\/moto-oprema.com\/de\/wp-json\/wp\/v2\/product_cat?post=104309"},{"taxonomy":"product_tag","embeddable":true,"href":"https:\/\/moto-oprema.com\/de\/wp-json\/wp\/v2\/product_tag?post=104309"}],"curies":[{"name":"wp","href":"https:\/\/api.w.org\/{rel}","templated":true}]}}