{"id":104234,"date":"2024-03-18T09:46:06","date_gmt":"2024-03-18T09:46:06","guid":{"rendered":"https:\/\/moto-oprema.com\/Artikel\/spidi-allroad-h2out-jacke-schwarz-eisrot\/"},"modified":"2024-03-18T09:46:06","modified_gmt":"2024-03-18T09:46:06","slug":"spidi-allroad-h2out-jacke-schwarz-eisrot","status":"publish","type":"product","link":"https:\/\/moto-oprema.com\/de\/Artikel\/spidi-allroad-h2out-jacke-schwarz-eisrot\/","title":{"rendered":"SPIDI ALLROAD H2OUT JACKE SCHWARZ EISROT"},"content":{"rendered":"<p>Spidi H2Out Allroad Motorrad Textiljacke<\/p>\n<p>Die 3-in-1-Jackenkombination ist bei Spidi seit 1994, als Spidi die erste Motorradjacke mit diesem Konstruktionssystem vorstellte, eine Revolution. Millionen von Kilometern und Tausende von Motorradfahrern haben dazu beigetragen, das Sortiment Jahr f\u00fcr Jahr zu verbessern. Die Spidi Allroad ist die ultimative Weiterentwicklung, die Summe aller Erkenntnisse auf diesem Gebiet. Die Jacke kombiniert hochfestes 3-lagiges Extra Tenax 6.6 Nylon &#8211; mit ausgezeichneter Abriebfestigkeit &#8211; und Polyester mit PU-Beschichtung. Die Allroad Jacke wurde gem\u00e4\u00df Pr En 17092-3:2017 Klasse AA getestet und ist mit herausnehmbaren ForceTech Schulter- und Ellbogenpolstern ausgestattet. Die Jacke ist au\u00dferdem mit dem innovativen InsideOut-System ausgestattet, einer wasserdichten 3-lagigen H2Out 10K\/10K-Membran, die bei leichtem Regen innerhalb der Jacke und bei Sturm au\u00dferhalb getragen werden kann. Die Membran verf\u00fcgt \u00fcber verstellbare &#8218;Gamaschen&#8216;, die f\u00fcr die Verwendung des InsideOut-Systems angepasst werden k\u00f6nnen. 3M\u00ae Scotchlite\u00ae Reflektoren sorgen f\u00fcr hervorragende Sichtbarkeit bei Nacht und eine Verbindung zwischen Jacke und Hose mit Rei\u00dfverschluss sorgt f\u00fcr zus\u00e4tzliche Sicherheit. F\u00fcr eine perfekte Passform verf\u00fcgt die Jacke \u00fcber das Spidi Ergofit-System mit verstellbarem E.S.T.-Verschluss am Kragen. F\u00fcr unerwartete Regeng\u00fcsse gibt es eine wasserdichte Au\u00dfentasche, die mit H2Out wasserdichtem Futter auf der Au\u00dfenseite doppelten Schutz bietet.         <\/p>\n<p>Merkmale:<\/p>\n<p>Wasserdichte, winddichte und atmungsaktive H2Out-Kleidung<br \/>\nFestes Netzfutter<br \/>\nHerausnehmbare Polsterung (100 g)<br \/>\nH2Out herausnehmbares Innenfutter, dreilagig laminiertes Gewebe<br \/>\nKragen mit Neopreneins\u00e4tzen<br \/>\n3D-Gewebe, das Schwei\u00df sehr gut absorbiert<br \/>\nintegriertes ErgoFit-System<br \/>\nverstellbarer Verschluss an der H\u00fcfte<br \/>\nRiemen zum Einstellen und Befestigen der Schilde<br \/>\neinstellbare Lanyardspannung<br \/>\nEinstellung und Befestigung der EST<br \/>\nAkkordeonf\u00f6rmige Teile f\u00fcr eine bessere Passform<br \/>\nHochfestes Tenax-Polyamid-Gewebe f\u00fcr hervorragende Abriebfestigkeit<br \/>\nAtmungsaktives, wasser- und winddichtes Dreilagen-System<br \/>\nReflektierende Zonen f\u00fcr bessere Sichtbarkeit bei Nacht<br \/>\nperforiertes Mesh-Gewebe<br \/>\nZweilagiges wasserdichtes, atmungsaktives und winddichtes Laminat<br \/>\n3M Scotchlite &#8211; das beste reflektierende Material<br \/>\nWasserdichte Au\u00dfentasche<br \/>\nwasserdichter Rei\u00dfverschluss<br \/>\nL\u00fcftungsschlitze f\u00fcr bessere Bel\u00fcftung<br \/>\nRei\u00dfverschluss zum Verbinden von Jacke und Hose<br \/>\nHydroback-Ger\u00e4t (V63)<br \/>\n3 Jacken in 1: Au\u00dfenschicht, H2Out-Membran und Steppfutter<br \/>\nKlettverschluss mit Haken und \u00d6sen<br \/>\nWiederverschlie\u00dfbare Bel\u00fcftungsplatten<br \/>\nInside out: verstecktes Schnallensystem f\u00fcr das schrittweise Einsetzen von Bekleidungsjacken<br \/>\nInsideOut: H2Out wasserdichte Membrane, die auf der Innen- und Au\u00dfenseite von Spidi-Bekleidung verwendet werden kann<br \/>\nMagnetischer Halsverschluss<br \/>\nMotorradschutzausr\u00fcstung gem\u00e4\u00df der Verordnung (EU) 2016\/454<br \/>\nPers\u00f6nliche Schutzausr\u00fcstung &#8211; Schutzkleidung zur Verwendung auf Motorr\u00e4dern (Pr En 17092-3:2017, Klasse AA)<br \/>\nR\u00fcckenschutzvorrichtung (Stufe 1 Z53, Z54 oder Stufe 2 Z147)<br \/>\nBrustschutzvorrichtung f\u00fcr Krieger (Stufe 1 Z138)<br \/>\nKrieger Brustger\u00e4t Z157<br \/>\nR\u00fcckhaltesystem (Stufe 2 Z172)<br \/>\nWarrior Lite abnehmbare Schulter- und Ellbogenpolster (En1621-1 Stufe 2)<br \/>\nSpezifikationen:<\/p>\n<p>Gr\u00f6\u00dfe: M &#8211; 4XL<br \/>\nPolster: Schulter, Ellbogen, R\u00fccken (optionales Zubeh\u00f6r &#8211; nicht im Lieferumfang enthalten)<br \/>\nGewicht: 2,8 kg<\/p>\n<p>&nbsp;<\/p>\n","protected":false},"excerpt":{"rendered":"<p>Spidi H2Out Allroad Motorrad Textiljacke Die 3-in-1-Jackenkombination ist bei Spidi seit 1994, als Spidi die erste&#8230;<\/p>\n","protected":false},"featured_media":27389,"comment_status":"open","ping_status":"open","template":"","meta":{"_acf_changed":false},"brand":[2124],"gender":[2168],"product_brand":[],"product_cat":[1357,2045,2048],"product_tag":[],"class_list":{"0":"post-104234","1":"product","2":"type-product","3":"status-publish","4":"has-post-thumbnail","6":"brand-spidi-de","7":"gender-moski-de","8":"product_cat-ausrustung-fur-motorradfahrer","9":"product_cat-jakne-de","10":"product_cat-textil-jacken","11":"pa_size-l-de","12":"pa_size-m-de","13":"pa_size-xl-de","14":"pa_size-xxl-de","15":"pa_size-xxxl-de","16":"pa_size-xxxxl-de","18":"first","19":"onbackorder","20":"sale","21":"taxable","22":"shipping-taxable","23":"purchasable","24":"product-type-variable"},"acf":[],"_links":{"self":[{"href":"https:\/\/moto-oprema.com\/de\/wp-json\/wp\/v2\/product\/104234","targetHints":{"allow":["GET"]}}],"collection":[{"href":"https:\/\/moto-oprema.com\/de\/wp-json\/wp\/v2\/product"}],"about":[{"href":"https:\/\/moto-oprema.com\/de\/wp-json\/wp\/v2\/types\/product"}],"replies":[{"embeddable":true,"href":"https:\/\/moto-oprema.com\/de\/wp-json\/wp\/v2\/comments?post=104234"}],"wp:featuredmedia":[{"embeddable":true,"href":"https:\/\/moto-oprema.com\/de\/wp-json\/wp\/v2\/media\/27389"}],"wp:attachment":[{"href":"https:\/\/moto-oprema.com\/de\/wp-json\/wp\/v2\/media?parent=104234"}],"wp:term":[{"taxonomy":"brand","embeddable":true,"href":"https:\/\/moto-oprema.com\/de\/wp-json\/wp\/v2\/brand?post=104234"},{"taxonomy":"gender","embeddable":true,"href":"https:\/\/moto-oprema.com\/de\/wp-json\/wp\/v2\/gender?post=104234"},{"taxonomy":"product_brand","embeddable":true,"href":"https:\/\/moto-oprema.com\/de\/wp-json\/wp\/v2\/product_brand?post=104234"},{"taxonomy":"product_cat","embeddable":true,"href":"https:\/\/moto-oprema.com\/de\/wp-json\/wp\/v2\/product_cat?post=104234"},{"taxonomy":"product_tag","embeddable":true,"href":"https:\/\/moto-oprema.com\/de\/wp-json\/wp\/v2\/product_tag?post=104234"}],"curies":[{"name":"wp","href":"https:\/\/api.w.org\/{rel}","templated":true}]}}