{"id":104088,"date":"2024-03-11T08:39:03","date_gmt":"2024-03-11T08:39:03","guid":{"rendered":"https:\/\/moto-oprema.com\/Artikel\/alpinestars-mx-trikot-supertech-nord-dunst\/"},"modified":"2024-03-11T08:39:03","modified_gmt":"2024-03-11T08:39:03","slug":"alpinestars-mx-trikot-supertech-nord-dunst","status":"publish","type":"product","link":"https:\/\/moto-oprema.com\/de\/Artikel\/alpinestars-mx-trikot-supertech-nord-dunst\/","title":{"rendered":"ALPINESTARS MX TRIKOT SUPERTECH NORD DUNST"},"content":{"rendered":"<p>Supertech ist eine innovative neue Linie von Motocross-Anz\u00fcgen, die speziell f\u00fcr das Fahren im Gel\u00e4nde entwickelt wurde. Das Trikot ist extrem leicht und besteht aus fortschrittlichem Mesh-Gewebe. Es ist das leichteste Trikot, das je von Alpinestars hergestellt wurde.  <\/p>\n<p>Merkmale:<\/p>\n<ul>\n<li>Ultraleicht<\/li>\n<li>Besserer Schnitt<\/li>\n<li>Stretch-Mesh-Gewebe<\/li>\n<li>Vorgeformte \u00c4rmel<\/li>\n<li>Verl\u00e4ngerter R\u00fccken<\/li>\n<\/ul>\n<p>88% Polyester, 12% Elasthan<\/p>\n","protected":false},"excerpt":{"rendered":"<p>Supertech ist eine innovative neue Linie von Motocross-Anz\u00fcgen, die speziell f\u00fcr das Fahren im Gel\u00e4nde entwickelt&#8230;<\/p>\n","protected":false},"featured_media":27092,"comment_status":"open","ping_status":"open","template":"","meta":{"_acf_changed":false},"brand":[2111],"gender":[],"product_brand":[],"product_cat":[2028,2029],"product_tag":[],"class_list":{"0":"post-104088","1":"product","2":"type-product","3":"status-publish","4":"has-post-thumbnail","6":"brand-alpinestars-de","7":"product_cat-motocross-ausrustung","8":"product_cat-mx-dresi-de","9":"pa_size-l-de","10":"pa_size-m-de","11":"pa_size-s-de","12":"pa_size-xl-de","13":"pa_size-xxl-de","15":"first","16":"onbackorder","17":"sale","18":"taxable","19":"shipping-taxable","20":"purchasable","21":"product-type-variable"},"acf":[],"_links":{"self":[{"href":"https:\/\/moto-oprema.com\/de\/wp-json\/wp\/v2\/product\/104088","targetHints":{"allow":["GET"]}}],"collection":[{"href":"https:\/\/moto-oprema.com\/de\/wp-json\/wp\/v2\/product"}],"about":[{"href":"https:\/\/moto-oprema.com\/de\/wp-json\/wp\/v2\/types\/product"}],"replies":[{"embeddable":true,"href":"https:\/\/moto-oprema.com\/de\/wp-json\/wp\/v2\/comments?post=104088"}],"wp:featuredmedia":[{"embeddable":true,"href":"https:\/\/moto-oprema.com\/de\/wp-json\/wp\/v2\/media\/27092"}],"wp:attachment":[{"href":"https:\/\/moto-oprema.com\/de\/wp-json\/wp\/v2\/media?parent=104088"}],"wp:term":[{"taxonomy":"brand","embeddable":true,"href":"https:\/\/moto-oprema.com\/de\/wp-json\/wp\/v2\/brand?post=104088"},{"taxonomy":"gender","embeddable":true,"href":"https:\/\/moto-oprema.com\/de\/wp-json\/wp\/v2\/gender?post=104088"},{"taxonomy":"product_brand","embeddable":true,"href":"https:\/\/moto-oprema.com\/de\/wp-json\/wp\/v2\/product_brand?post=104088"},{"taxonomy":"product_cat","embeddable":true,"href":"https:\/\/moto-oprema.com\/de\/wp-json\/wp\/v2\/product_cat?post=104088"},{"taxonomy":"product_tag","embeddable":true,"href":"https:\/\/moto-oprema.com\/de\/wp-json\/wp\/v2\/product_tag?post=104088"}],"curies":[{"name":"wp","href":"https:\/\/api.w.org\/{rel}","templated":true}]}}