{"id":104007,"date":"2024-03-04T09:55:22","date_gmt":"2024-03-04T09:55:22","guid":{"rendered":"https:\/\/moto-oprema.com\/Artikel\/airoh-commander-2-reveal-blau-rot-glaenzend\/"},"modified":"2024-03-04T09:55:22","modified_gmt":"2024-03-04T09:55:22","slug":"airoh-commander-2-reveal-blau-rot-glaenzend","status":"publish","type":"product","link":"https:\/\/moto-oprema.com\/de\/Artikel\/airoh-commander-2-reveal-blau-rot-glaenzend\/","title":{"rendered":"AIROH COMMANDER 2 REVEAL BLAU ROT GL\u00c4NZEND"},"content":{"rendered":"<p>Airoh Commander 2 Motocross Helm<\/p>\n<p>\u00dcbernehmen Sie die F\u00fchrung und gehen Sie Ihren eigenen Weg. Commander 2 ist der perfekte Partner. Immer bereit und ansprechbar. Um jedes Hindernis zu \u00fcberwinden, das sich Ihnen in den Weg stellt. Der Commander war ein Hit. Ein Helm f\u00fcr echte Abenteurer, erh\u00e4ltlich in drei verschiedenen Versionen. Mit diesem neuen Upgrade werden die Spielregeln v\u00f6llig neu geschrieben! Zu den wichtigsten Innovationen des Helms Commander 2 geh\u00f6ren die ASN- und AEFR-Systeme, die die Sicherheit des Fahrers weiter erh\u00f6hen, sowie ein ausgekl\u00fcgeltes Bel\u00fcftungssystem, das direkt im Windkanal entwickelt und optimiert wurde. Dar\u00fcber hinaus gibt es ein au\u00dfergew\u00f6hnliches Zubeh\u00f6r in der Box, das das Pinlock 120 XLT System enth\u00e4lt, um das Fahrvergn\u00fcgen exponentiell zu steigern.        <\/p>\n<p>Merkmale:<\/p>\n<p>A3S (Airoh Automatic Anti-Fog System)<br \/>\nASN (Airoh Sliding Net)<br \/>\nAEFR (Airoh Emergency Fast Release)<br \/>\nBluetooth ready<br \/>\nSpezifikationen:<\/p>\n<p>Gr\u00f6\u00dfe: Airoh Airoh Airoh Airoh Airoh Airoh Airoh Airoh Airoh XS &#8211; XXXL<br \/>\nMaterial: HPC (High Performance Composite)<br \/>\nVerschluss: Doppel-D<br \/>\nECE: 22.06<\/p>\n","protected":false},"excerpt":{"rendered":"<p>Airoh Commander 2 Motocross Helm \u00dcbernehmen Sie die F\u00fchrung und gehen Sie Ihren eigenen Weg. Commander&#8230;<\/p>\n","protected":false},"featured_media":26804,"comment_status":"open","ping_status":"open","template":"","meta":{"_acf_changed":false},"brand":[2137],"gender":[],"product_brand":[],"product_cat":[1357,1360,1361,2028],"product_tag":[],"class_list":{"0":"post-104007","1":"product","2":"type-product","3":"status-publish","4":"has-post-thumbnail","6":"brand-airoh-de","7":"product_cat-ausrustung-fur-motorradfahrer","8":"product_cat-helme","9":"product_cat-integral","10":"product_cat-motocross-ausrustung","11":"pa_size-l-de","12":"pa_size-m-de","13":"pa_size-s-de","14":"pa_size-xl-de","15":"pa_size-xs-de","16":"pa_size-xxl-de","18":"first","19":"instock","20":"sale","21":"taxable","22":"shipping-taxable","23":"purchasable","24":"product-type-variable"},"acf":[],"_links":{"self":[{"href":"https:\/\/moto-oprema.com\/de\/wp-json\/wp\/v2\/product\/104007","targetHints":{"allow":["GET"]}}],"collection":[{"href":"https:\/\/moto-oprema.com\/de\/wp-json\/wp\/v2\/product"}],"about":[{"href":"https:\/\/moto-oprema.com\/de\/wp-json\/wp\/v2\/types\/product"}],"replies":[{"embeddable":true,"href":"https:\/\/moto-oprema.com\/de\/wp-json\/wp\/v2\/comments?post=104007"}],"wp:featuredmedia":[{"embeddable":true,"href":"https:\/\/moto-oprema.com\/de\/wp-json\/wp\/v2\/media\/26804"}],"wp:attachment":[{"href":"https:\/\/moto-oprema.com\/de\/wp-json\/wp\/v2\/media?parent=104007"}],"wp:term":[{"taxonomy":"brand","embeddable":true,"href":"https:\/\/moto-oprema.com\/de\/wp-json\/wp\/v2\/brand?post=104007"},{"taxonomy":"gender","embeddable":true,"href":"https:\/\/moto-oprema.com\/de\/wp-json\/wp\/v2\/gender?post=104007"},{"taxonomy":"product_brand","embeddable":true,"href":"https:\/\/moto-oprema.com\/de\/wp-json\/wp\/v2\/product_brand?post=104007"},{"taxonomy":"product_cat","embeddable":true,"href":"https:\/\/moto-oprema.com\/de\/wp-json\/wp\/v2\/product_cat?post=104007"},{"taxonomy":"product_tag","embeddable":true,"href":"https:\/\/moto-oprema.com\/de\/wp-json\/wp\/v2\/product_tag?post=104007"}],"curies":[{"name":"wp","href":"https:\/\/api.w.org\/{rel}","templated":true}]}}