{"id":103873,"date":"2024-02-27T11:52:42","date_gmt":"2024-02-27T11:52:42","guid":{"rendered":"https:\/\/moto-oprema.com\/Artikel\/spidi-kapuzenpulli-krieger-schwarz-blau\/"},"modified":"2024-02-27T11:52:42","modified_gmt":"2024-02-27T11:52:42","slug":"spidi-kapuzenpulli-krieger-schwarz-blau","status":"publish","type":"product","link":"https:\/\/moto-oprema.com\/de\/Artikel\/spidi-kapuzenpulli-krieger-schwarz-blau\/","title":{"rendered":"SPIDI KAPUZENPULLI KRIEGER SCHWARZ BLAU"},"content":{"rendered":"<p>Der SPIDI Hoodie Warrior setzt neue Ma\u00dfst\u00e4be bei Hochleistungs-Motorradjacken und bietet au\u00dfergew\u00f6hnliche Modularit\u00e4t und maximalen Komfort.<\/p>\n<p>Diese Mehrjahresjacke hat ein strapazierf\u00e4higes, dreilagiges Gewebe mit einem Mikrofaserfutter, das auf eine Windout-Membran laminiert ist, die Leichtigkeit und Wetterschutz kombiniert. Sie hat eine abnehmbare Kapuze mit Rei\u00dfverschluss und Kordelzug. <\/p>\n<p>Die 4 gro\u00dfz\u00fcgigen Bel\u00fcftungs\u00f6ffnungen und die Step-In Wear Technologie, die es Ihnen erm\u00f6glicht, Innenschichten hinzuzuf\u00fcgen, um den k\u00e4ltesten Klimabedingungen zu trotzen, garantieren die Mehrjahresf\u00e4higkeit der Jacke.<\/p>\n<p>Herausnehmbare Warrior Lite Level 2 CE-Protektoren in Kombination mit Warrior Shield-Au\u00dfeneins\u00e4tzen bieten ein beispielloses Ma\u00df an Schutz im Schulterbereich. Zur Sicherheitsausstattung geh\u00f6ren herausnehmbare Force-Tech Level 1 Ellbogenprotektoren, Warrior R\u00fcckenprotektoren (Level 1 oder 2, als Option erh\u00e4ltlich) und 3M\u00ae reflektierende Elemente. Die Jacke ist CE\/UKCA-zertifiziert als Motorradjacke der Klasse A.     <\/p>\n<p>Zusammensetzung des Rohmaterials:<\/p>\n<p>&#8211; 100% Polyester<\/p>\n","protected":false},"excerpt":{"rendered":"<p>Der SPIDI Hoodie Warrior setzt neue Ma\u00dfst\u00e4be bei Hochleistungs-Motorradjacken und bietet au\u00dfergew\u00f6hnliche Modularit\u00e4t und maximalen Komfort&#8230;.<\/p>\n","protected":false},"featured_media":103847,"comment_status":"open","ping_status":"closed","template":"","meta":{"_acf_changed":false},"brand":[2124],"gender":[2168],"product_brand":[],"product_cat":[1357,2045,2048],"product_tag":[],"class_list":{"0":"post-103873","1":"product","2":"type-product","3":"status-publish","4":"has-post-thumbnail","6":"brand-spidi-de","7":"gender-moski-de","8":"product_cat-ausrustung-fur-motorradfahrer","9":"product_cat-jakne-de","10":"product_cat-textil-jacken","11":"pa_size-l-de","12":"pa_size-m-de","13":"pa_size-s-de","14":"pa_size-xl-de","15":"pa_size-xxl-de","16":"pa_size-xxxl-de","17":"pa_size-xxxxl-de","19":"first","20":"instock","21":"sale","22":"taxable","23":"shipping-taxable","24":"purchasable","25":"product-type-variable"},"acf":[],"_links":{"self":[{"href":"https:\/\/moto-oprema.com\/de\/wp-json\/wp\/v2\/product\/103873","targetHints":{"allow":["GET"]}}],"collection":[{"href":"https:\/\/moto-oprema.com\/de\/wp-json\/wp\/v2\/product"}],"about":[{"href":"https:\/\/moto-oprema.com\/de\/wp-json\/wp\/v2\/types\/product"}],"replies":[{"embeddable":true,"href":"https:\/\/moto-oprema.com\/de\/wp-json\/wp\/v2\/comments?post=103873"}],"wp:featuredmedia":[{"embeddable":true,"href":"https:\/\/moto-oprema.com\/de\/wp-json\/wp\/v2\/media\/103847"}],"wp:attachment":[{"href":"https:\/\/moto-oprema.com\/de\/wp-json\/wp\/v2\/media?parent=103873"}],"wp:term":[{"taxonomy":"brand","embeddable":true,"href":"https:\/\/moto-oprema.com\/de\/wp-json\/wp\/v2\/brand?post=103873"},{"taxonomy":"gender","embeddable":true,"href":"https:\/\/moto-oprema.com\/de\/wp-json\/wp\/v2\/gender?post=103873"},{"taxonomy":"product_brand","embeddable":true,"href":"https:\/\/moto-oprema.com\/de\/wp-json\/wp\/v2\/product_brand?post=103873"},{"taxonomy":"product_cat","embeddable":true,"href":"https:\/\/moto-oprema.com\/de\/wp-json\/wp\/v2\/product_cat?post=103873"},{"taxonomy":"product_tag","embeddable":true,"href":"https:\/\/moto-oprema.com\/de\/wp-json\/wp\/v2\/product_tag?post=103873"}],"curies":[{"name":"wp","href":"https:\/\/api.w.org\/{rel}","templated":true}]}}