{"id":103792,"date":"2024-02-23T09:04:28","date_gmt":"2024-02-23T09:04:28","guid":{"rendered":"https:\/\/moto-oprema.com\/Artikel\/spidi-dp-progressive-hybrid-perforierte-jacke-schwarz\/"},"modified":"2024-02-23T09:04:28","modified_gmt":"2024-02-23T09:04:28","slug":"spidi-dp-progressive-hybrid-perforierte-jacke-schwarz","status":"publish","type":"product","link":"https:\/\/moto-oprema.com\/de\/Artikel\/spidi-dp-progressive-hybrid-perforierte-jacke-schwarz\/","title":{"rendered":"SPIDI DP PROGRESSIVE HYBRID PERFORIERTE JACKE SCHWARZ"},"content":{"rendered":"<p>SPIDI DP Progressive Hybrid-Lederjacke: eine Premium-Rennjacke, die maximale Bel\u00fcftung und Schutz f\u00fcr sportliche Motorradfahrer bietet. Das vollnarbige Rindsleder &#8211; 1,1 bis 1,2 mm &#8211; wurde durch lokale Perforationen aufgehellt, um eine direkte Bel\u00fcftung zu gew\u00e4hrleisten und das Gewicht deutlich zu reduzieren. Die multidirektionalen, elastischen Softshell-Eins\u00e4tze auf der Vorder- und R\u00fcckseite erh\u00f6hen den Komfort bei Fahrten in den hei\u00dfesten Klimazonen zus\u00e4tzlich. Das Gesamtgewicht der Jacke ist im Vergleich zu einer traditionellen Rennsport-Lederjacke um etwa ein halbes Kilo reduziert.   <\/p>\n<p>Die DP Progressive Hybrid ist eine CE-zertifizierte prEN 17092-2:2020 Klasse AA Jacke mit Warrior Au\u00dfenschulterpolstern, herausnehmbaren Warrior Lite Innenschulterpolstern und Force-Tech Ellbogenpolstern. F\u00fcr zus\u00e4tzlichen Schutz sind interne Vorrichtungen f\u00fcr einen Warrior Level 1 oder 2 R\u00fcckenprotektor und einen Warrior Brustprotektor erh\u00e4ltlich, die separat verkauft werden. Hochelastische Flex Tenax Nylon 6.6 Flex-Teile an den Unterarmen und elastische Ledereins\u00e4tze am R\u00fccken sorgen f\u00fcr hohen Komfort in der Rennposition. Die Hose l\u00e4sst sich mit einem Rei\u00dfverschluss und einer Schnalle verschlie\u00dfen, w\u00e4hrend ein verstellbarer Bundverschluss f\u00fcr eine perfekte Passform sorgt. Auf dem R\u00fccken befinden sich Bel\u00fcftungsschlitze, die f\u00fcr eine perfekte Luftzirkulation sorgen.      <\/p>\n<p>Zusammensetzung des Rohmaterials: 100% Leder<\/p>\n","protected":false},"excerpt":{"rendered":"<p>SPIDI DP Progressive Hybrid-Lederjacke: eine Premium-Rennjacke, die maximale Bel\u00fcftung und Schutz f\u00fcr sportliche Motorradfahrer bietet. Das&#8230;<\/p>\n","protected":false},"featured_media":26550,"comment_status":"open","ping_status":"open","template":"","meta":{"_acf_changed":false},"brand":[2124],"gender":[2168],"product_brand":[],"product_cat":[1357,2045,2048],"product_tag":[],"class_list":{"0":"post-103792","1":"product","2":"type-product","3":"status-publish","4":"has-post-thumbnail","6":"brand-spidi-de","7":"gender-moski-de","8":"product_cat-ausrustung-fur-motorradfahrer","9":"product_cat-jakne-de","10":"product_cat-textil-jacken","11":"pa_size-46-de","12":"pa_size-48-de","13":"pa_size-50-de","14":"pa_size-52-de","15":"pa_size-54-de","16":"pa_size-56-de","17":"pa_size-58-de","19":"first","20":"instock","21":"sale","22":"taxable","23":"shipping-taxable","24":"purchasable","25":"product-type-variable"},"acf":[],"_links":{"self":[{"href":"https:\/\/moto-oprema.com\/de\/wp-json\/wp\/v2\/product\/103792","targetHints":{"allow":["GET"]}}],"collection":[{"href":"https:\/\/moto-oprema.com\/de\/wp-json\/wp\/v2\/product"}],"about":[{"href":"https:\/\/moto-oprema.com\/de\/wp-json\/wp\/v2\/types\/product"}],"replies":[{"embeddable":true,"href":"https:\/\/moto-oprema.com\/de\/wp-json\/wp\/v2\/comments?post=103792"}],"wp:featuredmedia":[{"embeddable":true,"href":"https:\/\/moto-oprema.com\/de\/wp-json\/wp\/v2\/media\/26550"}],"wp:attachment":[{"href":"https:\/\/moto-oprema.com\/de\/wp-json\/wp\/v2\/media?parent=103792"}],"wp:term":[{"taxonomy":"brand","embeddable":true,"href":"https:\/\/moto-oprema.com\/de\/wp-json\/wp\/v2\/brand?post=103792"},{"taxonomy":"gender","embeddable":true,"href":"https:\/\/moto-oprema.com\/de\/wp-json\/wp\/v2\/gender?post=103792"},{"taxonomy":"product_brand","embeddable":true,"href":"https:\/\/moto-oprema.com\/de\/wp-json\/wp\/v2\/product_brand?post=103792"},{"taxonomy":"product_cat","embeddable":true,"href":"https:\/\/moto-oprema.com\/de\/wp-json\/wp\/v2\/product_cat?post=103792"},{"taxonomy":"product_tag","embeddable":true,"href":"https:\/\/moto-oprema.com\/de\/wp-json\/wp\/v2\/product_tag?post=103792"}],"curies":[{"name":"wp","href":"https:\/\/api.w.org\/{rel}","templated":true}]}}