{"id":103753,"date":"2024-02-23T08:00:31","date_gmt":"2024-02-23T08:00:31","guid":{"rendered":"https:\/\/moto-oprema.com\/Artikel\/spidi-dp-progressive-lederjacke-schwarz-rot\/"},"modified":"2024-02-23T08:00:31","modified_gmt":"2024-02-23T08:00:31","slug":"spidi-dp-progressive-lederjacke-schwarz-rot","status":"publish","type":"product","link":"https:\/\/moto-oprema.com\/de\/Artikel\/spidi-dp-progressive-lederjacke-schwarz-rot\/","title":{"rendered":"SPIDI DP PROGRESSIVE LEDERJACKE SCHWARZ ROT"},"content":{"rendered":"<p>SPIDI DP Progressive Lederjacke: eine Premium-Rennjacke, die Komfort und Schutz f\u00fcr sportliche Motorradfahrer bietet. Italienisches, vollnarbiges, hochwertiges Rindsleder mit einer St\u00e4rke von 1,1 bis 1,2 mm wird auch f\u00fcr die Premium-Rennsportjacken von SPIDI verwendet: Mit seiner unvergleichlichen Abriebfestigkeit ist es ein grundlegender Faktor f\u00fcr die Erlangung der CE-Zertifizierung der Klasse AAA, w\u00e4hrend es gleichzeitig das Gewicht reduziert und den Komfort erh\u00f6ht. Die DP Progressive ist eine echte CE prEN 17092-2:2020 zertifizierte Jacke der Klasse AAA mit Warrior Au\u00dfenschilden in den Schultern, herausnehmbaren Warrior Lite Innenschilden in den Schultern und Force-Tech Schilden in den Ellbogen. F\u00fcr zus\u00e4tzlichen Schutz sind interne Vorrichtungen f\u00fcr einen Warrior Level 1 oder 2 R\u00fcckenprotektor und einen Warrior Brustprotektor erh\u00e4ltlich, die separat verkauft werden. Hochelastische Flex Tenax Nylon 6.6 Flex-Teile an den Unterarmen und elastische Ledereins\u00e4tze am R\u00fccken sorgen f\u00fcr hohen Komfort in der Rennposition. Die Hose kann mit einem Rei\u00dfverschluss und einer Schnalle verschlossen werden, w\u00e4hrend ein verstellbarer Taillenverschluss f\u00fcr eine perfekte Passform sorgt. An den Armen und am R\u00fccken befinden sich umfangreiche Luftein- und -ausl\u00e4sse, die eine flexible Bel\u00fcftung gew\u00e4hrleisten.        <\/p>\n<p>Zusammensetzung des Rohmaterials: 100% Leder<\/p>\n","protected":false},"excerpt":{"rendered":"<p>SPIDI DP Progressive Lederjacke: eine Premium-Rennjacke, die Komfort und Schutz f\u00fcr sportliche Motorradfahrer bietet. Italienisches, vollnarbiges,&#8230;<\/p>\n","protected":false},"featured_media":26530,"comment_status":"open","ping_status":"open","template":"","meta":{"_acf_changed":false},"brand":[2124],"gender":[2168],"product_brand":[],"product_cat":[1357,2045,2228],"product_tag":[],"class_list":{"0":"post-103753","1":"product","2":"type-product","3":"status-publish","4":"has-post-thumbnail","6":"brand-spidi-de","7":"gender-moski-de","8":"product_cat-ausrustung-fur-motorradfahrer","9":"product_cat-jakne-de","10":"product_cat-lederjacken","11":"pa_size-46-de","12":"pa_size-48-de","13":"pa_size-50-de","14":"pa_size-52-de","15":"pa_size-54-de","16":"pa_size-56-de","17":"pa_size-58-de","19":"first","20":"onbackorder","21":"sale","22":"taxable","23":"shipping-taxable","24":"purchasable","25":"product-type-variable"},"acf":[],"_links":{"self":[{"href":"https:\/\/moto-oprema.com\/de\/wp-json\/wp\/v2\/product\/103753","targetHints":{"allow":["GET"]}}],"collection":[{"href":"https:\/\/moto-oprema.com\/de\/wp-json\/wp\/v2\/product"}],"about":[{"href":"https:\/\/moto-oprema.com\/de\/wp-json\/wp\/v2\/types\/product"}],"replies":[{"embeddable":true,"href":"https:\/\/moto-oprema.com\/de\/wp-json\/wp\/v2\/comments?post=103753"}],"wp:featuredmedia":[{"embeddable":true,"href":"https:\/\/moto-oprema.com\/de\/wp-json\/wp\/v2\/media\/26530"}],"wp:attachment":[{"href":"https:\/\/moto-oprema.com\/de\/wp-json\/wp\/v2\/media?parent=103753"}],"wp:term":[{"taxonomy":"brand","embeddable":true,"href":"https:\/\/moto-oprema.com\/de\/wp-json\/wp\/v2\/brand?post=103753"},{"taxonomy":"gender","embeddable":true,"href":"https:\/\/moto-oprema.com\/de\/wp-json\/wp\/v2\/gender?post=103753"},{"taxonomy":"product_brand","embeddable":true,"href":"https:\/\/moto-oprema.com\/de\/wp-json\/wp\/v2\/product_brand?post=103753"},{"taxonomy":"product_cat","embeddable":true,"href":"https:\/\/moto-oprema.com\/de\/wp-json\/wp\/v2\/product_cat?post=103753"},{"taxonomy":"product_tag","embeddable":true,"href":"https:\/\/moto-oprema.com\/de\/wp-json\/wp\/v2\/product_tag?post=103753"}],"curies":[{"name":"wp","href":"https:\/\/api.w.org\/{rel}","templated":true}]}}