{"id":103714,"date":"2024-02-20T10:17:59","date_gmt":"2024-02-20T10:17:59","guid":{"rendered":"https:\/\/moto-oprema.com\/Artikel\/spidi-sport-warrior-pro-perforiert-schwarz-rot\/"},"modified":"2024-02-20T10:17:59","modified_gmt":"2024-02-20T10:17:59","slug":"spidi-sport-warrior-pro-perforiert-schwarz-rot","status":"publish","type":"product","link":"https:\/\/moto-oprema.com\/de\/Artikel\/spidi-sport-warrior-pro-perforiert-schwarz-rot\/","title":{"rendered":"SPIDI SPORT WARRIOR PRO PERFORIERT SCHWARZ\/ROT"},"content":{"rendered":"<p>Der Spidi Sport Warrior PRO ist die beste Ann\u00e4herung an die tats\u00e4chlichen Anz\u00fcge, die in der MotoGP- und WSBK-Klasse verwendet werden. Er ist das Ergebnis sorgf\u00e4ltiger Studien und ergonomischer Untersuchungen und bietet dem Fahrer vollst\u00e4ndige Bewegungsfreiheit. Gleichzeitig sorgt er daf\u00fcr, dass der Fahrer nicht zu hei\u00df wird und nicht zu schnell erm\u00fcdet. Er besteht aus italienischem Leder mit lokalen Perforationen, die f\u00fcr eine ausgezeichnete Luftzirkulation sorgen, aber trotz der Dunkelheit gibt es keine Kompromisse bei der Sicherheit. Dieser einteilige Anzug ist nach En 17092-2:2017 Klasse AAA zertifiziert.    <\/p>\n<p>Merkmale:<\/p>\n<ul>\n<li>Option zum Hinzuf\u00fcgen von Level 1 R\u00fccken- und Brustprotektoren<\/li>\n<li>Option zur Anbringung des optionalen Level 2 R\u00fcckenprotektors<\/li>\n<li>Aerodynamischer Buckel<\/li>\n<li>Einstellbare und abnehmbare Knieschleifer<\/li>\n<li>Abnehmbare Fore-Tech Ellbogensch\u00fctzer, zertifiziert nach EN 1621-1:2012<\/li>\n<li>Krieger-Schulterschutz, EN 1621-1 Level 1 zertifiziert<\/li>\n<li>Herausnehmbares Netzfutter<\/li>\n<li>Komfortkragen mit Neopreneins\u00e4tzen<\/li>\n<li>M\u00f6glichkeit zur Verwendung von Hydroback<\/li>\n<li>Flexible Kniestruktur<\/li>\n<li>Reflektoren f\u00fcr bessere Sichtbarkeit bei Nacht und schlechtem Wetter<\/li>\n<li>Perforiertes Leder<\/li>\n<li>Neoprengewebe, das elastisch und wasserdicht ist und Sie bequem h\u00e4lt<\/li>\n<li>Leder 1,2\/1,3mm dick, hergestellt in Italien<\/li>\n<li>Durchschnittsgewicht 4,5 kg<\/li>\n<\/ul>\n<p>Zusammensetzung des Rohmaterials: 90% Rindsleder, 10% Neopren<\/p>\n","protected":false},"excerpt":{"rendered":"<p>Der Spidi Sport Warrior PRO ist die beste Ann\u00e4herung an die tats\u00e4chlichen Anz\u00fcge, die in der&#8230;<\/p>\n","protected":false},"featured_media":8014,"comment_status":"open","ping_status":"open","template":"","meta":{"_acf_changed":false},"brand":[2124],"gender":[2168],"product_brand":[],"product_cat":[2220,1357],"product_tag":[],"class_list":{"0":"post-103714","1":"product","2":"type-product","3":"status-publish","4":"has-post-thumbnail","6":"brand-spidi-de","7":"gender-moski-de","8":"product_cat-1-teilige-latzhose","9":"product_cat-ausrustung-fur-motorradfahrer","10":"pa_size-46-de","11":"pa_size-48-de","12":"pa_size-50-de","13":"pa_size-52-de","14":"pa_size-54-de","15":"pa_size-56-de","16":"pa_size-58-de","17":"pa_size-60-de","19":"first","20":"instock","21":"sale","22":"taxable","23":"shipping-taxable","24":"purchasable","25":"product-type-variable"},"acf":[],"_links":{"self":[{"href":"https:\/\/moto-oprema.com\/de\/wp-json\/wp\/v2\/product\/103714","targetHints":{"allow":["GET"]}}],"collection":[{"href":"https:\/\/moto-oprema.com\/de\/wp-json\/wp\/v2\/product"}],"about":[{"href":"https:\/\/moto-oprema.com\/de\/wp-json\/wp\/v2\/types\/product"}],"replies":[{"embeddable":true,"href":"https:\/\/moto-oprema.com\/de\/wp-json\/wp\/v2\/comments?post=103714"}],"wp:featuredmedia":[{"embeddable":true,"href":"https:\/\/moto-oprema.com\/de\/wp-json\/wp\/v2\/media\/8014"}],"wp:attachment":[{"href":"https:\/\/moto-oprema.com\/de\/wp-json\/wp\/v2\/media?parent=103714"}],"wp:term":[{"taxonomy":"brand","embeddable":true,"href":"https:\/\/moto-oprema.com\/de\/wp-json\/wp\/v2\/brand?post=103714"},{"taxonomy":"gender","embeddable":true,"href":"https:\/\/moto-oprema.com\/de\/wp-json\/wp\/v2\/gender?post=103714"},{"taxonomy":"product_brand","embeddable":true,"href":"https:\/\/moto-oprema.com\/de\/wp-json\/wp\/v2\/product_brand?post=103714"},{"taxonomy":"product_cat","embeddable":true,"href":"https:\/\/moto-oprema.com\/de\/wp-json\/wp\/v2\/product_cat?post=103714"},{"taxonomy":"product_tag","embeddable":true,"href":"https:\/\/moto-oprema.com\/de\/wp-json\/wp\/v2\/product_tag?post=103714"}],"curies":[{"name":"wp","href":"https:\/\/api.w.org\/{rel}","templated":true}]}}