{"id":103693,"date":"2024-02-21T09:26:41","date_gmt":"2024-02-21T09:26:41","guid":{"rendered":"https:\/\/moto-oprema.com\/Artikel\/spidi-mack-lederjacke-schwarz\/"},"modified":"2024-02-21T09:26:41","modified_gmt":"2024-02-21T09:26:41","slug":"spidi-mack-lederjacke-schwarz","status":"publish","type":"product","link":"https:\/\/moto-oprema.com\/de\/Artikel\/spidi-mack-lederjacke-schwarz\/","title":{"rendered":"SPIDI MACK LEDERJACKE SCHWARZ"},"content":{"rendered":"<p>Spidi Mack Motorradjacke aus Leder<\/p>\n<p>Die Spidi Mack ist eine 4-Jahreszeiten-Motorradjacke aus Leder, die f\u00fcr das komfortable Fahren auf Cruiser-, Naked- und Cruiser-Motorr\u00e4dern entwickelt wurde. Die Dicke des in dieser Jacke verwendeten B\u00fcffelleders betr\u00e4gt 1,0\/1,1 mm. Dies verleiht dem Kleidungsst\u00fcck eine bequeme Passform in Kombination mit hoher Haltbarkeit und Widerstandsf\u00e4higkeit. Die Mack Jacke erf\u00fcllt die Sicherheitsnorm EN 17092-2:2020 Klasse AA und verf\u00fcgt \u00fcber herausnehmbare Warrior Lite (EN1621-1:2012) Schulter- und Ellbogenpolster. Die R\u00fcckentasche kann R\u00fcckenpolster der Warrior Serie (Level 1 oder 2) aufnehmen. YKK\u00ae Metallrei\u00dfverschl\u00fcsse sorgen f\u00fcr hohe Zuverl\u00e4ssigkeit und Festigkeit. Durch das herausnehmbare 100 gr\/m\u00b2 Innenfutter kann der Mack auch in den k\u00e4ltesten Jahreszeiten verwendet werden. Der Schnallenverschluss macht die Jacke au\u00dferdem mit allen Hosen mit G\u00fcrtelschlaufen kompatibel.       <\/p>\n<p>Merkmale:<\/p>\n<p>Schutzkleidung f\u00fcr Motorradfahrer gem\u00e4\u00df der Verordnung (EU) 2016\/454<br \/>\nPers\u00f6nliche Schutzausr\u00fcstung &#8211; Pers\u00f6nliche Schutzausr\u00fcstung f\u00fcr Motorradfahrer gem\u00e4\u00df EN 17092-3:2020, Klasse AA<br \/>\nBefestigungsvorrichtung f\u00fcr R\u00fcckenprotektoren (Z53, Z54 \/ Level 1)<br \/>\nSchulter- und Ellbogenprotektoren f\u00fcr Krieger (EN 1621-1, Level 1)<br \/>\nWasserdichte Kleidung<br \/>\nHerausnehmbares, gepolstertes Futter<br \/>\nkompatibel mit Spidi Step-In-Wear<br \/>\nverstellbarer Taillenverschluss<br \/>\naus 1,0\/1,1 mm dickem, extra weichem B\u00fcffelleder<br \/>\nim Lieferumfang enthalten:<\/p>\n<p>Lieferumfang: 1 x Spidi Jacke<br \/>\n1 Paar Schulterpolster<br \/>\n1 Paar Ellbogenpolster<br \/>\nohne R\u00fcckenprotektor (separat zu erwerben)<\/p>\n","protected":false},"excerpt":{"rendered":"<p>Spidi Mack Motorradjacke aus Leder Die Spidi Mack ist eine 4-Jahreszeiten-Motorradjacke aus Leder, die f\u00fcr das&#8230;<\/p>\n","protected":false},"featured_media":26497,"comment_status":"open","ping_status":"open","template":"","meta":{"_acf_changed":false},"brand":[2124],"gender":[2168],"product_brand":[],"product_cat":[1357,2045,2228],"product_tag":[],"class_list":{"0":"post-103693","1":"product","2":"type-product","3":"status-publish","4":"has-post-thumbnail","6":"brand-spidi-de","7":"gender-moski-de","8":"product_cat-ausrustung-fur-motorradfahrer","9":"product_cat-jakne-de","10":"product_cat-lederjacken","11":"pa_size-46-de","12":"pa_size-48-de","13":"pa_size-50-de","14":"pa_size-52-de","15":"pa_size-54-de","16":"pa_size-56-de","17":"pa_size-58-de","19":"first","20":"instock","21":"sale","22":"taxable","23":"shipping-taxable","24":"purchasable","25":"product-type-variable"},"acf":[],"_links":{"self":[{"href":"https:\/\/moto-oprema.com\/de\/wp-json\/wp\/v2\/product\/103693","targetHints":{"allow":["GET"]}}],"collection":[{"href":"https:\/\/moto-oprema.com\/de\/wp-json\/wp\/v2\/product"}],"about":[{"href":"https:\/\/moto-oprema.com\/de\/wp-json\/wp\/v2\/types\/product"}],"replies":[{"embeddable":true,"href":"https:\/\/moto-oprema.com\/de\/wp-json\/wp\/v2\/comments?post=103693"}],"wp:featuredmedia":[{"embeddable":true,"href":"https:\/\/moto-oprema.com\/de\/wp-json\/wp\/v2\/media\/26497"}],"wp:attachment":[{"href":"https:\/\/moto-oprema.com\/de\/wp-json\/wp\/v2\/media?parent=103693"}],"wp:term":[{"taxonomy":"brand","embeddable":true,"href":"https:\/\/moto-oprema.com\/de\/wp-json\/wp\/v2\/brand?post=103693"},{"taxonomy":"gender","embeddable":true,"href":"https:\/\/moto-oprema.com\/de\/wp-json\/wp\/v2\/gender?post=103693"},{"taxonomy":"product_brand","embeddable":true,"href":"https:\/\/moto-oprema.com\/de\/wp-json\/wp\/v2\/product_brand?post=103693"},{"taxonomy":"product_cat","embeddable":true,"href":"https:\/\/moto-oprema.com\/de\/wp-json\/wp\/v2\/product_cat?post=103693"},{"taxonomy":"product_tag","embeddable":true,"href":"https:\/\/moto-oprema.com\/de\/wp-json\/wp\/v2\/product_tag?post=103693"}],"curies":[{"name":"wp","href":"https:\/\/api.w.org\/{rel}","templated":true}]}}