{"id":103661,"date":"2024-01-26T09:40:18","date_gmt":"2024-01-26T09:40:18","guid":{"rendered":"https:\/\/moto-oprema.com\/Artikel\/hjc-helm-f71-bard-mc5\/"},"modified":"2024-01-26T09:40:18","modified_gmt":"2024-01-26T09:40:18","slug":"hjc-helm-f71-bard-mc5","status":"publish","type":"product","link":"https:\/\/moto-oprema.com\/de\/Artikel\/hjc-helm-f71-bard-mc5\/","title":{"rendered":"HJC HELM F71 BARD MC5"},"content":{"rendered":"<p>Der F71 ist der neue Sporthelm von HJC, der f\u00fcr ganzt\u00e4gigen Komfort bei hohen Geschwindigkeiten entwickelt wurde. Die fortschrittliche Fiberglasschale ist extrem leicht und bietet hervorragenden Komfort und eine perfekte Passform. Der F71 Helm ist auch f\u00fcr Brillentr\u00e4ger geeignet und ist Bluetooth Smart ready f\u00fcr die HJC 11B, 21B und 50B Kommunikationssysteme.  <\/p>\n<p>Merkmale:<\/p>\n<p>Ausgezeichnete Passform und Komfort<br \/>\nfortschrittliche Fiberglas-Verbundschale<br \/>\nverbessertes Visier mit doppeltem Verschlusssystem f\u00fcr bessere Abdichtung<br \/>\naerodynamische Schale f\u00fcr herausragende Hochgeschwindigkeitsleistung<br \/>\n&#8222;ACS&#8220; fortschrittliches Bel\u00fcftungssystem mit Kan\u00e4len f\u00fcr vollst\u00e4ndige Bel\u00fcftung<br \/>\nDynamische mehrstufige Sonnenblende f\u00fcr optimale Passform<br \/>\nVergr\u00f6\u00dfertes Sichtfeld f\u00fcr bessere Sicht<br \/>\nNotfall-Kit (Wangenpolster) f\u00fcr sichere und schnelle Rettung in Notf\u00e4llen<br \/>\nGeeignet f\u00fcr Brillentr\u00e4ger<br \/>\nInnenfutter, Feuchtigkeitsabweisend und schnell trocknend<br \/>\nKopf- und Wangenpolster sind herausnehmbar und waschbar<br \/>\nPinlock, Wind- und Atemschutz serienm\u00e4\u00dfig<br \/>\nVorbereitet f\u00fcr HJC 11B, 21B und 50B Bluetooth Smart Devices (nicht im Lieferumfang enthalten)<\/p>\n<p>Spezifikationen:<\/p>\n<p>Material: Fiberglas<br \/>\nStandard: 22.06<br \/>\nVerschluss: Doppel-D<br \/>\nVisierart: HJ-38, kratzfest beschichtet, Pinlock ready<br \/>\nSonnenblende: HJ-V12, kratzfest beschichtet<\/p>\n<p>Gr\u00f6\u00dfen:<\/p>\n<p>Helmgr\u00f6\u00dfe \/ Wangenprotektoren \/ Kopfschutz:<br \/>\n(54-55 cm) \/ 40 mm \/ 21 mm<br \/>\nS (55-56 cm) \/ 40 mm \/ 18 mm<br \/>\nM (57-58 cm) \/ 35 mm \/ 15 mm<br \/>\nL (58-59 cm) \/ 30 mm \/ 12 mm<br \/>\nXL (60-61 cm) \/ 35 mm \/ 9 mm<br \/>\n2XL (62-63 cm) \/ 30 mm \/ 7 mm<\/p>\n","protected":false},"excerpt":{"rendered":"<p>Der F71 ist der neue Sporthelm von HJC, der f\u00fcr ganzt\u00e4gigen Komfort bei hohen Geschwindigkeiten entwickelt&#8230;<\/p>\n","protected":false},"featured_media":103641,"comment_status":"open","ping_status":"closed","template":"","meta":{"_acf_changed":false},"brand":[2131],"gender":[],"product_brand":[],"product_cat":[1357,1360,1361],"product_tag":[],"class_list":{"0":"post-103661","1":"product","2":"type-product","3":"status-publish","4":"has-post-thumbnail","6":"brand-hjc-de","7":"product_cat-ausrustung-fur-motorradfahrer","8":"product_cat-helme","9":"product_cat-integral","10":"pa_size-l-de","11":"pa_size-m-de","12":"pa_size-s-de","13":"pa_size-xl-de","14":"pa_size-xs-de","15":"pa_size-xxl-de","17":"first","18":"instock","19":"sale","20":"taxable","21":"shipping-taxable","22":"purchasable","23":"product-type-variable"},"acf":[],"_links":{"self":[{"href":"https:\/\/moto-oprema.com\/de\/wp-json\/wp\/v2\/product\/103661","targetHints":{"allow":["GET"]}}],"collection":[{"href":"https:\/\/moto-oprema.com\/de\/wp-json\/wp\/v2\/product"}],"about":[{"href":"https:\/\/moto-oprema.com\/de\/wp-json\/wp\/v2\/types\/product"}],"replies":[{"embeddable":true,"href":"https:\/\/moto-oprema.com\/de\/wp-json\/wp\/v2\/comments?post=103661"}],"wp:featuredmedia":[{"embeddable":true,"href":"https:\/\/moto-oprema.com\/de\/wp-json\/wp\/v2\/media\/103641"}],"wp:attachment":[{"href":"https:\/\/moto-oprema.com\/de\/wp-json\/wp\/v2\/media?parent=103661"}],"wp:term":[{"taxonomy":"brand","embeddable":true,"href":"https:\/\/moto-oprema.com\/de\/wp-json\/wp\/v2\/brand?post=103661"},{"taxonomy":"gender","embeddable":true,"href":"https:\/\/moto-oprema.com\/de\/wp-json\/wp\/v2\/gender?post=103661"},{"taxonomy":"product_brand","embeddable":true,"href":"https:\/\/moto-oprema.com\/de\/wp-json\/wp\/v2\/product_brand?post=103661"},{"taxonomy":"product_cat","embeddable":true,"href":"https:\/\/moto-oprema.com\/de\/wp-json\/wp\/v2\/product_cat?post=103661"},{"taxonomy":"product_tag","embeddable":true,"href":"https:\/\/moto-oprema.com\/de\/wp-json\/wp\/v2\/product_tag?post=103661"}],"curies":[{"name":"wp","href":"https:\/\/api.w.org\/{rel}","templated":true}]}}