{"id":103660,"date":"2024-01-23T09:37:54","date_gmt":"2024-01-23T09:37:54","guid":{"rendered":"https:\/\/moto-oprema.com\/Artikel\/red-bull-ktm-snapback-cap-neue-aera-offizielle-teamlin-flach\/"},"modified":"2024-01-23T09:37:54","modified_gmt":"2024-01-23T09:37:54","slug":"red-bull-ktm-snapback-cap-neue-aera-offizielle-teamlin-flach","status":"publish","type":"product","link":"https:\/\/moto-oprema.com\/de\/Artikel\/red-bull-ktm-snapback-cap-neue-aera-offizielle-teamlin-flach\/","title":{"rendered":"RED BULL KTM SNAPBACK CAP NEUE \u00c4RA OFFIZIELLE TEAMLIN FLACH"},"content":{"rendered":"<p>Mit dieser Red Bull KTM Racing Team Kappe von New Era k\u00f6nnen Sie auf der Rennstrecke zeigen, was Sie drauf haben und an hei\u00dfen Tagen einen k\u00fchlen Kopf bewahren. Die Kappe zeigt das Red Bull KTM Racing Team-Logo auf der Vorderseite, das durch einen flachen Schirm in Orange erg\u00e4nzt wird. Mesh-Eins\u00e4tze auf der R\u00fcckseite und an den Seiten sorgen f\u00fcr Atmungsaktivit\u00e4t, w\u00e4hrend der funktionelle Rei\u00dfverschluss f\u00fcr einen perfekten Sitz sorgt.  <\/p>\n<p>Material: 100 % Polyester<\/p>\n","protected":false},"excerpt":{"rendered":"<p>Mit dieser Red Bull KTM Racing Team Kappe von New Era k\u00f6nnen Sie auf der Rennstrecke&#8230;<\/p>\n","protected":false},"featured_media":26231,"comment_status":"open","ping_status":"open","template":"","meta":{"_acf_changed":false},"brand":[2332],"gender":[],"product_brand":[],"product_cat":[2422,2179],"product_tag":[],"class_list":{"0":"post-103660","1":"product","2":"type-product","3":"status-publish","4":"has-post-thumbnail","6":"brand-roter-bulle","7":"product_cat-ablegen","8":"product_cat-freizeitkleidung","10":"first","11":"instock","12":"taxable","13":"shipping-taxable","14":"purchasable","15":"product-type-simple"},"acf":[],"_links":{"self":[{"href":"https:\/\/moto-oprema.com\/de\/wp-json\/wp\/v2\/product\/103660","targetHints":{"allow":["GET"]}}],"collection":[{"href":"https:\/\/moto-oprema.com\/de\/wp-json\/wp\/v2\/product"}],"about":[{"href":"https:\/\/moto-oprema.com\/de\/wp-json\/wp\/v2\/types\/product"}],"replies":[{"embeddable":true,"href":"https:\/\/moto-oprema.com\/de\/wp-json\/wp\/v2\/comments?post=103660"}],"wp:featuredmedia":[{"embeddable":true,"href":"https:\/\/moto-oprema.com\/de\/wp-json\/wp\/v2\/media\/26231"}],"wp:attachment":[{"href":"https:\/\/moto-oprema.com\/de\/wp-json\/wp\/v2\/media?parent=103660"}],"wp:term":[{"taxonomy":"brand","embeddable":true,"href":"https:\/\/moto-oprema.com\/de\/wp-json\/wp\/v2\/brand?post=103660"},{"taxonomy":"gender","embeddable":true,"href":"https:\/\/moto-oprema.com\/de\/wp-json\/wp\/v2\/gender?post=103660"},{"taxonomy":"product_brand","embeddable":true,"href":"https:\/\/moto-oprema.com\/de\/wp-json\/wp\/v2\/product_brand?post=103660"},{"taxonomy":"product_cat","embeddable":true,"href":"https:\/\/moto-oprema.com\/de\/wp-json\/wp\/v2\/product_cat?post=103660"},{"taxonomy":"product_tag","embeddable":true,"href":"https:\/\/moto-oprema.com\/de\/wp-json\/wp\/v2\/product_tag?post=103660"}],"curies":[{"name":"wp","href":"https:\/\/api.w.org\/{rel}","templated":true}]}}