{"id":103628,"date":"2024-01-23T09:06:50","date_gmt":"2024-01-23T09:06:50","guid":{"rendered":"https:\/\/moto-oprema.com\/Artikel\/red-bull-ktm-layover-offizielle-teamline\/"},"modified":"2024-01-23T09:06:50","modified_gmt":"2024-01-23T09:06:50","slug":"red-bull-ktm-layover-offizielle-teamline","status":"publish","type":"product","link":"https:\/\/moto-oprema.com\/de\/Artikel\/red-bull-ktm-layover-offizielle-teamline\/","title":{"rendered":"RED BULL KTM LAYOVER OFFIZIELLE TEAMLINE"},"content":{"rendered":"<p>Alles, was Sie auf der Rennstrecke, in Ihrer Freizeit oder auf dem Weg zur Arbeit brauchen &#8211; in der RED BULL KTM Official Teamline Layover Bag ist genug Platz.<\/p>\n<p>Eine Reihe separater Stauf\u00e4cher sorgt daf\u00fcr, dass Sie Ihre wichtigsten Utensilien, elektronischen Ger\u00e4te oder Sonnenbrillen immer griffbereit haben. Original Team- und Partnerlogos machen diese OGIO Tasche mit ihren robusten Rollen und dem Teleskopgriff zu einer Augenweide. <\/p>\n<p>Material: 100 % Polyester<\/p>\n","protected":false},"excerpt":{"rendered":"<p>Alles, was Sie auf der Rennstrecke, in Ihrer Freizeit oder auf dem Weg zur Arbeit brauchen&#8230;<\/p>\n","protected":false},"featured_media":26216,"comment_status":"open","ping_status":"closed","template":"","meta":{"_acf_changed":false},"brand":[2332],"gender":[],"product_brand":[],"product_cat":[2078,2024],"product_tag":[],"class_list":{"0":"post-103628","1":"product","2":"type-product","3":"status-publish","4":"has-post-thumbnail","6":"brand-roter-bulle","7":"product_cat-koffer-und-taschen","8":"product_cat-zubehor","10":"first","11":"instock","12":"taxable","13":"shipping-taxable","14":"purchasable","15":"product-type-simple"},"acf":[],"_links":{"self":[{"href":"https:\/\/moto-oprema.com\/de\/wp-json\/wp\/v2\/product\/103628","targetHints":{"allow":["GET"]}}],"collection":[{"href":"https:\/\/moto-oprema.com\/de\/wp-json\/wp\/v2\/product"}],"about":[{"href":"https:\/\/moto-oprema.com\/de\/wp-json\/wp\/v2\/types\/product"}],"replies":[{"embeddable":true,"href":"https:\/\/moto-oprema.com\/de\/wp-json\/wp\/v2\/comments?post=103628"}],"wp:featuredmedia":[{"embeddable":true,"href":"https:\/\/moto-oprema.com\/de\/wp-json\/wp\/v2\/media\/26216"}],"wp:attachment":[{"href":"https:\/\/moto-oprema.com\/de\/wp-json\/wp\/v2\/media?parent=103628"}],"wp:term":[{"taxonomy":"brand","embeddable":true,"href":"https:\/\/moto-oprema.com\/de\/wp-json\/wp\/v2\/brand?post=103628"},{"taxonomy":"gender","embeddable":true,"href":"https:\/\/moto-oprema.com\/de\/wp-json\/wp\/v2\/gender?post=103628"},{"taxonomy":"product_brand","embeddable":true,"href":"https:\/\/moto-oprema.com\/de\/wp-json\/wp\/v2\/product_brand?post=103628"},{"taxonomy":"product_cat","embeddable":true,"href":"https:\/\/moto-oprema.com\/de\/wp-json\/wp\/v2\/product_cat?post=103628"},{"taxonomy":"product_tag","embeddable":true,"href":"https:\/\/moto-oprema.com\/de\/wp-json\/wp\/v2\/product_tag?post=103628"}],"curies":[{"name":"wp","href":"https:\/\/api.w.org\/{rel}","templated":true}]}}