{"id":103549,"date":"2024-01-22T11:34:35","date_gmt":"2024-01-22T11:34:35","guid":{"rendered":"https:\/\/moto-oprema.com\/Artikel\/red-bull-ktm-zip-west-offizielle-teamline\/"},"modified":"2024-01-22T11:34:35","modified_gmt":"2024-01-22T11:34:35","slug":"red-bull-ktm-zip-west-offizielle-teamline","status":"publish","type":"product","link":"https:\/\/moto-oprema.com\/de\/Artikel\/red-bull-ktm-zip-west-offizielle-teamline\/","title":{"rendered":"RED BULL KTM ZIP WEST OFFIZIELLE TEAMLINE"},"content":{"rendered":"<p>Mit der neuen RED BULL KTM Official Teamline k\u00f6nnen Sie zeigen, wof\u00fcr Ihr Herz schl\u00e4gt.<\/p>\n<p>Diese \u00e4rmellose Sportweste in Marineblau und Orange ist mit authentischen Team- und Partnerlogos bedruckt. Hochwertige Verarbeitung und funktionelle Details wie Seitentaschen und ein Stehkragen machen diese Weste zu einer Augenweide. <\/p>\n<p>Material: 100 % Polyester<\/p>\n","protected":false},"excerpt":{"rendered":"<p>Mit der neuen RED BULL KTM Official Teamline k\u00f6nnen Sie zeigen, wof\u00fcr Ihr Herz schl\u00e4gt. Diese&#8230;<\/p>\n","protected":false},"featured_media":26172,"comment_status":"open","ping_status":"open","template":"","meta":{"_acf_changed":false},"brand":[2332],"gender":[],"product_brand":[],"product_cat":[1357,2179,2293],"product_tag":[],"class_list":{"0":"post-103549","1":"product","2":"type-product","3":"status-publish","4":"has-post-thumbnail","6":"brand-roter-bulle","7":"product_cat-ausrustung-fur-motorradfahrer","8":"product_cat-freizeitkleidung","9":"product_cat-pullover-und-strickjacken","10":"pa_size-l-de","11":"pa_size-m-de","12":"pa_size-s-de","13":"pa_size-xl-de","14":"pa_size-xs-de","15":"pa_size-xxl-de","16":"pa_size-xxxl-de","18":"first","19":"instock","20":"taxable","21":"shipping-taxable","22":"purchasable","23":"product-type-variable"},"acf":[],"_links":{"self":[{"href":"https:\/\/moto-oprema.com\/de\/wp-json\/wp\/v2\/product\/103549","targetHints":{"allow":["GET"]}}],"collection":[{"href":"https:\/\/moto-oprema.com\/de\/wp-json\/wp\/v2\/product"}],"about":[{"href":"https:\/\/moto-oprema.com\/de\/wp-json\/wp\/v2\/types\/product"}],"replies":[{"embeddable":true,"href":"https:\/\/moto-oprema.com\/de\/wp-json\/wp\/v2\/comments?post=103549"}],"wp:featuredmedia":[{"embeddable":true,"href":"https:\/\/moto-oprema.com\/de\/wp-json\/wp\/v2\/media\/26172"}],"wp:attachment":[{"href":"https:\/\/moto-oprema.com\/de\/wp-json\/wp\/v2\/media?parent=103549"}],"wp:term":[{"taxonomy":"brand","embeddable":true,"href":"https:\/\/moto-oprema.com\/de\/wp-json\/wp\/v2\/brand?post=103549"},{"taxonomy":"gender","embeddable":true,"href":"https:\/\/moto-oprema.com\/de\/wp-json\/wp\/v2\/gender?post=103549"},{"taxonomy":"product_brand","embeddable":true,"href":"https:\/\/moto-oprema.com\/de\/wp-json\/wp\/v2\/product_brand?post=103549"},{"taxonomy":"product_cat","embeddable":true,"href":"https:\/\/moto-oprema.com\/de\/wp-json\/wp\/v2\/product_cat?post=103549"},{"taxonomy":"product_tag","embeddable":true,"href":"https:\/\/moto-oprema.com\/de\/wp-json\/wp\/v2\/product_tag?post=103549"}],"curies":[{"name":"wp","href":"https:\/\/api.w.org\/{rel}","templated":true}]}}