{"id":103404,"date":"2024-01-17T10:47:59","date_gmt":"2024-01-17T10:47:59","guid":{"rendered":"https:\/\/moto-oprema.com\/Artikel\/alpinestars-tech-7s-schwarz-weiss-grau-orange-fluo\/"},"modified":"2024-01-17T10:47:59","modified_gmt":"2024-01-17T10:47:59","slug":"alpinestars-tech-7s-schwarz-weiss-grau-orange-fluo","status":"publish","type":"product","link":"https:\/\/moto-oprema.com\/de\/Artikel\/alpinestars-tech-7s-schwarz-weiss-grau-orange-fluo\/","title":{"rendered":"ALPINESTARS TECH 7S SCHWARZ WEISS GRAU ORANGE FLUO"},"content":{"rendered":"<p>Die Alpinestars Tech 7s Stiefel haben eine sehr starke Sohlenkonstruktion. Sie bieten Haltbarkeit und Schutz. Die Tech 7s Stiefel wurden speziell f\u00fcr j\u00fcngere Fahrer entwickelt. Sie sind aber auch f\u00fcr kleinere Fahrer geeignet. Die Funktionen, die f\u00fcr Ihren Schutz sorgen, geh\u00f6ren zu den besten in ihrer Klasse. Die Alpinestars Tech 7s Stiefel sind f\u00fcr das h\u00e4rteste Terrain gebaut.     <\/p>\n<p>Merkmale:<\/p>\n<ul>\n<li>Das Tech 7S wurde speziell f\u00fcr Junioren und \/ oder Fahrer mit kleinerem Rahmen entwickelt.<\/li>\n<li>PU-verst\u00e4rktes Obermaterial aus Mikrofaser f\u00fcr Flexibilit\u00e4t, Abriebfestigkeit, Wasserbest\u00e4ndigkeit und Gewichtsersparnis. Das Material sorgt f\u00fcr eine gleichbleibende Passform und ist leicht zu pflegen und zu reinigen. <\/li>\n<li>Die konturierte Schienbeinplatte besteht aus hochmoduligem TPU f\u00fcr hervorragende Sto\u00df- und Abriebfestigkeit.<\/li>\n<li>Auf der medialen Seite befindet sich eine TPU-Platte mit spezieller Formgebung f\u00fcr maximalen Grip-Kontakt mit dem Fahrrad und verbesserte Hitze- und Abriebfestigkeit.<\/li>\n<li>Einteilige, eingespritzte Zweikomponenten-Fu\u00dfschale mit mit eingespritztem harten Zehenschutz und integriertem Stahlschaft. Die Schale ist \u00e4u\u00dferst abrieb- und sto\u00dffest, tr\u00e4gt zur allgemeinen Strapazierf\u00e4higkeit des Stiefels bei und verbessert die Stromlinienform des Stiefels. <\/li>\n<li>Hervorragende Flexion durch das flache mediale und laterale Pivot-System, das Bewegung und Unterst\u00fctzung bietet.<\/li>\n<li>Rist- und Achillessehnen-Akkordeon-Flexzonen f\u00fcr hervorragende Kontrolle und Unterst\u00fctzung.<\/li>\n<li>Die verl\u00e4ngerte Mikrofasergamasche hilft, das Eindringen von Wasser und Schmutz zu verhindern.<\/li>\n<li>Die Compound-Sohle ist nahtlos in die Grundstruktur integriert und sorgt f\u00fcr \u00fcberragende Strapazierf\u00e4higkeit, ein leistungsf\u00e4higes Gummigriffmuster und ein gutes Gef\u00fchl. Die Sohle ist austauschbar. <\/li>\n<li>Weiche Polyschaumverst\u00e4rkung an Kn\u00f6cheln und Kragen f\u00fcr lang anhaltenden Komfort und Sto\u00dfd\u00e4mpfung.<\/li>\n<li>Herausnehmbares anatomisches Fu\u00dfbett f\u00fcr Komfort und Unterst\u00fctzung sorgt f\u00fcr eine gleichm\u00e4\u00dfige Gewichtsverteilung.<\/li>\n<li>Textilgewebe mit offenzelligem Schaumstoff f\u00fcr verbesserte Luftzirkulation und Komfort.<\/li>\n<li>Schnallenverschlusssystem mit Polymer- und Glasfaserschnallenarmen und Br\u00fcckenverschl\u00fcssen aus schlagfestem Aluminium f\u00fcr lange Haltbarkeit und geringes Gewicht.<\/li>\n<li>Sparen. Das Schnallensystem verf\u00fcgt \u00fcber einen Speicher und ein Schnellverschluss-System mit selbstausrichtendem Design f\u00fcr einfaches, pr\u00e4zises Schlie\u00dfen und verbesserte <\/li>\n<li>Alle Schnallen sind leicht austauschbar. <\/li>\n<li>Der Tech 7s Stiefel ist nach EN 13634:2010 zertifiziert.<\/li>\n<\/ul>\n<p>Zusammensetzung des Rohmaterials:<span style=\"font-family: arial, helvetica, sans-serif;font-size: small\"><br \/>\n&#8211; <\/span>Obermaterial: Leder und andere Materialien<br \/>\n -Futter und Innensohle: Textilmaterial<br \/>\n -Sohle: Gummi<\/p>\n","protected":false},"excerpt":{"rendered":"<p>Die Tech 7s Stiefel wurden speziell f\u00fcr j\u00fcngere Reiter entwickelt. Aber sie sind auch f\u00fcr kleinere&#8230;<\/p>\n","protected":false},"featured_media":103422,"comment_status":"open","ping_status":"closed","template":"","meta":{"_acf_changed":false},"brand":[2111],"gender":[],"product_brand":[],"product_cat":[2028,2244],"product_tag":[],"class_list":{"0":"post-103404","1":"product","2":"type-product","3":"status-publish","4":"has-post-thumbnail","6":"brand-alpinestars-de","7":"product_cat-motocross-ausrustung","8":"product_cat-mx-stiefel","9":"pa_size-3355-de","10":"pa_size-437-de","11":"pa_size-538-de","12":"pa_size-639-de","13":"pa_size-7405-de","14":"pa_size-842-de","15":"pa_size-234-de","17":"first","18":"onbackorder","19":"sale","20":"taxable","21":"shipping-taxable","22":"purchasable","23":"product-type-variable"},"acf":[],"_links":{"self":[{"href":"https:\/\/moto-oprema.com\/de\/wp-json\/wp\/v2\/product\/103404","targetHints":{"allow":["GET"]}}],"collection":[{"href":"https:\/\/moto-oprema.com\/de\/wp-json\/wp\/v2\/product"}],"about":[{"href":"https:\/\/moto-oprema.com\/de\/wp-json\/wp\/v2\/types\/product"}],"replies":[{"embeddable":true,"href":"https:\/\/moto-oprema.com\/de\/wp-json\/wp\/v2\/comments?post=103404"}],"wp:featuredmedia":[{"embeddable":true,"href":"https:\/\/moto-oprema.com\/de\/wp-json\/wp\/v2\/media\/103422"}],"wp:attachment":[{"href":"https:\/\/moto-oprema.com\/de\/wp-json\/wp\/v2\/media?parent=103404"}],"wp:term":[{"taxonomy":"brand","embeddable":true,"href":"https:\/\/moto-oprema.com\/de\/wp-json\/wp\/v2\/brand?post=103404"},{"taxonomy":"gender","embeddable":true,"href":"https:\/\/moto-oprema.com\/de\/wp-json\/wp\/v2\/gender?post=103404"},{"taxonomy":"product_brand","embeddable":true,"href":"https:\/\/moto-oprema.com\/de\/wp-json\/wp\/v2\/product_brand?post=103404"},{"taxonomy":"product_cat","embeddable":true,"href":"https:\/\/moto-oprema.com\/de\/wp-json\/wp\/v2\/product_cat?post=103404"},{"taxonomy":"product_tag","embeddable":true,"href":"https:\/\/moto-oprema.com\/de\/wp-json\/wp\/v2\/product_tag?post=103404"}],"curies":[{"name":"wp","href":"https:\/\/api.w.org\/{rel}","templated":true}]}}