{"id":103369,"date":"2024-01-18T09:10:52","date_gmt":"2024-01-18T09:10:52","guid":{"rendered":"https:\/\/moto-oprema.com\/Artikel\/shoei-glamster-06-nachbarschaft-x\/"},"modified":"2024-01-18T09:10:52","modified_gmt":"2024-01-18T09:10:52","slug":"shoei-glamster-06-nachbarschaft-x","status":"publish","type":"product","link":"https:\/\/moto-oprema.com\/de\/Artikel\/shoei-glamster-06-nachbarschaft-x\/","title":{"rendered":"SHOEI GLAMSTER 06 NACHBARSCHAFT X"},"content":{"rendered":"<p>Neo-Retro-Stra\u00dfenhelm<\/p>\n<p>Der SHOEI GLAMSTER06 ist ein stilvoller Helm f\u00fcr Motorradfahrer, die einen klassischen Retro-Look suchen, aber dennoch nicht auf moderne Funktionen verzichten wollen.<br \/>\nSeine kompakte AIM-Glasfaserhelmschale aus verschiedenen Fasermaterialien, das klassisch geformte Visier, der innovative Visiermechanismus und die stilvollen Bel\u00fcftungs\u00f6ffnungen verleihen diesem Helm einen authentischen Look.<br \/>\nWie bei allen aktuellen SHOEI-Helmen ist das Innenfutter vollst\u00e4ndig herausnehmbar und waschbar.<br \/>\nSein geringes Gewicht macht ihn bei M\u00e4nnern und Frauen gleicherma\u00dfen beliebt.<\/p>\n<p>Sicherheit<br \/>\nSeine Au\u00dfenschale aus AIM (Advanced Integrated Matrix) kombiniert mit einem Polystyrol-Kernsystem, das aus mehreren Elementen mit unterschiedlichen Absorptionskapazit\u00e4ten besteht, bietet optimalen Aufprallschutz.<br \/>\nEin klares Visier mit gro\u00dfem Sichtfeld sorgt f\u00fcr eine klare Sicht unter fast allen Bedingungen.<br \/>\nDer elegante Doppel-D-Kinnriemen ist leicht verstellbar und h\u00e4lt den Helm sicher an seinem Platz.<br \/>\nIm Notfall lassen sich die Wangenpolster dank des EQRS (Emergency Quick Release System) zum schonenden Abnehmen des Helms leicht entfernen.<br \/>\nDer SHOEI GLAMSTER06 erf\u00fcllt die Anforderungen der neuen Pr\u00fcfnorm f\u00fcr Motorradhelme ECE-R 22.06.<\/p>\n<p>Tragekomfort<br \/>\n3 verschiedene Au\u00dfenschalengr\u00f6\u00dfen (XS-M | L | XL-XXL) erm\u00f6glichen ein optimales Verh\u00e4ltnis zwischen Fahrer und Helmgr\u00f6\u00dfe und sorgen f\u00fcr einen coolen Look.<br \/>\nDas Kopfpolster, die Wangenpolster und das Kinnpolster sind vollst\u00e4ndig herausnehmbar und waschbar.<br \/>\nVerschiedene St\u00e4rken der Kopf- und Wangenpolster sind erh\u00e4ltlich, um die Passform des Helms anzupassen.<\/p>\n<p>Zubeh\u00f6r<br \/>\nKopf- und Wangenpolster sind in verschiedenen Gr\u00f6\u00dfen und St\u00e4rken erh\u00e4ltlich, um abgenutzte Polster zu ersetzen oder den Helm anzupassen. Auch Kinnriemenpolster und Kinnvorhang.<br \/>\nEin separat geliefertes, get\u00f6ntes Visier kann anstelle des durchsichtigen Visiers in \u00dcbereinstimmung mit den Zulassungsvorschriften angebracht werden. <\/p>\n<p>Lieferumfang<br \/>\nZum Lieferumfang des SHOEI GLAMSTER06 geh\u00f6ren eine Helmtasche zur sorgf\u00e4ltigen Aufbewahrung, ein PINLOCK\u00aeEVO-Rostschutzglas mit entsprechenden Ersatzstiften, ein Kinnvorhang, ein Aufkleber mit dem GLAMSTER-Logo und Silikon\u00f6l zur Pflege der Visierdichtung und des Mechanismus.<br \/>\nDas Helmhandbuch und die Brosch\u00fcre &#8222;Richtiger Gebrauch Ihres Helms&#8220; enthalten wertvolle Informationen zu Gebrauch, Wartung und Pflege des SHOEI GLAMSTER06.<\/p>\n","protected":false},"excerpt":{"rendered":"<p>Neo-Retro-Stra\u00dfenhelm Der SHOEI GLAMSTER06 ist ein stilvoller Helm f\u00fcr Motorradfahrer, die einen klassischen Retro-Look suchen, aber&#8230;<\/p>\n","protected":false},"featured_media":25893,"comment_status":"open","ping_status":"open","template":"","meta":{"_acf_changed":false},"brand":[2126],"gender":[2173],"product_brand":[],"product_cat":[1357,1360,1361],"product_tag":[],"class_list":{"0":"post-103369","1":"product","2":"type-product","3":"status-publish","4":"has-post-thumbnail","6":"brand-shoei-de","7":"gender-unisex-de","8":"product_cat-ausrustung-fur-motorradfahrer","9":"product_cat-helme","10":"product_cat-integral","11":"pa_size-l-de","12":"pa_size-m-de","13":"pa_size-s-de","14":"pa_size-xl-de","15":"pa_size-xs-de","16":"pa_size-xxl-de","18":"first","19":"onbackorder","20":"taxable","21":"shipping-taxable","22":"purchasable","23":"product-type-variable"},"acf":[],"_links":{"self":[{"href":"https:\/\/moto-oprema.com\/de\/wp-json\/wp\/v2\/product\/103369","targetHints":{"allow":["GET"]}}],"collection":[{"href":"https:\/\/moto-oprema.com\/de\/wp-json\/wp\/v2\/product"}],"about":[{"href":"https:\/\/moto-oprema.com\/de\/wp-json\/wp\/v2\/types\/product"}],"replies":[{"embeddable":true,"href":"https:\/\/moto-oprema.com\/de\/wp-json\/wp\/v2\/comments?post=103369"}],"wp:featuredmedia":[{"embeddable":true,"href":"https:\/\/moto-oprema.com\/de\/wp-json\/wp\/v2\/media\/25893"}],"wp:attachment":[{"href":"https:\/\/moto-oprema.com\/de\/wp-json\/wp\/v2\/media?parent=103369"}],"wp:term":[{"taxonomy":"brand","embeddable":true,"href":"https:\/\/moto-oprema.com\/de\/wp-json\/wp\/v2\/brand?post=103369"},{"taxonomy":"gender","embeddable":true,"href":"https:\/\/moto-oprema.com\/de\/wp-json\/wp\/v2\/gender?post=103369"},{"taxonomy":"product_brand","embeddable":true,"href":"https:\/\/moto-oprema.com\/de\/wp-json\/wp\/v2\/product_brand?post=103369"},{"taxonomy":"product_cat","embeddable":true,"href":"https:\/\/moto-oprema.com\/de\/wp-json\/wp\/v2\/product_cat?post=103369"},{"taxonomy":"product_tag","embeddable":true,"href":"https:\/\/moto-oprema.com\/de\/wp-json\/wp\/v2\/product_tag?post=103369"}],"curies":[{"name":"wp","href":"https:\/\/api.w.org\/{rel}","templated":true}]}}