{"id":103318,"date":"2023-12-13T11:50:19","date_gmt":"2023-12-13T11:50:19","guid":{"rendered":"https:\/\/moto-oprema.com\/Artikel\/dainese-fulcrum-3-gore-tex-stiefel-schwarz\/"},"modified":"2023-12-13T11:50:19","modified_gmt":"2023-12-13T11:50:19","slug":"dainese-fulcrum-3-gore-tex-stiefel-schwarz","status":"publish","type":"product","link":"https:\/\/moto-oprema.com\/de\/Artikel\/dainese-fulcrum-3-gore-tex-stiefel-schwarz\/","title":{"rendered":"Dainese Fulcrum 3 Gore-tex Stiefel Schwarz"},"content":{"rendered":"<div class=\"tabs-panels\">\n<p>Dainese Fulcrum 3 GTX wasserdichte Motorradstiefel<\/p>\n<p>Der Fulcrum 3 Gore-Tex\u00ae ist ein neuer Vier-Jahreszeiten-Reisestiefel, der komplett aus feinem Rindsleder gefertigt ist und f\u00fcr Motorradfahrer entwickelt wurde, die lange Fahrten bei rauen Wetterbedingungen bew\u00e4ltigen m\u00fcssen. Nicht zuletzt dank der eingebauten Gore-Tex\u00ae Performance-Membran, die hohen Klimakomfort und Schutz vor h\u00e4rtesten Temperaturen bietet. Die Groundtrax\u00ae Laufsohle hat eine spezielle Mischung und ein spezielles Profil f\u00fcr den Einsatz auf der Stra\u00dfe und bei seltenen Ausfl\u00fcgen ins Gel\u00e4nde. Sie bietet Stabilit\u00e4t und Traktion auf unterschiedlichem Terrain und maximalen Komfort beim Absteigen vom Rad. Die Qualit\u00e4t und Strapazierf\u00e4higkeit der Materialien wird erg\u00e4nzt durch den Komfort und die einfache Anpassung an unterschiedliche K\u00f6rperformen, dank des doppelten Klettverschlusses und des Stretchmaterials an der Wade sowie des flexiblen und weichen Schutzes f\u00fcr dauerhaften Komfort.  <\/p>\n<p>Merkmale:<\/p>\n<p>Motorradschuh aus Rindsleder f\u00fcr vier Jahreszeiten mit Gore-MembranTex\u00ae Performance f\u00fcr maximalen W\u00e4rmekomfort bei widrigen Wetterbedingungen<br \/>\nGroundtrax\u00ae Gummilaufsohle f\u00fcr Touren und Wanderungen mit guter Traktion<br \/>\nOrtholite-Einlegesohle mit lang anhaltender D\u00e4mpfung und hoher Atmungsaktivit\u00e4t<br \/>\nReflektierende Eins\u00e4tze f\u00fcr hohe Sichtbarkeit<br \/>\nZweifache Wadenanpassung mit Riemen f\u00fcr eine sofortige und bequeme Passform<br \/>\nFlexible Gelenke f\u00fcr zus\u00e4tzlichen Gehkomfort<br \/>\nRei\u00dfverschluss an der Innenseite<br \/>\nObermaterial aus Rindsleder<br \/>\nGore- MembranTex\u00ae Performance Comfort f\u00fcr Schuhwerk<\/p>\n<p>Spezifikationen:<\/p>\n<p>Schutzschuhe f\u00fcr Motorradfahrer (EN 13634:2017) Kat. II &#8211; EN 13634 Standard<br \/>\nAuxaguard<br \/>\nVerst\u00e4rkte Kn\u00f6cheleins\u00e4tze<br \/>\nVerst\u00e4rkung der Schalthebel aus Wildleder und PU <\/p>\n<\/div>\n","protected":false},"excerpt":{"rendered":"<p>Dainese Fulcrum 3 GTX wasserdichte Motorradstiefel Der Fulcrum 3 Gore-Tex\u00ae ist ein neuer Vier-Jahreszeiten-Reisestiefel, der komplett&#8230;<\/p>\n","protected":false},"featured_media":103319,"comment_status":"open","ping_status":"closed","template":"","meta":{"_acf_changed":false},"brand":[2113],"gender":[2168],"product_brand":[],"product_cat":[1357,2043,2049],"product_tag":[2185,2357,2405],"class_list":{"0":"post-103318","1":"product","2":"type-product","3":"status-publish","4":"has-post-thumbnail","6":"brand-dainese-de","7":"gender-moski-de","8":"product_cat-ausrustung-fur-motorradfahrer","9":"product_cat-schuhe","10":"product_cat-touring-schuhe","11":"product_tag-kleidung","12":"product_tag-stiefel","13":"product_tag-tournee","14":"pa_barva-schwarz-de","15":"pa_product-code-da17900049-001-de","16":"pa_product-id-16694-de","17":"pa_velikost-st-38-de","18":"pa_velikost-st-39-de","19":"pa_velikost-st-40-de","20":"pa_velikost-st-41-de","21":"pa_velikost-st-42-de","22":"pa_velikost-st-43-de","23":"pa_velikost-st-44-de","24":"pa_velikost-st-45-de","25":"pa_velikost-st-46-de","27":"first","28":"instock","29":"taxable","30":"shipping-taxable","31":"purchasable","32":"product-type-variable"},"acf":[],"_links":{"self":[{"href":"https:\/\/moto-oprema.com\/de\/wp-json\/wp\/v2\/product\/103318","targetHints":{"allow":["GET"]}}],"collection":[{"href":"https:\/\/moto-oprema.com\/de\/wp-json\/wp\/v2\/product"}],"about":[{"href":"https:\/\/moto-oprema.com\/de\/wp-json\/wp\/v2\/types\/product"}],"replies":[{"embeddable":true,"href":"https:\/\/moto-oprema.com\/de\/wp-json\/wp\/v2\/comments?post=103318"}],"wp:featuredmedia":[{"embeddable":true,"href":"https:\/\/moto-oprema.com\/de\/wp-json\/wp\/v2\/media\/103319"}],"wp:attachment":[{"href":"https:\/\/moto-oprema.com\/de\/wp-json\/wp\/v2\/media?parent=103318"}],"wp:term":[{"taxonomy":"brand","embeddable":true,"href":"https:\/\/moto-oprema.com\/de\/wp-json\/wp\/v2\/brand?post=103318"},{"taxonomy":"gender","embeddable":true,"href":"https:\/\/moto-oprema.com\/de\/wp-json\/wp\/v2\/gender?post=103318"},{"taxonomy":"product_brand","embeddable":true,"href":"https:\/\/moto-oprema.com\/de\/wp-json\/wp\/v2\/product_brand?post=103318"},{"taxonomy":"product_cat","embeddable":true,"href":"https:\/\/moto-oprema.com\/de\/wp-json\/wp\/v2\/product_cat?post=103318"},{"taxonomy":"product_tag","embeddable":true,"href":"https:\/\/moto-oprema.com\/de\/wp-json\/wp\/v2\/product_tag?post=103318"}],"curies":[{"name":"wp","href":"https:\/\/api.w.org\/{rel}","templated":true}]}}