{"id":103308,"date":"2023-12-13T11:50:00","date_gmt":"2023-12-13T11:50:00","guid":{"rendered":"https:\/\/moto-oprema.com\/Artikel\/dainese-air-frame-3-frauen-jacke-weiss\/"},"modified":"2023-12-13T11:50:00","modified_gmt":"2023-12-13T11:50:00","slug":"dainese-air-frame-3-frauen-jacke-weiss","status":"publish","type":"product","link":"https:\/\/moto-oprema.com\/de\/Artikel\/dainese-air-frame-3-frauen-jacke-weiss\/","title":{"rendered":"Dainese Air Frame 3 Frauen Jacke Wei\u00df"},"content":{"rendered":"<p>Die Air Frame 3 Tex WMN Jacke ist die perfekte Mischung aus technischen L\u00f6sungen und Vielseitigkeit. Sie ist die Motorradjacke von Dainese, die f\u00fcr die Sommersaison entwickelt wurde und sich an die individuellen K\u00f6rperformen der anspruchsvollsten Motorradfahrer anpasst. Sie ist perfekt auf die Drake 2 Super Air WMN Hose abgestimmt. Dank der Mesh-Konstruktion und des herausnehmbaren Windfutters eignet sich dieses Kleidungsst\u00fcck sowohl f\u00fcr Motorradtouren in hei\u00dfen als auch in gem\u00e4\u00dfigteren Klimazonen und bietet Motorradfahrern maximalen W\u00e4rmekomfort.<br \/>\nDie praktische und bequeme Konstruktion dieses Kleidungsst\u00fccks wird durch einen speziellen Rei\u00dfverschluss, der die Jacke mit der Hose verbindet, noch verbessert, w\u00e4hrend Verstellsysteme an den \u00c4rmeln, der H\u00fcfte und dem Hals f\u00fcr optimalen Fahrkomfort und Bewegungsfreiheit sorgen.<br \/>\nDie Air Frame 3 Tex WMN Jacke ist nach EN 17092 Klasse A zertifiziert und verf\u00fcgt \u00fcber integrierte Schulter- und Ellbogenpolster aus Verbundwerkstoff sowie eine Tasche zur Aufnahme eines G-R\u00fcckenprotektors.<br \/>\nFunktionelle Details wie eine wasserdichte Innentasche und reflektierende Eins\u00e4tze vervollst\u00e4ndigen diese Motorradjacke, eine der meistgesch\u00e4tzten in der Geschichte von Dainese.<\/p>\n<p>\u00dcBERBLICK<br \/>\nDamen-Sommer-Motorradjacke aus Mesh mit herausnehmbarem Windfutter f\u00fcr maximalen W\u00e4rmekomfort und Vielseitigkeit.<br \/>\nComposite-Visiere und eine Tasche zur Aufnahme des G-R\u00fcckenprotektors machen sie zu einem ergonomischen, funktionellen und sch\u00fctzenden Kleidungsst\u00fcck. Sie verf\u00fcgt au\u00dferdem \u00fcber eine wasserdichte Innentasche, eine Zertifizierung nach EN 17092 Klasse A und einen praktischen Verbindungsrei\u00dfverschluss, der sie mit der Drake 2 Super Air WMN Hose kombiniert.<br \/>\nFEATURES<br \/>\n1 interne wasserdichte Tasche<br \/>\n2 Au\u00dfentaschen<br \/>\nMotorradfahrer-Kleidung mit EN 17092 A Zertifizierung<br \/>\nReflektierende Eins\u00e4tze<br \/>\nERGONOMIE<br \/>\nVerstellbarer Nackenriemen<br \/>\nEinstellung der Anti-Schwimm-Manschette<br \/>\nElastische und weiche Eins\u00e4tze an den Handgelenken<br \/>\nH\u00fcftverstellung mit Rei\u00dfverschl\u00fcssen<br \/>\nBefestigungssystem f\u00fcr Jacke und Hose<br \/>\nEinstellung des Nackens<br \/>\nHAUPTMATERIALIEN<br \/>\nEins\u00e4tze aus Mesh-Gewebe<br \/>\nQuickDry-Gewebe<br \/>\nLEISTUNGSSCHOCK<br \/>\nR\u00fcckenschutztasche G1 und G2<br \/>\nHerausnehmbare Schutzschilde aus Verbundwerkstoff, zertifiziert<br \/>\nNorm EN 1621.1<br \/>\nTEMPERATUR<br \/>\nAtmungsaktives Netzfutter<br \/>\nHerausnehmbares winddichtes Futter.<\/p>\n<p>&nbsp;<\/p>\n","protected":false},"excerpt":{"rendered":"<p>Die Air Frame 3 Tex WMN Jacke ist die perfekte Mischung aus technischen L\u00f6sungen und Vielseitigkeit&#8230;.<\/p>\n","protected":false},"featured_media":104804,"comment_status":"open","ping_status":"open","template":"","meta":{"_acf_changed":false},"brand":[2113],"gender":[2170],"product_brand":[],"product_cat":[1357,2045,2048],"product_tag":[2399,2342,2185],"class_list":{"0":"post-103308","1":"product","2":"type-product","3":"status-publish","4":"has-post-thumbnail","6":"brand-dainese-de","7":"gender-zenska-de","8":"product_cat-ausrustung-fur-motorradfahrer","9":"product_cat-jakne-de","10":"product_cat-textil-jacken","11":"product_tag-beluftet","12":"product_tag-jacken","13":"product_tag-kleidung","14":"pa_barva-weis","15":"pa_product-code-da17300004-318-de","16":"pa_product-id-44457-de","17":"pa_velikost-st-50-de","18":"pa_velikost-st-52-de","19":"pa_velikost-st-54-de","21":"first","22":"instock","23":"taxable","24":"shipping-taxable","25":"purchasable","26":"product-type-variable"},"acf":[],"_links":{"self":[{"href":"https:\/\/moto-oprema.com\/de\/wp-json\/wp\/v2\/product\/103308","targetHints":{"allow":["GET"]}}],"collection":[{"href":"https:\/\/moto-oprema.com\/de\/wp-json\/wp\/v2\/product"}],"about":[{"href":"https:\/\/moto-oprema.com\/de\/wp-json\/wp\/v2\/types\/product"}],"replies":[{"embeddable":true,"href":"https:\/\/moto-oprema.com\/de\/wp-json\/wp\/v2\/comments?post=103308"}],"wp:featuredmedia":[{"embeddable":true,"href":"https:\/\/moto-oprema.com\/de\/wp-json\/wp\/v2\/media\/104804"}],"wp:attachment":[{"href":"https:\/\/moto-oprema.com\/de\/wp-json\/wp\/v2\/media?parent=103308"}],"wp:term":[{"taxonomy":"brand","embeddable":true,"href":"https:\/\/moto-oprema.com\/de\/wp-json\/wp\/v2\/brand?post=103308"},{"taxonomy":"gender","embeddable":true,"href":"https:\/\/moto-oprema.com\/de\/wp-json\/wp\/v2\/gender?post=103308"},{"taxonomy":"product_brand","embeddable":true,"href":"https:\/\/moto-oprema.com\/de\/wp-json\/wp\/v2\/product_brand?post=103308"},{"taxonomy":"product_cat","embeddable":true,"href":"https:\/\/moto-oprema.com\/de\/wp-json\/wp\/v2\/product_cat?post=103308"},{"taxonomy":"product_tag","embeddable":true,"href":"https:\/\/moto-oprema.com\/de\/wp-json\/wp\/v2\/product_tag?post=103308"}],"curies":[{"name":"wp","href":"https:\/\/api.w.org\/{rel}","templated":true}]}}