{"id":103284,"date":"2024-05-17T09:05:40","date_gmt":"2024-05-17T09:05:40","guid":{"rendered":"https:\/\/moto-oprema.com\/Artikel\/spidi-j-tracker-lady-blue-used-medium-hose\/"},"modified":"2024-05-17T09:05:40","modified_gmt":"2024-05-17T09:05:40","slug":"spidi-j-tracker-lady-blue-used-medium-hose","status":"publish","type":"product","link":"https:\/\/moto-oprema.com\/de\/Artikel\/spidi-j-tracker-lady-blue-used-medium-hose\/","title":{"rendered":"SPIDI J-TRACKER LADY BLUE USED MEDIUM Hose"},"content":{"rendered":"<div id=\"tw-source-text-container\" class=\"tw-ta-container tw-nfl\">\n<div id=\"tw-target\">\n<div id=\"kAz1tf\" class=\"g9WsWb\">\n<div id=\"tw-target-text-container\" class=\"tw-ta-container tw-nfl\">\n<div class=\"tw-ta-container tw-nfl\">\n<p>Spidi J-Tracker Motorradjeans f\u00fcr Damen<\/p>\n<p>Die J-Tracker ist die Referenz unter den Motorradjeans aus einer Mischung aus Cordura\u00ae und Denim. Die J-Tracker wurde im Sicherheitslabor von Spidi entwickelt und vereint Funktionalit\u00e4t und Sicherheit. Kniesch\u00fctzer sind nat\u00fcrlich inklusive. Dank des hochresistenten Mischgewebes erf\u00fcllt die J-Tracker die Schutzklasse A gem\u00e4\u00df prEN 17092:2017.   <\/p>\n<p>Merkmale:<\/p>\n<p>Passform: Slim Fit<br \/>\nKniesch\u00fctzer mit verstellbarer Position<br \/>\nHochfestes Cordura-Polyamid-Gewebe<br \/>\nCordura\/Baumwoll-Mischgewebe<br \/>\nElastisches Gewebe<br \/>\nStoffgewicht 13 oz\/m\u00b2<br \/>\nKlettverschluss<br \/>\nStrumpfhosen-Befestigungsb\u00e4nder<br \/>\nMotorrad-Schutzausr\u00fcstung gem\u00e4\u00df der Richtlinie EU\/89\/686\/ECC<br \/>\nPers\u00f6nliche Schutzausr\u00fcstung: Motorradschutzkleidung nach En 17092-4:2017, Klasse A<br \/>\nKnieschutz (EN 1621-1 Lev. 1)<br \/>\nWarrior Lite H\u00fcftprotektoren auf Anfrage erh\u00e4ltlich<\/p>\n<\/div>\n<div id=\"z6maec\" class=\"tw-ta-container tw-nfl\"><\/div>\n<\/div>\n<\/div>\n<\/div>\n<\/div>\n<p>Cordura, Baumwolle, <span lang=\"sl\" xml_lang=\"sl\">elastischer Stoff<\/span><\/p>\n","protected":false},"excerpt":{"rendered":"<p>Die J-tracker ist eine Motorradjeans aus einer Mischung aus Baumwolle und Cordura\u00ae.<\/p>\n","protected":false},"featured_media":29039,"comment_status":"open","ping_status":"open","template":"","meta":{"_acf_changed":false},"brand":[2124],"gender":[2170],"product_brand":[],"product_cat":[1357,2189,2190],"product_tag":[],"class_list":{"0":"post-103284","1":"product","2":"type-product","3":"status-publish","4":"has-post-thumbnail","6":"brand-spidi-de","7":"gender-zenska-de","8":"product_cat-ausrustung-fur-motorradfahrer","9":"product_cat-hose","10":"product_cat-jeans-hosen","11":"pa_size-26-de","12":"pa_size-27-de","13":"pa_size-28-de","14":"pa_size-29-de","15":"pa_size-30-de","16":"pa_size-31-de","17":"pa_size-32-de","18":"pa_size-33-de","19":"pa_size-34-de","21":"first","22":"instock","23":"taxable","24":"shipping-taxable","25":"purchasable","26":"product-type-variable"},"acf":[],"_links":{"self":[{"href":"https:\/\/moto-oprema.com\/de\/wp-json\/wp\/v2\/product\/103284","targetHints":{"allow":["GET"]}}],"collection":[{"href":"https:\/\/moto-oprema.com\/de\/wp-json\/wp\/v2\/product"}],"about":[{"href":"https:\/\/moto-oprema.com\/de\/wp-json\/wp\/v2\/types\/product"}],"replies":[{"embeddable":true,"href":"https:\/\/moto-oprema.com\/de\/wp-json\/wp\/v2\/comments?post=103284"}],"wp:featuredmedia":[{"embeddable":true,"href":"https:\/\/moto-oprema.com\/de\/wp-json\/wp\/v2\/media\/29039"}],"wp:attachment":[{"href":"https:\/\/moto-oprema.com\/de\/wp-json\/wp\/v2\/media?parent=103284"}],"wp:term":[{"taxonomy":"brand","embeddable":true,"href":"https:\/\/moto-oprema.com\/de\/wp-json\/wp\/v2\/brand?post=103284"},{"taxonomy":"gender","embeddable":true,"href":"https:\/\/moto-oprema.com\/de\/wp-json\/wp\/v2\/gender?post=103284"},{"taxonomy":"product_brand","embeddable":true,"href":"https:\/\/moto-oprema.com\/de\/wp-json\/wp\/v2\/product_brand?post=103284"},{"taxonomy":"product_cat","embeddable":true,"href":"https:\/\/moto-oprema.com\/de\/wp-json\/wp\/v2\/product_cat?post=103284"},{"taxonomy":"product_tag","embeddable":true,"href":"https:\/\/moto-oprema.com\/de\/wp-json\/wp\/v2\/product_tag?post=103284"}],"curies":[{"name":"wp","href":"https:\/\/api.w.org\/{rel}","templated":true}]}}