{"id":103272,"date":"2024-04-25T10:02:19","date_gmt":"2024-04-25T10:02:19","guid":{"rendered":"https:\/\/moto-oprema.com\/Artikel\/spidi-x-force-handschuhe-schwarz-fluo-gelb\/"},"modified":"2024-04-25T10:02:19","modified_gmt":"2024-04-25T10:02:19","slug":"spidi-x-force-handschuhe-schwarz-fluo-gelb","status":"publish","type":"product","link":"https:\/\/moto-oprema.com\/de\/Artikel\/spidi-x-force-handschuhe-schwarz-fluo-gelb\/","title":{"rendered":"SPIDI X-FORCE HANDSCHUHE SCHWARZ FLUO GELB"},"content":{"rendered":"<p>Spidi X-Force Handschuhe<\/p>\n<p>Die Spidi X-Force Handschuhe bieten ein hohes Ma\u00df an Sicherheit im Stra\u00dfenverkehr.<\/p>\n<p>Merkmale:<\/p>\n<p>Die Handschuhe passen sich besser an, um einen besseren Sitz zu gew\u00e4hrleisten.<br \/>\nperforiertes Netzgewebe<br \/>\nelastisches Gewebe<br \/>\nNeopren: elastisches, bequemes und wasserdichtes Gewebe<br \/>\nbesonders widerstandsf\u00e4hige Mikrofaser aus Wildleder<br \/>\nZiegenleder, 0,6\/ 0,8 mm dick, sehr gute Passform<br \/>\nBel\u00fcftung<br \/>\nkompatibel mit Touchscreens<br \/>\nMotorradschutzausr\u00fcstung gem\u00e4\u00df Verordnung (EU) 2016\/454<br \/>\nPers\u00f6nliche Schutzausr\u00fcstung &#8211; Schutzhandschuhe f\u00fcr Motorradfahrer (EN 13594: 2015)<br \/>\nmit Warrior Kn\u00f6chelpolstern (Level 1)<br \/>\nGepolsterte Handfl\u00e4che, Handr\u00fccken und Handseiten<br \/>\nSpezifikationen:<\/p>\n<p>Gr\u00f6\u00dfe: S &#8211; 3XL<br \/>\nProtektoren: Kn\u00f6chel:<br \/>\nGewicht: 0,1 kg<\/p>\n","protected":false},"excerpt":{"rendered":"<p>Spidi X-Force Handschuhe Die Spidi X-Force Handschuhe bieten ein hohes Ma\u00df an Sicherheit im Stra\u00dfenverkehr. Merkmale:&#8230;<\/p>\n","protected":false},"featured_media":28514,"comment_status":"open","ping_status":"open","template":"","meta":{"_acf_changed":false},"brand":[2124],"gender":[2168],"product_brand":[],"product_cat":[1357,2086,2092],"product_tag":[],"class_list":{"0":"post-103272","1":"product","2":"type-product","3":"status-publish","4":"has-post-thumbnail","6":"brand-spidi-de","7":"gender-moski-de","8":"product_cat-ausrustung-fur-motorradfahrer","9":"product_cat-handschuhe","10":"product_cat-textil-handschuhe","11":"pa_size-2xl-de","12":"pa_size-3xl-de","13":"pa_size-l-de","14":"pa_size-m-de","15":"pa_size-s-de","16":"pa_size-xl-de","18":"first","19":"instock","20":"sale","21":"taxable","22":"shipping-taxable","23":"purchasable","24":"product-type-variable"},"acf":[],"_links":{"self":[{"href":"https:\/\/moto-oprema.com\/de\/wp-json\/wp\/v2\/product\/103272","targetHints":{"allow":["GET"]}}],"collection":[{"href":"https:\/\/moto-oprema.com\/de\/wp-json\/wp\/v2\/product"}],"about":[{"href":"https:\/\/moto-oprema.com\/de\/wp-json\/wp\/v2\/types\/product"}],"replies":[{"embeddable":true,"href":"https:\/\/moto-oprema.com\/de\/wp-json\/wp\/v2\/comments?post=103272"}],"wp:featuredmedia":[{"embeddable":true,"href":"https:\/\/moto-oprema.com\/de\/wp-json\/wp\/v2\/media\/28514"}],"wp:attachment":[{"href":"https:\/\/moto-oprema.com\/de\/wp-json\/wp\/v2\/media?parent=103272"}],"wp:term":[{"taxonomy":"brand","embeddable":true,"href":"https:\/\/moto-oprema.com\/de\/wp-json\/wp\/v2\/brand?post=103272"},{"taxonomy":"gender","embeddable":true,"href":"https:\/\/moto-oprema.com\/de\/wp-json\/wp\/v2\/gender?post=103272"},{"taxonomy":"product_brand","embeddable":true,"href":"https:\/\/moto-oprema.com\/de\/wp-json\/wp\/v2\/product_brand?post=103272"},{"taxonomy":"product_cat","embeddable":true,"href":"https:\/\/moto-oprema.com\/de\/wp-json\/wp\/v2\/product_cat?post=103272"},{"taxonomy":"product_tag","embeddable":true,"href":"https:\/\/moto-oprema.com\/de\/wp-json\/wp\/v2\/product_tag?post=103272"}],"curies":[{"name":"wp","href":"https:\/\/api.w.org\/{rel}","templated":true}]}}