{"id":103133,"date":"2024-04-25T07:59:08","date_gmt":"2024-04-25T07:59:08","guid":{"rendered":"https:\/\/moto-oprema.com\/Artikel\/spidi-leder-2pc-overalls-dp-progressive-touring-blau\/"},"modified":"2024-04-25T07:59:08","modified_gmt":"2024-04-25T07:59:08","slug":"spidi-leder-2pc-overalls-dp-progressive-touring-blau","status":"publish","type":"product","link":"https:\/\/moto-oprema.com\/de\/Artikel\/spidi-leder-2pc-overalls-dp-progressive-touring-blau\/","title":{"rendered":"SPIDI LEDER 2PC OVERALLS DP-PROGRESSIVE TOURING BLAU"},"content":{"rendered":"<div id=\"tw-target-text-container\" class=\"tw-ta-container tw-nfl\">\n<p>Spidi DP-Progressive Touring 2-teilige Motorrad Lederkombi<\/p>\n<p>Die zweiteilige Spidi DP-Progressive Touring Motorradkombi aus Leder wurde auf der Grundlage von Erfahrungen aus Motorradweltmeisterschaften wie MotoGP und Superbike entwickelt.<\/p>\n<p>Merkmale:<\/p>\n<p>Futter: robustes Netzfutter<br \/>\nKragen mit Neopreneins\u00e4tzen<br \/>\nUnterschenkel aus Komfortmaterial<br \/>\nZiehharmonika-Eins\u00e4tze f\u00fcr eine bessere Passform<br \/>\nhochelastisches Flex-Tenax-Nylon 6.6, extrem abriebfest<br \/>\natmungsaktives Leder<br \/>\nNeopren: elastisches, komfortables und wasserdichtes Material<br \/>\nRindsleder, 1,2\/1,3 mm dick, hohe Sicherheitsleistung<br \/>\nhochwertiges Leder, in Italien gegerbt<br \/>\nHydroback V39 Taschenanordnung<br \/>\nHydroback V40 Strohverstellung<br \/>\nMSC-Mikrometerschieber<br \/>\nd\u00fcnnes Ende<br \/>\nverstellbarer und abnehmbarer Knieschieber<br \/>\nSpezifikationen:<\/p>\n<p>Gewicht: ca. 5,0 kg<br \/>\nGr\u00f6\u00dfen: 46-58<br \/>\nMotorradschutzausr\u00fcstung (UE)2016\/454<br \/>\nPers\u00f6nliche Schutzausr\u00fcstung &#8211; Schutzkleidung f\u00fcr den Motorradgebrauch (Pr En 17092-2:2020 Klasse AAA)<br \/>\nAbnehmbare Force-Tech Ellbogensch\u00fctzer (EN 1621-1:2012)<br \/>\nWarrior Schulter- und Ellbogensch\u00fctzer<br \/>\nWarrior Schultersch\u00fctzer (EN 1621-1 Lev. 1)<br \/>\nangebrachte H\u00fcftpolster (EN 1621-1:2012)<br \/>\nabnehmbare Rennfahrerpolster (EN 1621-1:2012)<\/p>\n<\/div>\n","protected":false},"excerpt":{"rendered":"","protected":false},"featured_media":28374,"comment_status":"open","ping_status":"open","template":"","meta":{"_acf_changed":false},"brand":[2124],"gender":[2168],"product_brand":[],"product_cat":[2175,1357],"product_tag":[],"class_list":{"0":"post-103133","1":"product","2":"type-product","3":"status-publish","4":"has-post-thumbnail","6":"brand-spidi-de","7":"gender-moski-de","8":"product_cat-2-teilige-latzhose","9":"product_cat-ausrustung-fur-motorradfahrer","10":"pa_size-46-de","11":"pa_size-48-de","12":"pa_size-50-de","13":"pa_size-52-de","14":"pa_size-54-de","15":"pa_size-56-de","16":"pa_size-58-de","18":"first","19":"instock","20":"sale","21":"taxable","22":"shipping-taxable","23":"purchasable","24":"product-type-variable"},"acf":[],"_links":{"self":[{"href":"https:\/\/moto-oprema.com\/de\/wp-json\/wp\/v2\/product\/103133","targetHints":{"allow":["GET"]}}],"collection":[{"href":"https:\/\/moto-oprema.com\/de\/wp-json\/wp\/v2\/product"}],"about":[{"href":"https:\/\/moto-oprema.com\/de\/wp-json\/wp\/v2\/types\/product"}],"replies":[{"embeddable":true,"href":"https:\/\/moto-oprema.com\/de\/wp-json\/wp\/v2\/comments?post=103133"}],"wp:featuredmedia":[{"embeddable":true,"href":"https:\/\/moto-oprema.com\/de\/wp-json\/wp\/v2\/media\/28374"}],"wp:attachment":[{"href":"https:\/\/moto-oprema.com\/de\/wp-json\/wp\/v2\/media?parent=103133"}],"wp:term":[{"taxonomy":"brand","embeddable":true,"href":"https:\/\/moto-oprema.com\/de\/wp-json\/wp\/v2\/brand?post=103133"},{"taxonomy":"gender","embeddable":true,"href":"https:\/\/moto-oprema.com\/de\/wp-json\/wp\/v2\/gender?post=103133"},{"taxonomy":"product_brand","embeddable":true,"href":"https:\/\/moto-oprema.com\/de\/wp-json\/wp\/v2\/product_brand?post=103133"},{"taxonomy":"product_cat","embeddable":true,"href":"https:\/\/moto-oprema.com\/de\/wp-json\/wp\/v2\/product_cat?post=103133"},{"taxonomy":"product_tag","embeddable":true,"href":"https:\/\/moto-oprema.com\/de\/wp-json\/wp\/v2\/product_tag?post=103133"}],"curies":[{"name":"wp","href":"https:\/\/api.w.org\/{rel}","templated":true}]}}