{"id":102990,"date":"2024-04-18T08:35:30","date_gmt":"2024-04-18T08:35:30","guid":{"rendered":"https:\/\/moto-oprema.com\/Artikel\/spidi-net-h2out-jacke-schwarz\/"},"modified":"2024-04-18T08:35:30","modified_gmt":"2024-04-18T08:35:30","slug":"spidi-net-h2out-jacke-schwarz","status":"publish","type":"product","link":"https:\/\/moto-oprema.com\/de\/Artikel\/spidi-net-h2out-jacke-schwarz\/","title":{"rendered":"SPIDI NET H2OUT JACKE SCHWARZ"},"content":{"rendered":"<p>Der SPIDI Net H2Out wurde entwickelt, um Motorradfahrern, die in warmen und tropischen Klimazonen unterwegs sind, hervorragenden Schutz zu bieten. Gro\u00dfe Mesh-Eins\u00e4tze in der Mitte des Brustkorbs, der oberen Brust, der Arme und des R\u00fcckens sorgen f\u00fcr eine gute Bel\u00fcftung, die einen direkten Luftstrom erm\u00f6glicht und den Motorradfahrer k\u00fchlt, ohne die Sicherheit zu beeintr\u00e4chtigen. <\/p>\n<p>Die Hauptschale besteht aus hochleistungsf\u00e4higem, dreifach gedrehtem Extra Tenax 6.6-Nylon, das eine ausgezeichnete Abrieb- und Durchstichfestigkeit bietet. Die Net H2Out Jacke ist CE-zertifiziert nach Pr En 17092-3:2020 Klasse A und verf\u00fcgt \u00fcber herausnehmbare Warrior Lite Schulterpolster und Forcetech Ellbogenpolster. Die Jacke verf\u00fcgt \u00fcber die Step-In Wear-Technologie und ist mit einem thermischen und wasserdichten H2Out-Futter ausgestattet, das aus einer Kombination aus atmungsaktiver H2Out-Membran und 80 gr\/m2 Wattierung besteht: Diese Innenjacke bietet eine hervorragende Wasser- und K\u00e4ltebest\u00e4ndigkeit und kann auch allein getragen werden.  <\/p>\n<p>3M\u00ae Scotchlite\u00ae Reflektoren sorgen f\u00fcr eine hervorragende Sichtbarkeit bei Nacht und eine Rei\u00dfverschlussverbindung zwischen Jacke und Hose sorgt f\u00fcr zus\u00e4tzliche Sicherheit. Um sicherzustellen, dass die Jacke vollst\u00e4ndig individuell angepasst werden kann, hat Spidi ein integriertes Ergofit Adjustment System, einen Neoprenkragen f\u00fcr \u00fcberragenden Komfort und elastische Strickb\u00fcndchen, die einfach \u00fcber oder unter den Handschuhen getragen werden k\u00f6nnen. F\u00fcr unerwartete Regeng\u00fcsse gibt es 2 wasserdichte Au\u00dfentaschen.  <\/p>\n<p>100% Polyester<\/p>\n","protected":false},"excerpt":{"rendered":"<p>Der SPIDI Net H2Out wurde entwickelt, um Motorradfahrern, die in warmen und tropischen Klimazonen unterwegs sind,&#8230;<\/p>\n","protected":false},"featured_media":28226,"comment_status":"open","ping_status":"open","template":"","meta":{"_acf_changed":false},"brand":[2124],"gender":[2168],"product_brand":[],"product_cat":[1357,2045,2048],"product_tag":[],"class_list":{"0":"post-102990","1":"product","2":"type-product","3":"status-publish","4":"has-post-thumbnail","6":"brand-spidi-de","7":"gender-moski-de","8":"product_cat-ausrustung-fur-motorradfahrer","9":"product_cat-jakne-de","10":"product_cat-textil-jacken","11":"pa_size-2xl-de","12":"pa_size-3xl-de","13":"pa_size-l-de","14":"pa_size-m-de","15":"pa_size-s-de","16":"pa_size-xl-de","18":"first","19":"instock","20":"sale","21":"taxable","22":"shipping-taxable","23":"purchasable","24":"product-type-variable"},"acf":[],"_links":{"self":[{"href":"https:\/\/moto-oprema.com\/de\/wp-json\/wp\/v2\/product\/102990","targetHints":{"allow":["GET"]}}],"collection":[{"href":"https:\/\/moto-oprema.com\/de\/wp-json\/wp\/v2\/product"}],"about":[{"href":"https:\/\/moto-oprema.com\/de\/wp-json\/wp\/v2\/types\/product"}],"replies":[{"embeddable":true,"href":"https:\/\/moto-oprema.com\/de\/wp-json\/wp\/v2\/comments?post=102990"}],"wp:featuredmedia":[{"embeddable":true,"href":"https:\/\/moto-oprema.com\/de\/wp-json\/wp\/v2\/media\/28226"}],"wp:attachment":[{"href":"https:\/\/moto-oprema.com\/de\/wp-json\/wp\/v2\/media?parent=102990"}],"wp:term":[{"taxonomy":"brand","embeddable":true,"href":"https:\/\/moto-oprema.com\/de\/wp-json\/wp\/v2\/brand?post=102990"},{"taxonomy":"gender","embeddable":true,"href":"https:\/\/moto-oprema.com\/de\/wp-json\/wp\/v2\/gender?post=102990"},{"taxonomy":"product_brand","embeddable":true,"href":"https:\/\/moto-oprema.com\/de\/wp-json\/wp\/v2\/product_brand?post=102990"},{"taxonomy":"product_cat","embeddable":true,"href":"https:\/\/moto-oprema.com\/de\/wp-json\/wp\/v2\/product_cat?post=102990"},{"taxonomy":"product_tag","embeddable":true,"href":"https:\/\/moto-oprema.com\/de\/wp-json\/wp\/v2\/product_tag?post=102990"}],"curies":[{"name":"wp","href":"https:\/\/api.w.org\/{rel}","templated":true}]}}