{"id":102971,"date":"2024-04-18T08:30:52","date_gmt":"2024-04-18T08:30:52","guid":{"rendered":"https:\/\/moto-oprema.com\/Artikel\/spidi-enduro-pro-jacke-rot\/"},"modified":"2024-04-18T08:30:52","modified_gmt":"2024-04-18T08:30:52","slug":"spidi-enduro-pro-jacke-rot","status":"publish","type":"product","link":"https:\/\/moto-oprema.com\/de\/Artikel\/spidi-enduro-pro-jacke-rot\/","title":{"rendered":"SPIDI ENDURO PRO JACKE ROT"},"content":{"rendered":"<p>Der Enduro Pro wurde von SPIDI f\u00fcr den Einsatz im Gel\u00e4nde und bei Abenteuersportarten entwickelt. Die Step-In Armor-Technologie macht ihn mit allen SPIDI-Schutzschichten kompatibel. Er kann auch \u00fcber jede kompatible SPIDI-Hose gezogen werden. <\/p>\n<p>Die aus hochfestem Polyester gefertigte Jacke ist nach EN 17092-5:2020 in Klasse B zertifiziert, was ihre Widerstandsf\u00e4higkeit gegen Abrieb, Schnitte und Risse gew\u00e4hrleistet.<\/p>\n<p>Die SPIDI Enduro Pro ist ein extrem funktionelles Kleidungsst\u00fcck: Wenn sie \u00fcber einer R\u00fcstung getragen wird, k\u00f6nnen die \u00c4rmel leicht abgenommen und in der gro\u00dfen R\u00fcckentasche verstaut werden, w\u00e4hrend die 2 Lufteinl\u00e4sse auf der Brust die Bel\u00fcftung unter allen Bedingungen erh\u00f6hen. Das ErgoFit-System erm\u00f6glicht es Ihnen, die Gr\u00f6\u00dfe der \u00c4rmel, der Seiten und des unteren Teils der Jacke anzupassen. Die elastischen \u00c4rmelb\u00fcndchen in Kombination mit der elastischen Schlaufe sorgen f\u00fcr maximalen Tragekomfort auch im professionellen Offroad-Einsatz.  <\/p>\n<p>Die Sicherheitsausr\u00fcstung umfasst 3M\u00ae reflektierende Elemente, die an 4 Seiten angebracht sind und die passive Sichtbarkeit erh\u00f6hen.<\/p>\n<p>100% Polyester<\/p>\n","protected":false},"excerpt":{"rendered":"<p>Der Enduro Pro wurde von SPIDI f\u00fcr den Einsatz im Gel\u00e4nde und bei Abenteuersportarten entwickelt. Die&#8230;<\/p>\n","protected":false},"featured_media":28191,"comment_status":"open","ping_status":"open","template":"","meta":{"_acf_changed":false},"brand":[2124],"gender":[2168],"product_brand":[],"product_cat":[1357,2045,2048],"product_tag":[],"class_list":{"0":"post-102971","1":"product","2":"type-product","3":"status-publish","4":"has-post-thumbnail","6":"brand-spidi-de","7":"gender-moski-de","8":"product_cat-ausrustung-fur-motorradfahrer","9":"product_cat-jakne-de","10":"product_cat-textil-jacken","11":"pa_size-2xl-de","12":"pa_size-3xl-de","13":"pa_size-l-de","14":"pa_size-m-de","15":"pa_size-s-de","16":"pa_size-xl-de","18":"first","19":"instock","20":"sale","21":"taxable","22":"shipping-taxable","23":"purchasable","24":"product-type-variable"},"acf":[],"_links":{"self":[{"href":"https:\/\/moto-oprema.com\/de\/wp-json\/wp\/v2\/product\/102971","targetHints":{"allow":["GET"]}}],"collection":[{"href":"https:\/\/moto-oprema.com\/de\/wp-json\/wp\/v2\/product"}],"about":[{"href":"https:\/\/moto-oprema.com\/de\/wp-json\/wp\/v2\/types\/product"}],"replies":[{"embeddable":true,"href":"https:\/\/moto-oprema.com\/de\/wp-json\/wp\/v2\/comments?post=102971"}],"wp:featuredmedia":[{"embeddable":true,"href":"https:\/\/moto-oprema.com\/de\/wp-json\/wp\/v2\/media\/28191"}],"wp:attachment":[{"href":"https:\/\/moto-oprema.com\/de\/wp-json\/wp\/v2\/media?parent=102971"}],"wp:term":[{"taxonomy":"brand","embeddable":true,"href":"https:\/\/moto-oprema.com\/de\/wp-json\/wp\/v2\/brand?post=102971"},{"taxonomy":"gender","embeddable":true,"href":"https:\/\/moto-oprema.com\/de\/wp-json\/wp\/v2\/gender?post=102971"},{"taxonomy":"product_brand","embeddable":true,"href":"https:\/\/moto-oprema.com\/de\/wp-json\/wp\/v2\/product_brand?post=102971"},{"taxonomy":"product_cat","embeddable":true,"href":"https:\/\/moto-oprema.com\/de\/wp-json\/wp\/v2\/product_cat?post=102971"},{"taxonomy":"product_tag","embeddable":true,"href":"https:\/\/moto-oprema.com\/de\/wp-json\/wp\/v2\/product_tag?post=102971"}],"curies":[{"name":"wp","href":"https:\/\/api.w.org\/{rel}","templated":true}]}}