{"id":102960,"date":"2024-04-11T08:06:34","date_gmt":"2024-04-11T08:06:34","guid":{"rendered":"https:\/\/moto-oprema.com\/Artikel\/alpinestars-amt-storm-gear-drystar-xf-hose-schwarz\/"},"modified":"2024-04-11T08:06:34","modified_gmt":"2024-04-11T08:06:34","slug":"alpinestars-amt-storm-gear-drystar-xf-hose-schwarz","status":"publish","type":"product","link":"https:\/\/moto-oprema.com\/de\/Artikel\/alpinestars-amt-storm-gear-drystar-xf-hose-schwarz\/","title":{"rendered":"ALPINESTARS AMT STORM GEAR DRYSTAR XF HOSE SCHWARZ"},"content":{"rendered":"<p>Alpinestars AMT Storm Gear Drystar XF Motorrad-Textilhose<\/p>\n<p>Die AMT Storm Gear Drystar\u00aeXF Hose wurde entwickelt, um optimalen Schutz und Komfort bei extrem nassen Wetterbedingungen zu bieten. Sie ist mit der Alpinestars Drystar\u00aeXF Technologie hergestellt, die f\u00fcr hervorragende Wasserdichtigkeit und Atmungsaktivit\u00e4t sorgt. Dank des verstaubaren Designs kann die Hose bei Bedarf verstaut werden, was sie noch vielseitiger macht. <\/p>\n<p>Merkmale:<\/p>\n<p>Drystar\u00ae Mit besonderem Augenmerk auf alle Bereiche, in die Wasser eindringen kann, h\u00e4lt die direkte Verschmelzung des Oberstoffs mit der wasserdichten Membran das Wasser direkt auf der \u00e4u\u00dferen Schicht des Kleidungsst\u00fccks auf, bevor es in die innere Schicht eindringen kann. So wird der Fahrer vollst\u00e4ndig vor nassen Wetterbedingungen gesch\u00fctzt.<br \/>\nHochwertige Stretch-Konstruktion f\u00fcr maximalen Fahrerkomfort, besonders bei l\u00e4ngeren Fahrten<br \/>\nDoppellagige Ripstop-Konstruktion f\u00fcr l\u00e4ngere Haltbarkeit<br \/>\nDurch den vielseitigen Taillenrei\u00dfverschluss kann die Hose mit der AMT Storm Gear Drystar\u00aeXF Jacke kombiniert werden, um einen einteiligen Regenanzug zu schaffen, der bei extremen Bedingungen eine noch bessere Leistung bei nassem Wetter bietet<br \/>\nextra lange und weite Bein\u00f6ffnungen erm\u00f6glichen dem Fahrer ein schnelles und einfaches Anziehen der Hose, ohne die Stiefel anziehen zu m\u00fcssen; dies ist besonders n\u00fctzlich bei pl\u00f6tzlichem Regenguss<br \/>\nStretch-Laminatkonstruktion mit gro\u00dfem Rei\u00dfverschlussbereich und elastischem Saum f\u00fcr eine bessere Passform<br \/>\nversiegelter Rei\u00dfverschluss auf der R\u00fcckseite f\u00fcr maximalen Schutz vor eindringendem Wasser<br \/>\nAbnehmbare Schultergurte f\u00fcr eine optimale Passform und maximalen Radfahrerkomfort, besonders bei langen Fahrten<br \/>\ndurchgehendes Mesh-Futter f\u00fcr maximalen Fahrerkomfort<br \/>\nh\u00f6herer Schnitt im R\u00fccken f\u00fcr mehr Schutz w\u00e4hrend der Fahrt<br \/>\nKlettverschluss in der Taille f\u00fcr eine bessere Passform<\/p>\n<p>Zusammensetzung des Rohmaterials:<br \/>\nHauptmaterial: 90% Polyamid, 10% Elastan; Futter: 100% Polyester<\/p>\n","protected":false},"excerpt":{"rendered":"<p>Alpinestars AMT Storm Gear Drystar XF Motorrad-Textilhose Die AMT Storm Gear Drystar\u00aeXF Hose wurde entwickelt, um&#8230;<\/p>\n","protected":false},"featured_media":28114,"comment_status":"open","ping_status":"open","template":"","meta":{"_acf_changed":false},"brand":[2111],"gender":[],"product_brand":[],"product_cat":[1357,2189,2211],"product_tag":[],"class_list":{"0":"post-102960","1":"product","2":"type-product","3":"status-publish","4":"has-post-thumbnail","6":"brand-alpinestars-de","7":"product_cat-ausrustung-fur-motorradfahrer","8":"product_cat-hose","9":"product_cat-textil-hose","10":"pa_size-2xl-de","11":"pa_size-3xl-de","12":"pa_size-4xl-de","13":"pa_size-l-de","14":"pa_size-m-de","15":"pa_size-s-de","16":"pa_size-xl-de","18":"first","19":"instock","20":"sale","21":"taxable","22":"shipping-taxable","23":"purchasable","24":"product-type-variable"},"acf":[],"_links":{"self":[{"href":"https:\/\/moto-oprema.com\/de\/wp-json\/wp\/v2\/product\/102960","targetHints":{"allow":["GET"]}}],"collection":[{"href":"https:\/\/moto-oprema.com\/de\/wp-json\/wp\/v2\/product"}],"about":[{"href":"https:\/\/moto-oprema.com\/de\/wp-json\/wp\/v2\/types\/product"}],"replies":[{"embeddable":true,"href":"https:\/\/moto-oprema.com\/de\/wp-json\/wp\/v2\/comments?post=102960"}],"wp:featuredmedia":[{"embeddable":true,"href":"https:\/\/moto-oprema.com\/de\/wp-json\/wp\/v2\/media\/28114"}],"wp:attachment":[{"href":"https:\/\/moto-oprema.com\/de\/wp-json\/wp\/v2\/media?parent=102960"}],"wp:term":[{"taxonomy":"brand","embeddable":true,"href":"https:\/\/moto-oprema.com\/de\/wp-json\/wp\/v2\/brand?post=102960"},{"taxonomy":"gender","embeddable":true,"href":"https:\/\/moto-oprema.com\/de\/wp-json\/wp\/v2\/gender?post=102960"},{"taxonomy":"product_brand","embeddable":true,"href":"https:\/\/moto-oprema.com\/de\/wp-json\/wp\/v2\/product_brand?post=102960"},{"taxonomy":"product_cat","embeddable":true,"href":"https:\/\/moto-oprema.com\/de\/wp-json\/wp\/v2\/product_cat?post=102960"},{"taxonomy":"product_tag","embeddable":true,"href":"https:\/\/moto-oprema.com\/de\/wp-json\/wp\/v2\/product_tag?post=102960"}],"curies":[{"name":"wp","href":"https:\/\/api.w.org\/{rel}","templated":true}]}}